{"id":5736,"date":"2024-05-14T14:20:54","date_gmt":"2024-05-14T12:20:54","guid":{"rendered":"https:\/\/www.vla-bag.ch\/produkt\/sofia-notte-nera\/"},"modified":"2026-03-31T14:27:34","modified_gmt":"2026-03-31T12:27:34","slug":"sofia-notte-nera","status":"publish","type":"product","link":"https:\/\/www.vla-bag.ch\/it\/produkt\/sofia-notte-nera\/","title":{"rendered":"Sofia Notte Nera"},"content":{"rendered":"<p><strong>Sofia Notte Nera<\/strong><\/p>\n<p data-start=\"165\" data-end=\"371\">Sofia \u00e8 una borsa crossbody compatta dalla forma pulita e dal design funzionale. Offre spazio per l\u2019essenziale e, grazie alla sua intelligente organizzazione interna, mantiene tutto in ordine e ben visibile. La superficie opaca in pelle di cactus sostenibile \u00e8 piacevole al tatto e dona alla borsa un carattere calmo e moderno. Sofia \u00e8 leggera, versatile e ideale in movimento: nella vita di tutti i giorni, in viaggio o la sera.   <\/p>\n<p data-start=\"602\" data-end=\"699\">Progettata a Zurigo, realizzata a mano in Italia \u2013 prodotta in modo equo con materiali di alta qualit\u00e0.<\/p>\n<p>&nbsp;<\/p>\n<p data-start=\"748\" data-end=\"777\"><strong data-start=\"751\" data-end=\"777\">Produzione &amp; materiale<\/strong><\/p>\n<ul>\n<li data-start=\"779\" data-end=\"907\">Realizzata a mano in un\u2019azienda familiare in Italia<\/li>\n<li data-start=\"779\" data-end=\"907\">Vegano<\/li>\n<li data-start=\"779\" data-end=\"907\">Materiale di supporto sostenibile con superficie in pelle di cactus opaca<\/li>\n<\/ul>\n<p data-start=\"748\" data-end=\"777\"><strong data-start=\"751\" data-end=\"777\">Produzione &amp; materiale<\/strong><\/p>\n<ul>\n<li data-start=\"779\" data-end=\"907\">Realizzata a mano in un\u2019azienda familiare in Italia<\/li>\n<li data-start=\"779\" data-end=\"907\">Vegano<\/li>\n<li data-start=\"779\" data-end=\"907\">Materiale di supporto sostenibile con superficie in pelle di cactus opaca<\/li>\n<\/ul>\n<p data-start=\"1136\" data-end=\"1158\"><strong data-start=\"1139\" data-end=\"1158\">Organizzazione interna<\/strong><\/p>\n<ul>\n<li data-start=\"1160\" data-end=\"1228\">Un grande scomparto principale<\/li>\n<li data-start=\"1160\" data-end=\"1228\">Una tasca interna con zip<\/li>\n<\/ul>\n<p data-start=\"1235\" data-end=\"1257\"><strong data-start=\"1238\" data-end=\"1257\">Dettagli &amp; misure<\/strong><\/p>\n<ul>\n<li data-start=\"1259\" data-end=\"1490\">Elegante fodera nera italiana<\/li>\n<li data-start=\"1259\" data-end=\"1490\">Elementi metallici dorati con rivestimento protettivo<\/li>\n<li data-start=\"1259\" data-end=\"1490\">Chiusura lampo YKK<\/li>\n<li data-start=\"1259\" data-end=\"1490\">Fornito con sacchetto antipolvere<\/li>\n<li data-start=\"1259\" data-end=\"1490\">Peso: borsa 280 g, tracolla 110 g<\/li>\n<li data-start=\"1259\" data-end=\"1490\">Dimensioni: 23 \u00d7 14,5 \u00d7 7,5 cm (L \u00d7 A \u00d7 P)<\/li>\n<\/ul>\n<p><img loading=\"lazy\" decoding=\"async\" class=\"alignnone wp-image-4404 size-medium\" src=\"https:\/\/www.vla-bag.ch\/wp-content\/uploads\/2024\/04\/vla-sofia-crossbody-bag-schwarz-masse-300x194.jpg\" alt=\"\" width=\"300\" height=\"194\" srcset=\"https:\/\/www.vla-bag.ch\/wp-content\/uploads\/2024\/04\/vla-sofia-crossbody-bag-schwarz-masse-300x194.jpg 300w, https:\/\/www.vla-bag.ch\/wp-content\/uploads\/2024\/04\/vla-sofia-crossbody-bag-schwarz-masse-768x497.jpg 768w, https:\/\/www.vla-bag.ch\/wp-content\/uploads\/2024\/04\/vla-sofia-crossbody-bag-schwarz-masse-800x518.jpg 800w, https:\/\/www.vla-bag.ch\/wp-content\/uploads\/2024\/04\/vla-sofia-crossbody-bag-schwarz-masse.jpg 853w\" sizes=\"auto, (max-width: 300px) 100vw, 300px\" \/><\/p>\n","protected":false},"excerpt":{"rendered":"<p>Borsa crossbody compatta per l\u2019essenziale in pelle di cactus di alta qualit\u00e0<\/p>\n","protected":false},"featured_media":4417,"template":"","meta":{"_seopress_robots_primary_cat":"none","_seopress_titles_title":"Borsa Sofia - sostenibile e fatta a mano in Italia | vl\u00e0","_seopress_titles_desc":"Borsa crossbody compatta in pelle di cactus sostenibile nel colore Black Night. Realizzata a mano in Italia - leggera, funzionale ed elegante. 100% vegan.  ","_seopress_robots_index":""},"product_brand":[],"product_cat":[89,75],"product_tag":[],"class_list":{"0":"post-5736","1":"product","2":"type-product","3":"status-publish","4":"has-post-thumbnail","6":"product_cat-borsa-a-tracolla","7":"product_cat-tutte-le-borse","8":"sales-flash-overlay","9":"woocommerce-text-align-left","10":"woocommerce-image-align-center","11":"do-quantity-buttons","13":"first","14":"outofstock","15":"featured","16":"shipping-taxable","17":"purchasable","18":"product-type-simple"},"_links":{"self":[{"href":"https:\/\/www.vla-bag.ch\/it\/wp-json\/wp\/v2\/product\/5736","targetHints":{"allow":["GET"]}}],"collection":[{"href":"https:\/\/www.vla-bag.ch\/it\/wp-json\/wp\/v2\/product"}],"about":[{"href":"https:\/\/www.vla-bag.ch\/it\/wp-json\/wp\/v2\/types\/product"}],"wp:featuredmedia":[{"embeddable":true,"href":"https:\/\/www.vla-bag.ch\/it\/wp-json\/wp\/v2\/media\/4417"}],"wp:attachment":[{"href":"https:\/\/www.vla-bag.ch\/it\/wp-json\/wp\/v2\/media?parent=5736"}],"wp:term":[{"taxonomy":"product_brand","embeddable":true,"href":"https:\/\/www.vla-bag.ch\/it\/wp-json\/wp\/v2\/product_brand?post=5736"},{"taxonomy":"product_cat","embeddable":true,"href":"https:\/\/www.vla-bag.ch\/it\/wp-json\/wp\/v2\/product_cat?post=5736"},{"taxonomy":"product_tag","embeddable":true,"href":"https:\/\/www.vla-bag.ch\/it\/wp-json\/wp\/v2\/product_tag?post=5736"}],"curies":[{"name":"wp","href":"https:\/\/api.w.org\/{rel}","templated":true}]}}