{"id":5725,"date":"2024-04-29T15:00:56","date_gmt":"2024-04-29T13:00:56","guid":{"rendered":"https:\/\/www.vla-bag.ch\/produkt\/alice-notte-nera\/"},"modified":"2026-03-31T14:22:08","modified_gmt":"2026-03-31T12:22:08","slug":"alice-notte-nera","status":"publish","type":"product","link":"https:\/\/www.vla-bag.ch\/it\/produkt\/alice-notte-nera\/","title":{"rendered":"Alice Notte Nera"},"content":{"rendered":"<p><strong>Alice Notte Nera<\/strong><\/p>\n<p data-start=\"250\" data-end=\"459\">Alice \u00e8 la nostra borsa a mezzaluna dalla silhouette elegante e dal design funzionale. Offre spazio per gli oggetti essenziali della giornata e garantisce ordine e organizzazione grazie a una suddivisione interna ben studiata. La superficie opaca in pelle di cactus sostenibile \u00e8 piacevole al tatto e conferisce alla borsa un carattere moderno e raffinato. Alice \u00e8 leggera, elegante e versatile \u2013 ideale per la vita quotidiana, i viaggi o la sera.   <\/p>\n<p data-start=\"683\" data-end=\"780\">Progettata a Zurigo, realizzata a mano in Italia \u2013 prodotta in modo equo con materiali di alta qualit\u00e0.<\/p>\n<p>&nbsp;<\/p>\n<p data-start=\"683\" data-end=\"780\"><strong>Produzione &amp; materiale<\/strong><\/p>\n<ul>\n<li data-start=\"683\" data-end=\"780\">Realizzata a mano in un\u2019azienda familiare in Italia<\/li>\n<li data-start=\"683\" data-end=\"780\">Vegano<\/li>\n<li data-start=\"683\" data-end=\"780\">Materiale di supporto sostenibile con superficie in pelle di cactus opaca<\/li>\n<\/ul>\n<p data-start=\"683\" data-end=\"780\"><strong>Design &amp; comfort<\/strong><\/p>\n<ul>\n<li data-start=\"683\" data-end=\"780\">Forma a mezzaluna leggera per un utilizzo confortevole<\/li>\n<li data-start=\"683\" data-end=\"780\">Lunghezza della tracolla regolabile<\/li>\n<li data-start=\"683\" data-end=\"780\">Tatto piacevole e \u201ccalmo\u201d della superficie opaca<\/li>\n<\/ul>\n<p data-start=\"683\" data-end=\"780\"><strong>Organizzazione interna<\/strong><\/p>\n<ul>\n<li data-start=\"683\" data-end=\"780\">Un grande scomparto principale<\/li>\n<li data-start=\"683\" data-end=\"780\">Una tasca interna con zip<\/li>\n<li data-start=\"683\" data-end=\"780\">Due tasche aperte per telefono e piccoli oggetti<\/li>\n<\/ul>\n<p data-start=\"683\" data-end=\"780\"><strong>Dettagli &amp; misure<\/strong><\/p>\n<ul>\n<li data-start=\"683\" data-end=\"780\">Elegante fodera nera italiana<\/li>\n<li data-start=\"683\" data-end=\"780\">Elementi metallici dorati con rivestimento protettivo<\/li>\n<li data-start=\"683\" data-end=\"780\">Chiusura lampo YKK<\/li>\n<li data-start=\"683\" data-end=\"780\">Fornito con sacchetto antipolvere<\/li>\n<li data-start=\"683\" data-end=\"780\">Peso: borsa 420 g, tracolla 110 g<\/li>\n<li data-start=\"683\" data-end=\"780\">Dimensioni: 26 \u00d7 21 \u00d7 8 cm (L \u00d7 A \u00d7 P)<\/li>\n<\/ul>\n<p><img loading=\"lazy\" decoding=\"async\" class=\"alignnone wp-image-4403 size-medium\" src=\"https:\/\/www.vla-bag.ch\/wp-content\/uploads\/2024\/04\/vla-alice-halbmond-bag-schwarz-masse-300x223.jpg\" alt=\"\" width=\"300\" height=\"223\" srcset=\"https:\/\/www.vla-bag.ch\/wp-content\/uploads\/2024\/04\/vla-alice-halbmond-bag-schwarz-masse-300x223.jpg 300w, https:\/\/www.vla-bag.ch\/wp-content\/uploads\/2024\/04\/vla-alice-halbmond-bag-schwarz-masse-768x572.jpg 768w, https:\/\/www.vla-bag.ch\/wp-content\/uploads\/2024\/04\/vla-alice-halbmond-bag-schwarz-masse-800x596.jpg 800w, https:\/\/www.vla-bag.ch\/wp-content\/uploads\/2024\/04\/vla-alice-halbmond-bag-schwarz-masse.jpg 861w\" sizes=\"auto, (max-width: 300px) 100vw, 300px\" \/><\/p>\n","protected":false},"excerpt":{"rendered":"<p>Borsa crossbody per l\u2019uso quotidiano in pelle di cactus di alta qualit\u00e0<\/p>\n","protected":false},"featured_media":4413,"template":"","meta":{"_seopress_robots_primary_cat":"none","_seopress_titles_title":"Borsa Alice a mezzaluna - sostenibile e fatta a mano in Italia | vl\u00e0","_seopress_titles_desc":"Borsa leggera a mezzaluna in pelle di cactus sostenibile con scomparti interni e tracolla regolabile. Elegante, funzionale e di classe - realizzata a mano in Italia, 100% vegan. ","_seopress_robots_index":""},"product_brand":[],"product_cat":[89,75],"product_tag":[],"class_list":{"0":"post-5725","1":"product","2":"type-product","3":"status-publish","4":"has-post-thumbnail","6":"product_cat-borsa-a-tracolla","7":"product_cat-tutte-le-borse","8":"sales-flash-overlay","9":"woocommerce-text-align-left","10":"woocommerce-image-align-center","11":"do-quantity-buttons","13":"first","14":"instock","15":"featured","16":"shipping-taxable","17":"purchasable","18":"product-type-simple"},"_links":{"self":[{"href":"https:\/\/www.vla-bag.ch\/it\/wp-json\/wp\/v2\/product\/5725","targetHints":{"allow":["GET"]}}],"collection":[{"href":"https:\/\/www.vla-bag.ch\/it\/wp-json\/wp\/v2\/product"}],"about":[{"href":"https:\/\/www.vla-bag.ch\/it\/wp-json\/wp\/v2\/types\/product"}],"wp:featuredmedia":[{"embeddable":true,"href":"https:\/\/www.vla-bag.ch\/it\/wp-json\/wp\/v2\/media\/4413"}],"wp:attachment":[{"href":"https:\/\/www.vla-bag.ch\/it\/wp-json\/wp\/v2\/media?parent=5725"}],"wp:term":[{"taxonomy":"product_brand","embeddable":true,"href":"https:\/\/www.vla-bag.ch\/it\/wp-json\/wp\/v2\/product_brand?post=5725"},{"taxonomy":"product_cat","embeddable":true,"href":"https:\/\/www.vla-bag.ch\/it\/wp-json\/wp\/v2\/product_cat?post=5725"},{"taxonomy":"product_tag","embeddable":true,"href":"https:\/\/www.vla-bag.ch\/it\/wp-json\/wp\/v2\/product_tag?post=5725"}],"curies":[{"name":"wp","href":"https:\/\/api.w.org\/{rel}","templated":true}]}}