{"id":5658,"date":"2022-03-07T17:50:53","date_gmt":"2022-03-07T16:50:53","guid":{"rendered":"https:\/\/www.vla-bag.ch\/produkt\/laura-vino-rosso\/"},"modified":"2026-03-31T15:22:45","modified_gmt":"2026-03-31T13:22:45","slug":"laura-vino-rosso","status":"publish","type":"product","link":"https:\/\/www.vla-bag.ch\/it\/produkt\/laura-vino-rosso\/","title":{"rendered":"Laura Vino Rosso"},"content":{"rendered":"<p><strong>Laura Shopper Vino Rosso<\/strong><\/p>\n<p>Laura conquista con una superficie morbida e leggermente lucida in pelle di cactus sostenibile e un comfort eccezionale. La shopper offre ampio spazio per tutto ci\u00f2 di cui hai bisogno quotidianamente \u2013 elegante, leggera e funzionale. Un ampio scomparto principale, pratici scomparti interni e una chiusura magnetica assicurano ordine e facile accesso. Laura \u00e8 versatile e ti accompagna senza sforzo al lavoro, nella vita di tutti i giorni o in viaggio.   <\/p>\n<p>Progettata a Zurigo, realizzata a mano in Italia \u2013 prodotta in modo equo con materiali di alta qualit\u00e0.<\/p>\n<p>&nbsp;<\/p>\n<p data-section-id=\"6d4mbu\" data-start=\"905\" data-end=\"931\"><strong>Produzione &amp; materiale<\/strong><\/p>\n<ul>\n<li data-start=\"933\" data-end=\"1081\">Realizzata a mano in un\u2019azienda familiare in Italia<\/li>\n<li data-start=\"933\" data-end=\"1081\">Vegano<\/li>\n<li data-start=\"933\" data-end=\"1081\">Materiale di supporto sostenibile con superficie in pelle di cactus morbida e leggermente lucida<\/li>\n<\/ul>\n<p><strong>Design &amp; comfort<\/strong><\/p>\n<ul>\n<li>Sensazione naturale e piacevole al tatto<\/li>\n<li>Due manici (circa 30 cm) \u2013 comodi da portare a spalla<\/li>\n<li>Leggera e flessibile per l&#8217;uso quotidiano<\/li>\n<\/ul>\n<p><strong>Organizzazione interna<\/strong><\/p>\n<ul>\n<li>Ampio scomparto principale<\/li>\n<li>Due scomparti aperti per cellulare o documenti<\/li>\n<li>Uno scomparto con cerniera<\/li>\n<li>Nastro cucito (circa 30 cm) con moschettone per chiavi o accessori<\/li>\n<\/ul>\n<p><strong>Dettagli &amp; misure<\/strong><\/p>\n<ul>\n<li>Chiusura magnetica<\/li>\n<li>Con sacchetto antipolvere in viscosa<\/li>\n<li>Peso: 560 g<\/li>\n<li>Dimensioni: 40 \u00d7 29 \u00d7 20 cm (L \u00d7 A \u00d7 P)<\/li>\n<\/ul>\n<p><img loading=\"lazy\" decoding=\"async\" class=\"alignnone size-medium wp-image-4307\" src=\"https:\/\/www.vla-bag.ch\/wp-content\/uploads\/2023\/10\/vla-shopper-red-masse-1-285x300.jpg\" alt=\"\" width=\"285\" height=\"300\" srcset=\"https:\/\/www.vla-bag.ch\/wp-content\/uploads\/2023\/10\/vla-shopper-red-masse-1-285x300.jpg 285w, https:\/\/www.vla-bag.ch\/wp-content\/uploads\/2023\/10\/vla-shopper-red-masse-1-768x808.jpg 768w, https:\/\/www.vla-bag.ch\/wp-content\/uploads\/2023\/10\/vla-shopper-red-masse-1-800x842.jpg 800w, https:\/\/www.vla-bag.ch\/wp-content\/uploads\/2023\/10\/vla-shopper-red-masse-1.jpg 805w\" sizes=\"auto, (max-width: 285px) 100vw, 285px\" \/><\/p>\n","protected":false},"excerpt":{"rendered":"<p>Capiente per il quotidiano e il lavoro in pelle di cactus di alta qualit\u00e0<\/p>\n","protected":false},"featured_media":3171,"template":"","meta":{"_seopress_robots_primary_cat":"none","_seopress_titles_title":"Laura Shopper Red Wine - sostenibile e fatta a mano in Italia | vl\u00e0","_seopress_titles_desc":"Shopper dal carattere forte realizzata in pelle di cactus sostenibile nel colore Red Wine. Realizzata a mano in Italia - elegante, resistente e prodotta in modo consapevole. 100% vegan.  ","_seopress_robots_index":""},"product_brand":[],"product_cat":[87,75],"product_tag":[],"class_list":{"0":"post-5658","1":"product","2":"type-product","3":"status-publish","4":"has-post-thumbnail","6":"product_cat-shopper-it","7":"product_cat-tutte-le-borse","8":"sales-flash-overlay","9":"woocommerce-text-align-left","10":"woocommerce-image-align-center","11":"do-quantity-buttons","13":"first","14":"instock","15":"shipping-taxable","16":"purchasable","17":"product-type-simple"},"_links":{"self":[{"href":"https:\/\/www.vla-bag.ch\/it\/wp-json\/wp\/v2\/product\/5658","targetHints":{"allow":["GET"]}}],"collection":[{"href":"https:\/\/www.vla-bag.ch\/it\/wp-json\/wp\/v2\/product"}],"about":[{"href":"https:\/\/www.vla-bag.ch\/it\/wp-json\/wp\/v2\/types\/product"}],"wp:featuredmedia":[{"embeddable":true,"href":"https:\/\/www.vla-bag.ch\/it\/wp-json\/wp\/v2\/media\/3171"}],"wp:attachment":[{"href":"https:\/\/www.vla-bag.ch\/it\/wp-json\/wp\/v2\/media?parent=5658"}],"wp:term":[{"taxonomy":"product_brand","embeddable":true,"href":"https:\/\/www.vla-bag.ch\/it\/wp-json\/wp\/v2\/product_brand?post=5658"},{"taxonomy":"product_cat","embeddable":true,"href":"https:\/\/www.vla-bag.ch\/it\/wp-json\/wp\/v2\/product_cat?post=5658"},{"taxonomy":"product_tag","embeddable":true,"href":"https:\/\/www.vla-bag.ch\/it\/wp-json\/wp\/v2\/product_tag?post=5658"}],"curies":[{"name":"wp","href":"https:\/\/api.w.org\/{rel}","templated":true}]}}