{"id":5656,"date":"2022-03-08T12:31:21","date_gmt":"2022-03-08T11:31:21","guid":{"rendered":"https:\/\/www.vla-bag.ch\/produkt\/nina-beige-sabbia\/"},"modified":"2026-03-31T14:55:46","modified_gmt":"2026-03-31T12:55:46","slug":"nina-beige-sabbia","status":"publish","type":"product","link":"https:\/\/www.vla-bag.ch\/it\/produkt\/nina-beige-sabbia\/","title":{"rendered":"Nina Beige Sabbia"},"content":{"rendered":"<p><strong>Nina Borsa a secchiello Beige Sand<\/strong><\/p>\n<p data-start=\"177\" data-end=\"430\">Nina \u00e8 la nostra interpretazione moderna della classica borsa a secchiello \u2013 con un linguaggio formale pulito e un design funzionale. Offre spazio sufficiente per i tuoi essentials quotidiani e garantisce ordine grazie a una suddivisione interna intelligente. La superficie opaca in pelle di cactus sostenibile \u00e8 piacevole al tatto e dona alla borsa un carattere calmo e moderno. Nina \u00e8 versatile e ti accompagna con stile nella vita di tutti i giorni, in viaggio o nel tempo libero.   <\/p>\n<p data-start=\"661\" data-end=\"758\">Progettata a Zurigo, realizzata a mano in Italia \u2013 prodotta in modo equo con materiali di alta qualit\u00e0.<\/p>\n<p>&nbsp;<\/p>\n<p data-start=\"818\" data-end=\"847\"><strong data-start=\"821\" data-end=\"847\">Produzione &amp; materiale<\/strong><\/p>\n<ul>\n<li data-start=\"849\" data-end=\"977\">Realizzata a mano in un\u2019azienda familiare in Italia<\/li>\n<li data-start=\"849\" data-end=\"977\">Vegano<\/li>\n<li data-start=\"849\" data-end=\"977\">Materiale di supporto sostenibile con superficie in pelle di cactus opaca<\/li>\n<\/ul>\n<p data-start=\"984\" data-end=\"1007\"><strong data-start=\"987\" data-end=\"1007\">Design &amp; comfort<\/strong><\/p>\n<ul>\n<li data-start=\"1009\" data-end=\"1193\">Classica borsa a secchiello in chiave moderna<\/li>\n<li data-start=\"1009\" data-end=\"1193\">Tracolla rimovibile e regolabile (max. 60 cm)<\/li>\n<li data-start=\"1009\" data-end=\"1193\">Manico rimovibile<\/li>\n<li data-start=\"1009\" data-end=\"1193\">Struttura morbida per il massimo comfort<\/li>\n<li data-start=\"1009\" data-end=\"1193\">Superficie opaca in pelle di cactus piacevole al tatto<\/li>\n<\/ul>\n<p data-start=\"1200\" data-end=\"1222\"><strong data-start=\"1203\" data-end=\"1222\">Organizzazione interna<\/strong><\/p>\n<ul>\n<li data-start=\"1224\" data-end=\"1319\">Un grande scomparto principale<\/li>\n<li data-start=\"1224\" data-end=\"1319\">Due scomparti aperti per cellulare o documenti<\/li>\n<li data-start=\"1224\" data-end=\"1319\">Uno scomparto con cerniera<\/li>\n<\/ul>\n<p><strong style=\"font-size: inherit;\" data-start=\"1329\" data-end=\"1348\">Dettagli &amp; misure<\/strong><\/p>\n<ul>\n<li data-start=\"1350\" data-end=\"1440\">Con sacchetto antipolvere in viscosa<\/li>\n<li data-start=\"1350\" data-end=\"1440\">Peso: 630 g<\/li>\n<li data-start=\"1350\" data-end=\"1440\">Dimensioni: 28 \u00d7 31 \u00d7 18 cm (L \u00d7 A \u00d7 P)<\/li>\n<\/ul>\n<p><img loading=\"lazy\" decoding=\"async\" class=\"alignnone size-medium wp-image-4303\" src=\"https:\/\/www.vla-bag.ch\/wp-content\/uploads\/2023\/10\/vla-bucket-bag-beige-masse-298x300.jpg\" alt=\"\" width=\"298\" height=\"300\" srcset=\"https:\/\/www.vla-bag.ch\/wp-content\/uploads\/2023\/10\/vla-bucket-bag-beige-masse-298x300.jpg 298w, https:\/\/www.vla-bag.ch\/wp-content\/uploads\/2023\/10\/vla-bucket-bag-beige-masse-150x150.jpg 150w, https:\/\/www.vla-bag.ch\/wp-content\/uploads\/2023\/10\/vla-bucket-bag-beige-masse-768x772.jpg 768w, https:\/\/www.vla-bag.ch\/wp-content\/uploads\/2023\/10\/vla-bucket-bag-beige-masse-100x100.jpg 100w, https:\/\/www.vla-bag.ch\/wp-content\/uploads\/2023\/10\/vla-bucket-bag-beige-masse.jpg 775w\" sizes=\"auto, (max-width: 298px) 100vw, 298px\" \/><\/p>\n","protected":false},"excerpt":{"rendered":"<p data-start=\"675\" data-end=\"756\">Dalla forma pulita per l\u2019uso quotidiano in pelle di cactus di alta qualit\u00e0<\/p>\n","protected":false},"featured_media":3214,"template":"","meta":{"_seopress_robots_primary_cat":"none","_seopress_titles_title":"Nina Bucket Bag Beige Sand - sostenibile e fatta a mano in Italia | vl\u00e0","_seopress_titles_desc":"Moderna borsa a secchiello in pelle di cactus sostenibile di colore beige sabbia. Con maniglia e tracolla - elegante, funzionale e 100% vegan. Realizzata a mano in Italia.  ","_seopress_robots_index":""},"product_brand":[],"product_cat":[85,75],"product_tag":[],"class_list":{"0":"post-5656","1":"product","2":"type-product","3":"status-publish","4":"has-post-thumbnail","6":"product_cat-borsa-a-secchiello","7":"product_cat-tutte-le-borse","8":"sales-flash-overlay","9":"woocommerce-text-align-left","10":"woocommerce-image-align-center","11":"do-quantity-buttons","13":"first","14":"instock","15":"shipping-taxable","16":"purchasable","17":"product-type-simple"},"_links":{"self":[{"href":"https:\/\/www.vla-bag.ch\/it\/wp-json\/wp\/v2\/product\/5656","targetHints":{"allow":["GET"]}}],"collection":[{"href":"https:\/\/www.vla-bag.ch\/it\/wp-json\/wp\/v2\/product"}],"about":[{"href":"https:\/\/www.vla-bag.ch\/it\/wp-json\/wp\/v2\/types\/product"}],"wp:featuredmedia":[{"embeddable":true,"href":"https:\/\/www.vla-bag.ch\/it\/wp-json\/wp\/v2\/media\/3214"}],"wp:attachment":[{"href":"https:\/\/www.vla-bag.ch\/it\/wp-json\/wp\/v2\/media?parent=5656"}],"wp:term":[{"taxonomy":"product_brand","embeddable":true,"href":"https:\/\/www.vla-bag.ch\/it\/wp-json\/wp\/v2\/product_brand?post=5656"},{"taxonomy":"product_cat","embeddable":true,"href":"https:\/\/www.vla-bag.ch\/it\/wp-json\/wp\/v2\/product_cat?post=5656"},{"taxonomy":"product_tag","embeddable":true,"href":"https:\/\/www.vla-bag.ch\/it\/wp-json\/wp\/v2\/product_tag?post=5656"}],"curies":[{"name":"wp","href":"https:\/\/api.w.org\/{rel}","templated":true}]}}