{"id":5648,"date":"2022-03-08T14:04:19","date_gmt":"2022-03-08T13:04:19","guid":{"rendered":"https:\/\/www.vla-bag.ch\/produkt\/vino-rosso-nina\/"},"modified":"2026-03-31T15:03:53","modified_gmt":"2026-03-31T13:03:53","slug":"vino-rosso-nina","status":"publish","type":"product","link":"https:\/\/www.vla-bag.ch\/it\/produkt\/vino-rosso-nina\/","title":{"rendered":"Vino rosso Nina"},"content":{"rendered":"<p><strong>Nina Borsa a Secchiello Vino Rosso<\/strong><\/p>\n<p data-start=\"177\" data-end=\"430\">Nina \u00e8 la nostra interpretazione moderna della classica borsa a secchiello con coulisse \u2013 con linee pulite e un design funzionale. Offre spazio a sufficienza per i tuoi essenziali di ogni giorno e, grazie alla suddivisione interna studiata nei dettagli, garantisce una visione chiara e ordine. La superficie leggermente lucida in pelle di cactus sostenibile \u00e8 piacevole al tatto e dona alla borsa il suo carattere calmo e contemporaneo. Nina si porta in diversi modi e ti accompagna con stile nella quotidianit\u00e0, in viaggio o nel tempo libero.   <\/p>\n<p data-start=\"661\" data-end=\"758\">Progettata a Zurigo, realizzata a mano in Italia \u2013 prodotta in modo equo con materiali di alta qualit\u00e0.<\/p>\n<p>&nbsp;<\/p>\n<p data-start=\"818\" data-end=\"847\"><strong data-start=\"821\" data-end=\"847\">Produzione &amp; materiale<\/strong><\/p>\n<ul>\n<li data-start=\"849\" data-end=\"977\">Realizzata a mano in un\u2019azienda familiare in Italia<\/li>\n<li data-start=\"849\" data-end=\"977\">Vegano<\/li>\n<li data-start=\"849\" data-end=\"977\">Materiale di supporto sostenibile con superficie in pelle di cactus leggermente lucida<\/li>\n<\/ul>\n<p data-start=\"984\" data-end=\"1007\"><strong data-start=\"987\" data-end=\"1007\">Design &amp; comfort<\/strong><\/p>\n<ul>\n<li data-start=\"1009\" data-end=\"1193\">Classica borsa a secchiello in chiave moderna<\/li>\n<li data-start=\"1009\" data-end=\"1193\">Tracolla rimovibile e regolabile (max. 60 cm)<\/li>\n<li data-start=\"1009\" data-end=\"1193\">Manico rimovibile<\/li>\n<li data-start=\"1009\" data-end=\"1193\">Struttura morbida per il massimo comfort<\/li>\n<li data-start=\"1009\" data-end=\"1193\">Superficie in pelle di cactus leggermente lucida e piacevole al tatto<\/li>\n<\/ul>\n<p data-start=\"1200\" data-end=\"1222\"><strong data-start=\"1203\" data-end=\"1222\">Organizzazione interna<\/strong><\/p>\n<ul>\n<li data-start=\"1224\" data-end=\"1319\">Un grande scomparto principale<\/li>\n<li data-start=\"1224\" data-end=\"1319\">Due scomparti aperti per cellulare o documenti<\/li>\n<li data-start=\"1224\" data-end=\"1319\">Uno scomparto con cerniera<\/li>\n<\/ul>\n<p><strong style=\"font-size: inherit;\" data-start=\"1329\" data-end=\"1348\">Dettagli &amp; misure<\/strong><\/p>\n<ul>\n<li data-start=\"1350\" data-end=\"1440\">Con sacchetto antipolvere in viscosa<\/li>\n<li data-start=\"1350\" data-end=\"1440\">Peso: 630 g<\/li>\n<li data-start=\"1350\" data-end=\"1440\">Dimensioni: 28 \u00d7 31 \u00d7 18 cm (L \u00d7 A \u00d7 P)<\/li>\n<\/ul>\n<p><img loading=\"lazy\" decoding=\"async\" class=\"alignnone size-medium wp-image-4304\" src=\"https:\/\/www.vla-bag.ch\/wp-content\/uploads\/2023\/10\/vla-bucket-bag-red-masse-298x300.jpg\" alt=\"\" width=\"298\" height=\"300\" srcset=\"https:\/\/www.vla-bag.ch\/wp-content\/uploads\/2023\/10\/vla-bucket-bag-red-masse-298x300.jpg 298w, https:\/\/www.vla-bag.ch\/wp-content\/uploads\/2023\/10\/vla-bucket-bag-red-masse-150x150.jpg 150w, https:\/\/www.vla-bag.ch\/wp-content\/uploads\/2023\/10\/vla-bucket-bag-red-masse-768x772.jpg 768w, https:\/\/www.vla-bag.ch\/wp-content\/uploads\/2023\/10\/vla-bucket-bag-red-masse-100x100.jpg 100w, https:\/\/www.vla-bag.ch\/wp-content\/uploads\/2023\/10\/vla-bucket-bag-red-masse.jpg 775w\" sizes=\"auto, (max-width: 298px) 100vw, 298px\" \/><\/p>\n","protected":false},"excerpt":{"rendered":"<p>Dalla forma pulita per l\u2019uso quotidiano in pelle di cactus di alta qualit\u00e0<\/p>\n","protected":false},"featured_media":3968,"template":"","meta":{"_seopress_robots_primary_cat":"none","_seopress_titles_title":"Nina Bucket Bag Red Wine - sostenibile e fatta a mano in Italia | vl\u00e0","_seopress_titles_desc":"Borsa a secchiello dal carattere forte in vino rosso - realizzata in pelle di cactus a base vegetale con un interno intelligente. Lavorazione di alta qualit\u00e0 in Italia, 100% vegan. ","_seopress_robots_index":""},"product_brand":[],"product_cat":[85,75],"product_tag":[],"class_list":{"0":"post-5648","1":"product","2":"type-product","3":"status-publish","4":"has-post-thumbnail","6":"product_cat-borsa-a-secchiello","7":"product_cat-tutte-le-borse","8":"sales-flash-overlay","9":"woocommerce-text-align-left","10":"woocommerce-image-align-center","11":"do-quantity-buttons","13":"first","14":"outofstock","15":"sold-individually","16":"shipping-taxable","17":"purchasable","18":"product-type-simple"},"_links":{"self":[{"href":"https:\/\/www.vla-bag.ch\/it\/wp-json\/wp\/v2\/product\/5648","targetHints":{"allow":["GET"]}}],"collection":[{"href":"https:\/\/www.vla-bag.ch\/it\/wp-json\/wp\/v2\/product"}],"about":[{"href":"https:\/\/www.vla-bag.ch\/it\/wp-json\/wp\/v2\/types\/product"}],"wp:featuredmedia":[{"embeddable":true,"href":"https:\/\/www.vla-bag.ch\/it\/wp-json\/wp\/v2\/media\/3968"}],"wp:attachment":[{"href":"https:\/\/www.vla-bag.ch\/it\/wp-json\/wp\/v2\/media?parent=5648"}],"wp:term":[{"taxonomy":"product_brand","embeddable":true,"href":"https:\/\/www.vla-bag.ch\/it\/wp-json\/wp\/v2\/product_brand?post=5648"},{"taxonomy":"product_cat","embeddable":true,"href":"https:\/\/www.vla-bag.ch\/it\/wp-json\/wp\/v2\/product_cat?post=5648"},{"taxonomy":"product_tag","embeddable":true,"href":"https:\/\/www.vla-bag.ch\/it\/wp-json\/wp\/v2\/product_tag?post=5648"}],"curies":[{"name":"wp","href":"https:\/\/api.w.org\/{rel}","templated":true}]}}