{"id":5644,"date":"2022-03-09T14:57:04","date_gmt":"2022-03-09T13:57:04","guid":{"rendered":"https:\/\/www.vla-bag.ch\/produkt\/gaia-beige-sabbia\/"},"modified":"2026-03-31T16:25:01","modified_gmt":"2026-03-31T14:25:01","slug":"gaia-beige-sabbia","status":"publish","type":"product","link":"https:\/\/www.vla-bag.ch\/it\/produkt\/gaia-beige-sabbia\/","title":{"rendered":"Gaia Beige Sabbia"},"content":{"rendered":"<p><strong>Zaino Gaia Beige Sand<\/strong><\/p>\n<p data-start=\"233\" data-end=\"441\">Gaia \u00e8 uno zaino minimalista con linee pulite e un design funzionale. Offre ampio spazio per la tua quotidianit\u00e0 e, grazie a una disposizione interna ben studiata, garantisce ordine e organizzazione. La superficie opaca in pelle di cactus sostenibile \u00e8 piacevole al tatto e conferisce allo zaino il suo carattere sobrio e moderno. Grazie agli spallacci riponibili, Gaia si trasforma facilmente da zaino a borsa e si adatta senza sforzo alla tua quotidianit\u00e0, ai viaggi o alle situazioni urbane.   <\/p>\n<p data-start=\"726\" data-end=\"823\">Progettata a Zurigo, realizzata a mano in Italia \u2013 prodotta in modo equo con materiali di alta qualit\u00e0.<\/p>\n<p>&nbsp;<\/p>\n<p data-start=\"872\" data-end=\"901\"><strong data-start=\"875\" data-end=\"901\">Produzione &amp; materiale<\/strong><\/p>\n<ul>\n<li data-start=\"903\" data-end=\"1031\">Realizzata a mano in un\u2019azienda familiare in Italia<\/li>\n<li data-start=\"903\" data-end=\"1031\">Vegano<\/li>\n<li data-start=\"903\" data-end=\"1031\">Materiale di supporto sostenibile con superficie in pelle di cactus opaca<\/li>\n<\/ul>\n<p data-start=\"1038\" data-end=\"1061\"><strong data-start=\"1041\" data-end=\"1061\">Design &amp; comfort<\/strong><\/p>\n<ul>\n<li data-start=\"1063\" data-end=\"1308\">Zaino minimalista per la quotidianit\u00e0 e i viaggi<\/li>\n<li data-start=\"1063\" data-end=\"1308\">Due manici per un trasporto versatile<\/li>\n<li data-start=\"1063\" data-end=\"1308\">Spallacci regolabili, indossabile su entrambi i lati<\/li>\n<li data-start=\"1063\" data-end=\"1308\">Spallacci riponibili per un utilizzo versatile<\/li>\n<li data-start=\"1063\" data-end=\"1308\">Superficie opaca in pelle di cactus piacevole al tatto<\/li>\n<\/ul>\n<p data-start=\"1315\" data-end=\"1337\"><strong data-start=\"1318\" data-end=\"1337\">Organizzazione interna<\/strong><\/p>\n<ul>\n<li data-start=\"1339\" data-end=\"1465\">Un grande scomparto principale<\/li>\n<li data-start=\"1339\" data-end=\"1465\">Due scomparti aperti per cellulare o documenti<\/li>\n<li data-start=\"1339\" data-end=\"1465\">Uno scomparto con cerniera<\/li>\n<li data-start=\"1339\" data-end=\"1465\">Spazio per un laptop fino a 15\u2033<\/li>\n<\/ul>\n<p data-start=\"1472\" data-end=\"1494\"><strong data-start=\"1475\" data-end=\"1494\">Dettagli &amp; misure<\/strong><\/p>\n<ul>\n<li data-start=\"1496\" data-end=\"1725\">Tasca esterna con chiusura magnetica per riporre gli spallacci<\/li>\n<li data-start=\"1496\" data-end=\"1725\">Superficie idrorepellente (non richiede impregnazione)<\/li>\n<li data-start=\"1496\" data-end=\"1725\">Con sacchetto antipolvere in viscosa<\/li>\n<li data-start=\"1496\" data-end=\"1725\">Peso: 950 g<\/li>\n<li data-start=\"1496\" data-end=\"1725\">Dimensioni: 36 \u00d7 39 \u00d7 19 cm (L \u00d7 A \u00d7 P)<\/li>\n<\/ul>\n<p><img loading=\"lazy\" decoding=\"async\" class=\"alignnone size-medium wp-image-4313\" src=\"https:\/\/www.vla-bag.ch\/wp-content\/uploads\/2022\/03\/vla-rucksack-beige-masse-300x280.jpg\" alt=\"\" width=\"300\" height=\"280\" srcset=\"https:\/\/www.vla-bag.ch\/wp-content\/uploads\/2022\/03\/vla-rucksack-beige-masse-300x280.jpg 300w, https:\/\/www.vla-bag.ch\/wp-content\/uploads\/2022\/03\/vla-rucksack-beige-masse-768x717.jpg 768w, https:\/\/www.vla-bag.ch\/wp-content\/uploads\/2022\/03\/vla-rucksack-beige-masse-800x747.jpg 800w, https:\/\/www.vla-bag.ch\/wp-content\/uploads\/2022\/03\/vla-rucksack-beige-masse.jpg 914w\" sizes=\"auto, (max-width: 300px) 100vw, 300px\" \/><\/p>\n","protected":false},"excerpt":{"rendered":"<p data-start=\"196\" data-end=\"282\">Progettato con cura e versatile per il quotidiano e i viaggi in pelle di cactus di alta qualit\u00e0<\/p>\n","protected":false},"featured_media":3229,"template":"","meta":{"_seopress_robots_primary_cat":"none","_seopress_titles_title":"Zaino Gaia beige sabbia - sostenibile e fatto a mano in Italia | vl\u00e0","_seopress_titles_desc":"Zaino leggero in pelle di cactus sostenibile di colore beige sabbia. Versatile, urbano ed elegante - fatto a mano in Italia, 100% vegan. ","_seopress_robots_index":""},"product_brand":[],"product_cat":[75,83],"product_tag":[],"class_list":{"0":"post-5644","1":"product","2":"type-product","3":"status-publish","4":"has-post-thumbnail","6":"product_cat-tutte-le-borse","7":"product_cat-zaino","8":"sales-flash-overlay","9":"woocommerce-text-align-left","10":"woocommerce-image-align-center","11":"do-quantity-buttons","13":"first","14":"instock","15":"shipping-taxable","16":"purchasable","17":"product-type-simple"},"_links":{"self":[{"href":"https:\/\/www.vla-bag.ch\/it\/wp-json\/wp\/v2\/product\/5644","targetHints":{"allow":["GET"]}}],"collection":[{"href":"https:\/\/www.vla-bag.ch\/it\/wp-json\/wp\/v2\/product"}],"about":[{"href":"https:\/\/www.vla-bag.ch\/it\/wp-json\/wp\/v2\/types\/product"}],"wp:featuredmedia":[{"embeddable":true,"href":"https:\/\/www.vla-bag.ch\/it\/wp-json\/wp\/v2\/media\/3229"}],"wp:attachment":[{"href":"https:\/\/www.vla-bag.ch\/it\/wp-json\/wp\/v2\/media?parent=5644"}],"wp:term":[{"taxonomy":"product_brand","embeddable":true,"href":"https:\/\/www.vla-bag.ch\/it\/wp-json\/wp\/v2\/product_brand?post=5644"},{"taxonomy":"product_cat","embeddable":true,"href":"https:\/\/www.vla-bag.ch\/it\/wp-json\/wp\/v2\/product_cat?post=5644"},{"taxonomy":"product_tag","embeddable":true,"href":"https:\/\/www.vla-bag.ch\/it\/wp-json\/wp\/v2\/product_tag?post=5644"}],"curies":[{"name":"wp","href":"https:\/\/api.w.org\/{rel}","templated":true}]}}