{"id":5641,"date":"2022-03-09T15:49:28","date_gmt":"2022-03-09T14:49:28","guid":{"rendered":"https:\/\/www.vla-bag.ch\/produkt\/dario-notte-nera\/"},"modified":"2026-03-31T15:28:52","modified_gmt":"2026-03-31T13:28:52","slug":"dario-notte-nera","status":"publish","type":"product","link":"https:\/\/www.vla-bag.ch\/it\/produkt\/dario-notte-nera\/","title":{"rendered":"Dario Notte Nera"},"content":{"rendered":"<p><strong>Borsa Dario Weekend Notte Nera<br \/>\n<\/strong><\/p>\n<p data-start=\"214\" data-end=\"466\">Dario \u00e8 il nostro borsone da weekend dal design essenziale e dalla struttura studiata. Offre ampio spazio per tutto ci\u00f2 che ti serve per brevi viaggi, garantendo ordine grazie all&#8217;organizzazione interna funzionale. La superficie opaca in pelle di cactus sostenibile \u00e8 piacevole al tatto e dona alla borsa un carattere moderno. Dario \u00e8 capiente, versatile e affidabile: ideale per viaggi, sport o tempo libero.   <\/p>\n<p data-start=\"694\" data-end=\"791\">Progettata a Zurigo, realizzata a mano in Italia \u2013 prodotta in modo equo con materiali di alta qualit\u00e0.<\/p>\n<p>&nbsp;<\/p>\n<p data-start=\"840\" data-end=\"869\"><strong data-start=\"843\" data-end=\"869\">Produzione &amp; materiale<\/strong><\/p>\n<ul>\n<li data-start=\"871\" data-end=\"999\">Realizzata a mano in un\u2019azienda familiare in Italia<\/li>\n<li data-start=\"871\" data-end=\"999\">Vegano<\/li>\n<li data-start=\"871\" data-end=\"999\">Materiale di supporto sostenibile con superficie in pelle di cactus opaca<\/li>\n<\/ul>\n<p data-start=\"1006\" data-end=\"1029\"><strong data-start=\"1009\" data-end=\"1029\">Design &amp; comfort<\/strong><\/p>\n<ul>\n<li data-start=\"1031\" data-end=\"1240\">Due manici per un trasporto versatile<\/li>\n<li data-start=\"1031\" data-end=\"1240\">Tracolla in tessuto rimovibile e regolabile con inserto in pelle di cactus<\/li>\n<li data-start=\"1031\" data-end=\"1240\">Struttura morbida per il massimo comfort<\/li>\n<li data-start=\"1031\" data-end=\"1240\">Superficie opaca in pelle di cactus piacevole al tatto<\/li>\n<\/ul>\n<p data-start=\"1247\" data-end=\"1269\"><strong data-start=\"1250\" data-end=\"1269\">Organizzazione interna<\/strong><\/p>\n<ul>\n<li data-start=\"1271\" data-end=\"1444\">Un grande scomparto principale<\/li>\n<li data-start=\"1271\" data-end=\"1444\">Tre scomparti aperti per smartphone o documenti<\/li>\n<li data-start=\"1271\" data-end=\"1444\">Due tasche con cerniera<\/li>\n<li data-start=\"1271\" data-end=\"1444\">La cerniera laterale ampia permette un facile accesso<\/li>\n<\/ul>\n<p data-start=\"1451\" data-end=\"1473\"><strong data-start=\"1454\" data-end=\"1473\">Dettagli &amp; misure<\/strong><\/p>\n<ul>\n<li>Piedini in metallo per proteggere la borsa<\/li>\n<li>Con sacchetto antipolvere in viscosa<\/li>\n<li>Peso: 950 g<\/li>\n<li>Dimensioni: 48 \u00d7 31 \u00d7 23 cm (L \u00d7 A \u00d7 P)<\/li>\n<\/ul>\n<p><img loading=\"lazy\" decoding=\"async\" class=\"alignnone size-medium wp-image-4309\" src=\"https:\/\/www.vla-bag.ch\/wp-content\/uploads\/2023\/10\/vla-weekender-black-masse-300x234.jpg\" alt=\"\" width=\"300\" height=\"234\" srcset=\"https:\/\/www.vla-bag.ch\/wp-content\/uploads\/2023\/10\/vla-weekender-black-masse-300x234.jpg 300w, https:\/\/www.vla-bag.ch\/wp-content\/uploads\/2023\/10\/vla-weekender-black-masse-768x598.jpg 768w, https:\/\/www.vla-bag.ch\/wp-content\/uploads\/2023\/10\/vla-weekender-black-masse-800x623.jpg 800w, https:\/\/www.vla-bag.ch\/wp-content\/uploads\/2023\/10\/vla-weekender-black-masse.jpg 921w\" sizes=\"auto, (max-width: 300px) 100vw, 300px\" \/><\/p>\n","protected":false},"excerpt":{"rendered":"<p>Per brevi viaggi, fine settimana e sport in pelle di cactus di alta qualit\u00e0<\/p>\n","protected":false},"featured_media":3237,"template":"","meta":{"_seopress_robots_primary_cat":"none","_seopress_titles_title":"Dario Weekend Bag Black Night - sostenibile e fatta a mano in Italia | vl\u00e0","_seopress_titles_desc":"Borsa da weekend realizzata in pelle di cactus sostenibile nel colore Black Night. Spaziosa, elegante e funzionale, ideale per brevi viaggi. Realizzata a mano in Italia, 100% vegan.  ","_seopress_robots_index":""},"product_brand":[],"product_cat":[81,75],"product_tag":[],"class_list":{"0":"post-5641","1":"product","2":"type-product","3":"status-publish","4":"has-post-thumbnail","6":"product_cat-borsa-per-il-weekend","7":"product_cat-tutte-le-borse","8":"sales-flash-overlay","9":"woocommerce-text-align-left","10":"woocommerce-image-align-center","11":"do-quantity-buttons","13":"first","14":"instock","15":"shipping-taxable","16":"purchasable","17":"product-type-simple"},"_links":{"self":[{"href":"https:\/\/www.vla-bag.ch\/it\/wp-json\/wp\/v2\/product\/5641","targetHints":{"allow":["GET"]}}],"collection":[{"href":"https:\/\/www.vla-bag.ch\/it\/wp-json\/wp\/v2\/product"}],"about":[{"href":"https:\/\/www.vla-bag.ch\/it\/wp-json\/wp\/v2\/types\/product"}],"wp:featuredmedia":[{"embeddable":true,"href":"https:\/\/www.vla-bag.ch\/it\/wp-json\/wp\/v2\/media\/3237"}],"wp:attachment":[{"href":"https:\/\/www.vla-bag.ch\/it\/wp-json\/wp\/v2\/media?parent=5641"}],"wp:term":[{"taxonomy":"product_brand","embeddable":true,"href":"https:\/\/www.vla-bag.ch\/it\/wp-json\/wp\/v2\/product_brand?post=5641"},{"taxonomy":"product_cat","embeddable":true,"href":"https:\/\/www.vla-bag.ch\/it\/wp-json\/wp\/v2\/product_cat?post=5641"},{"taxonomy":"product_tag","embeddable":true,"href":"https:\/\/www.vla-bag.ch\/it\/wp-json\/wp\/v2\/product_tag?post=5641"}],"curies":[{"name":"wp","href":"https:\/\/api.w.org\/{rel}","templated":true}]}}