{"id":5626,"date":"2022-07-14T15:50:48","date_gmt":"2022-07-14T13:50:48","guid":{"rendered":"https:\/\/www.vla-bag.ch\/produkt\/andrea-notte-nera\/"},"modified":"2026-03-31T16:06:31","modified_gmt":"2026-03-31T14:06:31","slug":"andrea-notte-nera","status":"publish","type":"product","link":"https:\/\/www.vla-bag.ch\/it\/produkt\/andrea-notte-nera\/","title":{"rendered":"Andrea Notte Nera"},"content":{"rendered":"<p><strong>Andrea Clutch Nero Notte<\/strong><\/p>\n<p data-start=\"215\" data-end=\"404\">Andrea \u00e8 una clutch elegante dalla forma pulita e dal design funzionale. Offre spazio per l&#8217;essenziale e, grazie alla sua organizzazione interna ben studiata, garantisce ordine e chiarezza. La superficie opaca in pelle di cactus sostenibile \u00e8 piacevole al tatto e conferisce alla borsa il suo carattere sobrio e moderno. Andrea \u00e8 leggera, versatile e flessibile \u2013 pu\u00f2 essere usata come borsa a s\u00e9 stante o come elegante complemento per la tua shopper, lo zaino o la borsa da weekend.   <\/p>\n<p data-start=\"692\" data-end=\"789\">Progettata a Zurigo, realizzata a mano in Italia \u2013 prodotta in modo equo con materiali di alta qualit\u00e0.<\/p>\n<p>&nbsp;<\/p>\n<p data-start=\"838\" data-end=\"867\"><strong data-start=\"841\" data-end=\"867\">Produzione &amp; materiale<\/strong><\/p>\n<ul>\n<li data-start=\"869\" data-end=\"997\">Realizzata a mano in un\u2019azienda familiare in Italia<\/li>\n<li data-start=\"869\" data-end=\"997\">Vegano<\/li>\n<li data-start=\"869\" data-end=\"997\">Materiale di supporto sostenibile con superficie in pelle di cactus opaca<\/li>\n<\/ul>\n<p data-start=\"1004\" data-end=\"1027\"><strong data-start=\"1007\" data-end=\"1027\">Design &amp; comfort<\/strong><\/p>\n<ul>\n<li data-start=\"1029\" data-end=\"1209\">Clutch leggera e compatta per i tuoi spostamenti.<\/li>\n<li data-start=\"1029\" data-end=\"1209\">Cinturino da polso (ca. 18 cm) con moschettone.<\/li>\n<li data-start=\"1029\" data-end=\"1209\">Struttura morbida per il massimo comfort<\/li>\n<li data-start=\"1029\" data-end=\"1209\">Superficie opaca in pelle di cactus piacevole al tatto<\/li>\n<\/ul>\n<p data-start=\"1216\" data-end=\"1238\"><strong data-start=\"1219\" data-end=\"1238\">Organizzazione interna<\/strong><\/p>\n<ul>\n<li data-start=\"1240\" data-end=\"1327\">Uno scomparto principale.<\/li>\n<li data-start=\"1240\" data-end=\"1327\">Uno scomparto con cerniera<\/li>\n<li data-start=\"1240\" data-end=\"1327\">Due scomparti aperti per cellulare o documenti<\/li>\n<\/ul>\n<p data-start=\"1334\" data-end=\"1356\"><strong data-start=\"1337\" data-end=\"1356\">Dettagli &amp; misure<\/strong><\/p>\n<ul>\n<li data-start=\"1358\" data-end=\"1524\">Chiusura a zip<\/li>\n<li data-start=\"1358\" data-end=\"1524\">Si adatta perfettamente alla shopper, allo zaino o alla borsa da weekend vl\u00e0.<\/li>\n<li data-start=\"1358\" data-end=\"1524\">Con sacchetto antipolvere in viscosa<\/li>\n<li data-start=\"1358\" data-end=\"1524\">Peso: 80 g<\/li>\n<li data-start=\"1358\" data-end=\"1524\">Dimensioni: 29,5 \u00d7 18 \u00d7 2 cm (L \u00d7 A \u00d7 P)<\/li>\n<\/ul>\n<p><img loading=\"lazy\" decoding=\"async\" class=\"alignnone size-medium wp-image-4299\" src=\"https:\/\/www.vla-bag.ch\/wp-content\/uploads\/2023\/10\/vla-clutch-black-masse-300x182.jpg\" alt=\"\" width=\"300\" height=\"182\" srcset=\"https:\/\/www.vla-bag.ch\/wp-content\/uploads\/2023\/10\/vla-clutch-black-masse-300x182.jpg 300w, https:\/\/www.vla-bag.ch\/wp-content\/uploads\/2023\/10\/vla-clutch-black-masse-768x467.jpg 768w, https:\/\/www.vla-bag.ch\/wp-content\/uploads\/2023\/10\/vla-clutch-black-masse-800x486.jpg 800w, https:\/\/www.vla-bag.ch\/wp-content\/uploads\/2023\/10\/vla-clutch-black-masse.jpg 841w\" sizes=\"auto, (max-width: 300px) 100vw, 300px\" \/><\/p>\n","protected":false},"excerpt":{"rendered":"<p data-start=\"417\" data-end=\"502\">Leggera e versatile per la sera e in movimento in pelle di cactus di alta qualit\u00e0<\/p>\n","protected":false},"featured_media":3935,"template":"","meta":{"_seopress_robots_primary_cat":"none","_seopress_titles_title":"Andrea Clutch Black Night - sostenibile e fatta a mano in Italia | vl\u00e0","_seopress_titles_desc":"Elegante pochette realizzata in pelle di cactus sostenibile nel colore Black Night - ideale per i viaggi o come inserto nelle borse vl\u00e0 pi\u00f9 grandi. Realizzata a mano in Italia, 100% vegan. ","_seopress_robots_index":""},"product_brand":[],"product_cat":[77,75],"product_tag":[],"class_list":{"0":"post-5626","1":"product","2":"type-product","3":"status-publish","4":"has-post-thumbnail","6":"product_cat-frizione","7":"product_cat-tutte-le-borse","8":"sales-flash-overlay","9":"woocommerce-text-align-left","10":"woocommerce-image-align-center","11":"do-quantity-buttons","13":"first","14":"instock","15":"shipping-taxable","16":"purchasable","17":"product-type-simple"},"_links":{"self":[{"href":"https:\/\/www.vla-bag.ch\/it\/wp-json\/wp\/v2\/product\/5626","targetHints":{"allow":["GET"]}}],"collection":[{"href":"https:\/\/www.vla-bag.ch\/it\/wp-json\/wp\/v2\/product"}],"about":[{"href":"https:\/\/www.vla-bag.ch\/it\/wp-json\/wp\/v2\/types\/product"}],"wp:featuredmedia":[{"embeddable":true,"href":"https:\/\/www.vla-bag.ch\/it\/wp-json\/wp\/v2\/media\/3935"}],"wp:attachment":[{"href":"https:\/\/www.vla-bag.ch\/it\/wp-json\/wp\/v2\/media?parent=5626"}],"wp:term":[{"taxonomy":"product_brand","embeddable":true,"href":"https:\/\/www.vla-bag.ch\/it\/wp-json\/wp\/v2\/product_brand?post=5626"},{"taxonomy":"product_cat","embeddable":true,"href":"https:\/\/www.vla-bag.ch\/it\/wp-json\/wp\/v2\/product_cat?post=5626"},{"taxonomy":"product_tag","embeddable":true,"href":"https:\/\/www.vla-bag.ch\/it\/wp-json\/wp\/v2\/product_tag?post=5626"}],"curies":[{"name":"wp","href":"https:\/\/api.w.org\/{rel}","templated":true}]}}