{"id":5616,"date":"2024-04-26T16:17:51","date_gmt":"2024-04-26T14:17:51","guid":{"rendered":"https:\/\/www.vla-bag.ch\/produkt\/carlotta-notte-nera\/"},"modified":"2026-03-31T14:12:39","modified_gmt":"2026-03-31T12:12:39","slug":"carlotta-notte-nera","status":"publish","type":"product","link":"https:\/\/www.vla-bag.ch\/it\/produkt\/carlotta-notte-nera\/","title":{"rendered":"Carlotta Notte Nera"},"content":{"rendered":"<p><strong>Borsa Carlotta Business Notte Nera<\/strong><\/p>\n<p>Carlotta unisce eleganza senza tempo e funzionalit\u00e0. La business bag offre <strong>spazio per il tuo laptop da 14\u2033<\/strong> e tutto ci\u00f2 che ti serve per la giornata. Un ampio scomparto principale e pratiche tasche interne assicurano ordine e chiarezza. La superficie opaca in pelle di cactus sostenibile \u00e8 piacevole al tatto e dona alla borsa un carattere calmo e moderno. Carlotta \u00e8 leggera, elegante e versatile. Ideale per lavoro, meeting e la vita di tutti i giorni in citt\u00e0.     <\/p>\n<p>Progettata a Zurigo, realizzata a mano in Italia \u2013 prodotta in modo equo con materiali di alta qualit\u00e0.<\/p>\n<p>&nbsp;<\/p>\n<p><strong>Produzione &amp; materiale<br \/>\n<\/strong><\/p>\n<ul>\n<li>Realizzata a mano in un\u2019azienda familiare in Italia<\/li>\n<li>Vegano<\/li>\n<li>Materiale di supporto sostenibile con superficie in pelle di cactus opaca<\/li>\n<\/ul>\n<p><strong>Design &amp; comfort<\/strong><\/p>\n<ul>\n<li>Da portare a spalla o a mano<\/li>\n<li>Tatto piacevole e \u201ccalmo\u201d della superficie opaca<\/li>\n<li>Stabilit\u00e0 grazie alla forma strutturata<\/li>\n<\/ul>\n<p><strong>Organizzazione interna<\/strong><\/p>\n<ul>\n<li>Spazio per un laptop da 14\u2033<\/li>\n<li>Due grandi scomparti principali<\/li>\n<li>Uno scomparto con zip al centro e un altro sul lato<\/li>\n<li>Due scomparti aperti per il cellulare o il mouse del computer<\/li>\n<\/ul>\n<p><strong>Dettagli &amp; misure<\/strong><\/p>\n<ul>\n<li>Altezza manici: 20 cm<\/li>\n<li>Elegante fodera nera italiana<\/li>\n<li>Parti metalliche dorate con strato protettivo \u2013 tutti i componenti provengono dall\u2019Italia<\/li>\n<li>Chiusura lampo YKK<\/li>\n<li>Piedini in metallo per proteggere la borsa<\/li>\n<li>Fornito con sacchetto antipolvere<\/li>\n<li>Peso: 1020 g<\/li>\n<li>Dimensioni: 40 \u00d7 27,5 \u00d7 16 cm (L \u00d7 A \u00d7 P)<\/li>\n<\/ul>\n<p><img loading=\"lazy\" decoding=\"async\" class=\"alignnone wp-image-4402 size-medium\" src=\"https:\/\/www.vla-bag.ch\/wp-content\/uploads\/2024\/04\/vla-carlotta-business-bag-schwarz-masse-300x298.jpg\" alt=\"\" width=\"300\" height=\"298\" srcset=\"https:\/\/www.vla-bag.ch\/wp-content\/uploads\/2024\/04\/vla-carlotta-business-bag-schwarz-masse-300x298.jpg 300w, https:\/\/www.vla-bag.ch\/wp-content\/uploads\/2024\/04\/vla-carlotta-business-bag-schwarz-masse-150x150.jpg 150w, https:\/\/www.vla-bag.ch\/wp-content\/uploads\/2024\/04\/vla-carlotta-business-bag-schwarz-masse-768x763.jpg 768w, https:\/\/www.vla-bag.ch\/wp-content\/uploads\/2024\/04\/vla-carlotta-business-bag-schwarz-masse-800x795.jpg 800w, https:\/\/www.vla-bag.ch\/wp-content\/uploads\/2024\/04\/vla-carlotta-business-bag-schwarz-masse-100x100.jpg 100w, https:\/\/www.vla-bag.ch\/wp-content\/uploads\/2024\/04\/vla-carlotta-business-bag-schwarz-masse.jpg 881w\" sizes=\"auto, (max-width: 300px) 100vw, 300px\" \/><\/p>\n","protected":false},"excerpt":{"rendered":"<p>Business bag per laptop e tutto l\u2019essenziale in pelle di cactus di alta qualit\u00e0r<\/p>\n","protected":false},"featured_media":4408,"template":"","meta":{"_seopress_robots_primary_cat":"none","_seopress_titles_title":"Borsa da lavoro Carlotta - sostenibile e fatta a mano in Italia | vl\u00e0","_seopress_titles_desc":"Borsa business in pelle di cactus sostenibile con spazio per un laptop da 14\u2033. Funzionale, elegante e di alta qualit\u00e0 - realizzata a mano in Italia, 100% vegan. ","_seopress_robots_index":""},"product_brand":[],"product_cat":[74,75],"product_tag":[],"class_list":{"0":"post-5616","1":"product","2":"type-product","3":"status-publish","4":"has-post-thumbnail","6":"product_cat-borsa-da-lavoro","7":"product_cat-tutte-le-borse","8":"sales-flash-overlay","9":"woocommerce-text-align-left","10":"woocommerce-image-align-center","11":"do-quantity-buttons","13":"first","14":"instock","15":"featured","16":"shipping-taxable","17":"purchasable","18":"product-type-simple"},"_links":{"self":[{"href":"https:\/\/www.vla-bag.ch\/it\/wp-json\/wp\/v2\/product\/5616","targetHints":{"allow":["GET"]}}],"collection":[{"href":"https:\/\/www.vla-bag.ch\/it\/wp-json\/wp\/v2\/product"}],"about":[{"href":"https:\/\/www.vla-bag.ch\/it\/wp-json\/wp\/v2\/types\/product"}],"wp:featuredmedia":[{"embeddable":true,"href":"https:\/\/www.vla-bag.ch\/it\/wp-json\/wp\/v2\/media\/4408"}],"wp:attachment":[{"href":"https:\/\/www.vla-bag.ch\/it\/wp-json\/wp\/v2\/media?parent=5616"}],"wp:term":[{"taxonomy":"product_brand","embeddable":true,"href":"https:\/\/www.vla-bag.ch\/it\/wp-json\/wp\/v2\/product_brand?post=5616"},{"taxonomy":"product_cat","embeddable":true,"href":"https:\/\/www.vla-bag.ch\/it\/wp-json\/wp\/v2\/product_cat?post=5616"},{"taxonomy":"product_tag","embeddable":true,"href":"https:\/\/www.vla-bag.ch\/it\/wp-json\/wp\/v2\/product_tag?post=5616"}],"curies":[{"name":"wp","href":"https:\/\/api.w.org\/{rel}","templated":true}]}}