{"id":5577,"date":"2022-03-23T11:19:15","date_gmt":"2022-03-23T10:19:15","guid":{"rendered":"https:\/\/www.vla-bag.ch\/cura-della-pelle-di-cactus\/"},"modified":"2025-09-01T12:00:04","modified_gmt":"2025-09-01T10:00:04","slug":"cura-della-pelle-di-cactus","status":"publish","type":"page","link":"https:\/\/www.vla-bag.ch\/it\/cura-della-pelle-di-cactus\/","title":{"rendered":"Cura della pelle di cactus"},"content":{"rendered":"\n<div class=\"wp-block-columns  mobile-column-reverse is-layout-flex wp-container-core-columns-is-layout-9d6595d7 wp-block-columns-is-layout-flex\">\n<div class=\"wp-block-column is-layout-flow wp-block-column-is-layout-flow\">\n<h2 class=\"wp-block-heading large-heading has-contrast-color has-text-color\">Cura della tua borsa in pelle di cactus<\/h2>\n\n\n\n<p>Le nostre borse sono realizzate in un materiale innovativo e sostenibile con una superficie in pelle di cactus - morbida, resistente e facile da curare. Affinch\u00e9 tu possa goderne a lungo, ti chiediamo di osservare le seguenti istruzioni: <\/p>\n\n\n\n<h3 class=\"wp-block-heading\">Pulizia<\/h3>\n\n\n\n<p>Un panno di cotone bianco e morbido e acqua tiepida sono sufficienti per una cura regolare. Se necessario, puoi utilizzare una soluzione di sapone o shampoo delicato. Poi passa un panno con acqua pulita e strofina per asciugare.  <\/p>\n\n\n\n<p><strong>Non<\/strong> utilizzare spugne, spazzole o detergenti aggressivi. Anche i <strong>solventi come l&#8217;alcol, l&#8217;acetone, la candeggina, gli oli, l&#8217;aceto, i siliconi, la cera o i detergenti da forno<\/strong> possono danneggiare il materiale e non devono essere utilizzati. <\/p>\n\n\n\n<h3 class=\"wp-block-heading\">Macchie<\/h3>\n\n\n\n<p>Le macchie causate da caff\u00e8, t\u00e8, vino, succhi di frutta o cioccolato possono essere facilmente rimosse con una soluzione di sapone neutro. Un&#8217;azione rapida \u00e8 utile in caso di residui oleosi o grassi: \u00e8 meglio pulire immediatamente con sapone liquido o shampoo. <\/p>\n\n\n\n<h3 class=\"wp-block-heading\">Conservazione e protezione<\/h3>\n\n\n\n<ul class=\"wp-block-list\">\n<li>Conserva la borsa in un luogo asciutto e fresco, non alla luce diretta del sole o in ambienti umidi.<\/li>\n\n\n\n<li>Evita di appoggiare troppo peso sulla borsa, soprattutto quando \u00e8 appesa: questo protegge le cuciture.<\/li>\n\n\n\n<li>Non piegare o premere la borsa per mantenerne la forma.<\/li>\n\n\n\n<li>Evita il contatto con oggetti appuntiti o taglienti, sia all&#8217;interno che all&#8217;esterno della borsa.<\/li>\n\n\n\n<li><strong>Non impregnare<\/strong>: il materiale ha una finitura idrorepellente gi\u00e0 in fase di produzione e non richiede alcuna protezione aggiuntiva.<\/li>\n\n\n\n<li>Per garantire la stabilit\u00e0 dimensionale, ti consigliamo di lasciare il materiale di imbottitura in dotazione nella borsa per conservarlo.<\/li>\n<\/ul>\n\n\n\n<h3 class=\"wp-block-heading\">Apprezzamento per un materiale speciale<\/h3>\n\n\n\n<p>La pelle di cactus \u00e8 un&#8217;alternativa sostenibile alla pelle animale: morbida, resistente e comoda per l&#8217;uso quotidiano. Con un po&#8217; di cura, la tua borsa o il tuo zaino rimarranno un compagno di stile per molti anni a venire. <\/p>\n<\/div>\n\n\n\n<div class=\"wp-block-column is-layout-flow wp-block-column-is-layout-flow\">\n<figure class=\"wp-block-image size-large\"><img loading=\"lazy\" decoding=\"async\" width=\"1024\" height=\"576\" src=\"https:\/\/www.vla-bag.ch\/wp-content\/uploads\/2022\/04\/kaktusbags_pflege-1024x576.jpg\" alt=\"\" class=\"wp-image-3644\" srcset=\"https:\/\/www.vla-bag.ch\/wp-content\/uploads\/2022\/04\/kaktusbags_pflege-1024x576.jpg 1024w, https:\/\/www.vla-bag.ch\/wp-content\/uploads\/2022\/04\/kaktusbags_pflege-300x169.jpg 300w, https:\/\/www.vla-bag.ch\/wp-content\/uploads\/2022\/04\/kaktusbags_pflege-768x432.jpg 768w, https:\/\/www.vla-bag.ch\/wp-content\/uploads\/2022\/04\/kaktusbags_pflege-1536x864.jpg 1536w, https:\/\/www.vla-bag.ch\/wp-content\/uploads\/2022\/04\/kaktusbags_pflege-800x450.jpg 800w, https:\/\/www.vla-bag.ch\/wp-content\/uploads\/2022\/04\/kaktusbags_pflege.jpg 1600w\" sizes=\"auto, (max-width: 1024px) 100vw, 1024px\" \/><\/figure>\n\n\n\n<p><\/p>\n<\/div>\n<\/div>\n","protected":false},"excerpt":{"rendered":"<p>Cura della tua borsa in pelle di cactus Le nostre borse sono realizzate in un materiale innovativo e sostenibile con una superficie in pelle di &#8230; <a title=\"Cura della pelle di cactus\" class=\"read-more\" href=\"https:\/\/www.vla-bag.ch\/it\/cura-della-pelle-di-cactus\/\" aria-label=\"Per saperne di pi\u00f9 su Cura della pelle di cactus\">Read more<\/a><\/p>\n","protected":false},"author":2,"featured_media":0,"parent":0,"menu_order":0,"comment_status":"closed","ping_status":"closed","template":"","meta":{"_seopress_robots_primary_cat":"","_seopress_titles_title":"Cura delle borse sostenibili in pelle di cactus | vl\u00e0","_seopress_titles_desc":"Scopri come curare correttamente la tua borsa in pelle di cactus vl\u00e0 per preservarne la longevit\u00e0 e la bellezza. Consigli per la cura della pelle di cactus sostenibile. ","_seopress_robots_index":"","footnotes":""},"class_list":["post-5577","page","type-page","status-publish"],"_links":{"self":[{"href":"https:\/\/www.vla-bag.ch\/it\/wp-json\/wp\/v2\/pages\/5577","targetHints":{"allow":["GET"]}}],"collection":[{"href":"https:\/\/www.vla-bag.ch\/it\/wp-json\/wp\/v2\/pages"}],"about":[{"href":"https:\/\/www.vla-bag.ch\/it\/wp-json\/wp\/v2\/types\/page"}],"author":[{"embeddable":true,"href":"https:\/\/www.vla-bag.ch\/it\/wp-json\/wp\/v2\/users\/2"}],"replies":[{"embeddable":true,"href":"https:\/\/www.vla-bag.ch\/it\/wp-json\/wp\/v2\/comments?post=5577"}],"version-history":[{"count":2,"href":"https:\/\/www.vla-bag.ch\/it\/wp-json\/wp\/v2\/pages\/5577\/revisions"}],"predecessor-version":[{"id":5805,"href":"https:\/\/www.vla-bag.ch\/it\/wp-json\/wp\/v2\/pages\/5577\/revisions\/5805"}],"wp:attachment":[{"href":"https:\/\/www.vla-bag.ch\/it\/wp-json\/wp\/v2\/media?parent=5577"}],"curies":[{"name":"wp","href":"https:\/\/api.w.org\/{rel}","templated":true}]}}