{"id":5571,"date":"2023-05-23T18:17:33","date_gmt":"2023-05-23T16:17:33","guid":{"rendered":"https:\/\/www.vla-bag.ch\/i-nostri-valori\/"},"modified":"2026-03-27T20:05:14","modified_gmt":"2026-03-27T19:05:14","slug":"i-nostri-valori","status":"publish","type":"page","link":"https:\/\/www.vla-bag.ch\/it\/i-nostri-valori\/","title":{"rendered":"I nostri valori"},"content":{"rendered":"<div class=\"gb-container gb-container-9e1fd85a\"><div class=\"gb-inside-container\">\n\n<h2 class=\"large-heading\">&#8220;I nostri valori creano la nostra identit\u00e0 e ci danno una direzione chiara&#8221;.\n<\/h2>\n\n\n\n<p>In vl\u00e0, quattro valori fondamentali sono al centro del nostro marchio: benessere animale, sostenibilit\u00e0, qualit\u00e0 e correttezza. Puoi fare affidamento su questi valori: <\/p>\n\n\n<div class=\"gb-grid-wrapper gb-grid-wrapper-f2525158\">\n<div class=\"gb-grid-column gb-grid-column-0a14fd63\"><div class=\"gb-container gb-container-0a14fd63\">\n\n<figure class=\"wp-block-image size-full is-resized\"><img loading=\"lazy\" decoding=\"async\" width=\"590\" height=\"592\" src=\"https:\/\/www.vla-bag.ch\/wp-content\/uploads\/2023\/05\/picto-tierwohl.png\" alt=\"\" class=\"wp-image-4179\" style=\"width:148px;height:148px\" srcset=\"https:\/\/www.vla-bag.ch\/wp-content\/uploads\/2023\/05\/picto-tierwohl.png 590w, https:\/\/www.vla-bag.ch\/wp-content\/uploads\/2023\/05\/picto-tierwohl-300x300.png 300w, https:\/\/www.vla-bag.ch\/wp-content\/uploads\/2023\/05\/picto-tierwohl-150x150.png 150w, https:\/\/www.vla-bag.ch\/wp-content\/uploads\/2023\/05\/picto-tierwohl-400x400.png 400w, https:\/\/www.vla-bag.ch\/wp-content\/uploads\/2023\/05\/picto-tierwohl-100x100.png 100w\" sizes=\"auto, (max-width: 590px) 100vw, 590px\" \/><\/figure>\n\n<\/div><\/div>\n\n<div class=\"gb-grid-column gb-grid-column-47cd47bb\"><div class=\"gb-container gb-container-47cd47bb\">\n\n<p><strong>Benessere degli animali<\/strong><br\/>Le nostre borse sono realizzate in pelle di cactus vegana. Tutti i nostri materiali sono privi di componenti animali. In questo modo ci schieriamo contro gli allevamenti in fabbrica per la produzione di pelle.  <\/p>\n\n<\/div><\/div>\n<\/div>\n\n<div class=\"gb-grid-wrapper gb-grid-wrapper-f877220d\">\n<div class=\"gb-grid-column gb-grid-column-786f28c1\"><div class=\"gb-container gb-container-786f28c1\">\n\n<figure class=\"wp-block-image size-full is-resized\"><img loading=\"lazy\" decoding=\"async\" width=\"590\" height=\"592\" src=\"https:\/\/www.vla-bag.ch\/wp-content\/uploads\/2023\/05\/nachhaltigkeit.png\" alt=\"\" class=\"wp-image-4185\" style=\"width:148px;height:148px\" srcset=\"https:\/\/www.vla-bag.ch\/wp-content\/uploads\/2023\/05\/nachhaltigkeit.png 590w, https:\/\/www.vla-bag.ch\/wp-content\/uploads\/2023\/05\/nachhaltigkeit-300x300.png 300w, https:\/\/www.vla-bag.ch\/wp-content\/uploads\/2023\/05\/nachhaltigkeit-150x150.png 150w, https:\/\/www.vla-bag.ch\/wp-content\/uploads\/2023\/05\/nachhaltigkeit-400x400.png 400w, https:\/\/www.vla-bag.ch\/wp-content\/uploads\/2023\/05\/nachhaltigkeit-100x100.png 100w\" sizes=\"auto, (max-width: 590px) 100vw, 590px\" \/><\/figure>\n\n<\/div><\/div>\n\n<div class=\"gb-grid-column gb-grid-column-9d99a895\"><div class=\"gb-container gb-container-9d99a895\">\n\n<p><strong>Nachhaltigkeit<\/strong><br\/>Le nostre borse sono realizzate a mano in Italia. La materia prima \u2013 il cactus leather sostenibile \u2013 viene coltivata e lavorata in Messico. Siamo consapevoli che il trasporto comporta un impatto ambientale. Per questo puntiamo su prodotti durevoli, su filiere produttive corte in Europa e rinunciamo consapevolmente agli imballaggi stampati.   <\/p>\n\n<\/div><\/div>\n<\/div>\n\n<div class=\"gb-grid-wrapper gb-grid-wrapper-36054a3a\">\n<div class=\"gb-grid-column gb-grid-column-35c36afa\"><div class=\"gb-container gb-container-35c36afa\">\n\n<figure class=\"wp-block-image size-full is-resized\"><img loading=\"lazy\" decoding=\"async\" width=\"590\" height=\"592\" src=\"https:\/\/www.vla-bag.ch\/wp-content\/uploads\/2023\/05\/pictos-qualitaet.png\" alt=\"\" class=\"wp-image-4186\" style=\"width:148px;height:148px\" srcset=\"https:\/\/www.vla-bag.ch\/wp-content\/uploads\/2023\/05\/pictos-qualitaet.png 590w, https:\/\/www.vla-bag.ch\/wp-content\/uploads\/2023\/05\/pictos-qualitaet-300x300.png 300w, https:\/\/www.vla-bag.ch\/wp-content\/uploads\/2023\/05\/pictos-qualitaet-150x150.png 150w, https:\/\/www.vla-bag.ch\/wp-content\/uploads\/2023\/05\/pictos-qualitaet-400x400.png 400w, https:\/\/www.vla-bag.ch\/wp-content\/uploads\/2023\/05\/pictos-qualitaet-100x100.png 100w\" sizes=\"auto, (max-width: 590px) 100vw, 590px\" \/><\/figure>\n\n<\/div><\/div>\n\n<div class=\"gb-grid-column gb-grid-column-92dd6302\"><div class=\"gb-container gb-container-92dd6302\">\n\n<p><strong>Qualit\u00e0<\/strong><br\/>Attribuiamo grande importanza alla qualit\u00e0 eccellente. Per questo le nostre borse sono realizzate in Italia da artigiani esperti. Con una borsa vl\u00e0 scegli un accessorio di alta qualit\u00e0, pensato per accompagnarti a lungo. E s\u00ec, \u00e8 un dato di fatto che la qualit\u00e0 ha il suo prezzo. Non competiamo con prodotti di produzione di massa provenienti dall\u2019Estremo Oriente.    <\/p>\n\n<\/div><\/div>\n<\/div>\n\n<div class=\"gb-grid-wrapper gb-grid-wrapper-363d5c1b\">\n<div class=\"gb-grid-column gb-grid-column-7e549fa5\"><div class=\"gb-container gb-container-7e549fa5\">\n\n<figure class=\"wp-block-image size-full is-resized\"><img loading=\"lazy\" decoding=\"async\" width=\"590\" height=\"592\" src=\"https:\/\/www.vla-bag.ch\/wp-content\/uploads\/2023\/05\/picto-fairness.png\" alt=\"\" class=\"wp-image-4193\" style=\"width:148px;height:148px\" srcset=\"https:\/\/www.vla-bag.ch\/wp-content\/uploads\/2023\/05\/picto-fairness.png 590w, https:\/\/www.vla-bag.ch\/wp-content\/uploads\/2023\/05\/picto-fairness-300x300.png 300w, https:\/\/www.vla-bag.ch\/wp-content\/uploads\/2023\/05\/picto-fairness-150x150.png 150w, https:\/\/www.vla-bag.ch\/wp-content\/uploads\/2023\/05\/picto-fairness-400x400.png 400w, https:\/\/www.vla-bag.ch\/wp-content\/uploads\/2023\/05\/picto-fairness-100x100.png 100w\" sizes=\"auto, (max-width: 590px) 100vw, 590px\" \/><\/figure>\n\n<\/div><\/div>\n\n<div class=\"gb-grid-column gb-grid-column-f6f1118e\"><div class=\"gb-container gb-container-f6f1118e\">\n\n<p><strong><strong><strong><strong><strong>Equit\u00e0<\/strong><\/strong><\/strong><\/strong><\/strong><br\/>vl\u00e0 non si occupa solo di borse di alta qualit\u00e0, ma anche di prodotti realizzati in modo equo. Manteniamo rapporti personali con i nostri produttori e garantiamo condizioni di lavoro e prezzi equi. Con il tuo acquisto, sostieni una cultura del lavoro equa ed etica.  <\/p>\n\n<\/div><\/div>\n<\/div>\n\n\n<p>Scopri la nostra collezione di borse in pelle di cactus vegana e diventa parte di un movimento che si batte per il benessere degli animali, la sostenibilit\u00e0, la qualit\u00e0 e l&#8217;equit\u00e0.<\/p>\n\n<\/div><\/div>\n<p><\/p>\n","protected":false},"excerpt":{"rendered":"<p>&#8220;I nostri valori creano la nostra identit\u00e0 e ci danno una direzione chiara&#8221;. In vl\u00e0, quattro valori fondamentali sono al centro del nostro marchio: benessere &#8230; <a title=\"I nostri valori\" class=\"read-more\" href=\"https:\/\/www.vla-bag.ch\/it\/i-nostri-valori\/\" aria-label=\"Per saperne di pi\u00f9 su I nostri valori\">Read more<\/a><\/p>\n","protected":false},"author":2,"featured_media":0,"parent":0,"menu_order":0,"comment_status":"closed","ping_status":"closed","template":"","meta":{"_seopress_robots_primary_cat":"","_seopress_titles_title":"","_seopress_titles_desc":"","_seopress_robots_index":"","footnotes":""},"class_list":["post-5571","page","type-page","status-publish"],"_links":{"self":[{"href":"https:\/\/www.vla-bag.ch\/it\/wp-json\/wp\/v2\/pages\/5571","targetHints":{"allow":["GET"]}}],"collection":[{"href":"https:\/\/www.vla-bag.ch\/it\/wp-json\/wp\/v2\/pages"}],"about":[{"href":"https:\/\/www.vla-bag.ch\/it\/wp-json\/wp\/v2\/types\/page"}],"author":[{"embeddable":true,"href":"https:\/\/www.vla-bag.ch\/it\/wp-json\/wp\/v2\/users\/2"}],"replies":[{"embeddable":true,"href":"https:\/\/www.vla-bag.ch\/it\/wp-json\/wp\/v2\/comments?post=5571"}],"version-history":[{"count":2,"href":"https:\/\/www.vla-bag.ch\/it\/wp-json\/wp\/v2\/pages\/5571\/revisions"}],"predecessor-version":[{"id":6551,"href":"https:\/\/www.vla-bag.ch\/it\/wp-json\/wp\/v2\/pages\/5571\/revisions\/6551"}],"wp:attachment":[{"href":"https:\/\/www.vla-bag.ch\/it\/wp-json\/wp\/v2\/media?parent=5571"}],"curies":[{"name":"wp","href":"https:\/\/api.w.org\/{rel}","templated":true}]}}