{"id":5565,"date":"2022-03-17T10:25:31","date_gmt":"2022-03-17T09:25:31","guid":{"rendered":"https:\/\/www.vla-bag.ch\/materiale\/"},"modified":"2025-08-17T18:09:06","modified_gmt":"2025-08-17T16:09:06","slug":"materiale","status":"publish","type":"page","link":"https:\/\/www.vla-bag.ch\/it\/materiale\/","title":{"rendered":"Materiale"},"content":{"rendered":"\n<div class=\"wp-block-columns  mobile-column-reverse is-layout-flex wp-container-core-columns-is-layout-9d6595d7 wp-block-columns-is-layout-flex\">\n<div class=\"wp-block-column is-layout-flow wp-block-column-is-layout-flow\">\n<h2 class=\"wp-block-heading large-heading\">vl\u00e0 \u00e8 sostenibile<\/h2>\n\n\n\n<p><strong>Ecco quanto possono essere elastici i cactus.<\/strong>  La nostra pelle vegana \u00e8 ottenuta in Messico dal cactus nopal, una pianta che vive esclusivamente grazie all&#8217;acqua piovana e ai minerali del suolo. Non vengono utilizzati irrigazione artificiale, fertilizzanti e pesticidi. Anche la raccolta viene effettuata con cura: le foglie mature vengono tagliate ogni sei-otto mesi senza danneggiare la pianta.  <\/p>\n\n\n\n<p>Dopo l&#8217;essiccazione al sole, le foglie vengono trasformate in polvere. In diversi passaggi, viene prodotto un sostituto della pelle di alta qualit\u00e0 e puramente vegetale. <strong>Nel processo non viene sprecato nulla<\/strong>: i sottoprodotti vengono utilizzati nell&#8217;industria alimentare. <\/p>\n\n\n\n<ul class=\"wp-block-list\">\n<li>Utilizza il 99% di acqua in meno rispetto alla pelle animale<\/li>\n\n\n\n<li>Il 95% in meno di emissioni di CO\u2082 rispetto alla pelle animale.<\/li>\n\n\n\n<li>Non richiede fertilizzanti o pesticidi  <\/li>\n\n\n\n<li>Privo di sostanze chimiche tossiche, ftalati e PVC<\/li>\n\n\n\n<li>Pigmenti colorati organici<\/li>\n\n\n\n<li>Vegano approvato dalla PeTA<\/li>\n<\/ul>\n\n\n\n<p><strong>Confronto ambientale per metro quadro di materiale<\/strong><br\/><strong>Consumo d&#8217;acqua<\/strong><br\/>- Pelle animale: circa 33.000 litri<br\/>- Pelle di cactus: circa 20 litri<br\/>\u2192 <strong>Circa il 99,9% di acqua in meno<\/strong><\/p>\n\n\n\n<p><strong>Emissioni di CO\u2082<\/strong><br\/>- Pelle animale: circa 27,3 kg di CO\u2082<br\/>- Pelle di cactus: circa 1,4 kg di CO\u2082<br\/>\u2192 <strong>Circa il 95% in meno di gas serra<\/strong><\/p>\n<\/div>\n\n\n\n<div class=\"wp-block-column is-layout-flow wp-block-column-is-layout-flow\">\n<figure class=\"wp-block-image size-large\"><img loading=\"lazy\" decoding=\"async\" width=\"1024\" height=\"704\" src=\"https:\/\/www.vla-bag.ch\/wp-content\/uploads\/2023\/06\/nopal-kaktus-blatt-1024x704.jpg\" alt=\"\" class=\"wp-image-4216\" srcset=\"https:\/\/www.vla-bag.ch\/wp-content\/uploads\/2023\/06\/nopal-kaktus-blatt-1024x704.jpg 1024w, https:\/\/www.vla-bag.ch\/wp-content\/uploads\/2023\/06\/nopal-kaktus-blatt-300x206.jpg 300w, https:\/\/www.vla-bag.ch\/wp-content\/uploads\/2023\/06\/nopal-kaktus-blatt-768x528.jpg 768w, https:\/\/www.vla-bag.ch\/wp-content\/uploads\/2023\/06\/nopal-kaktus-blatt-1536x1056.jpg 1536w, https:\/\/www.vla-bag.ch\/wp-content\/uploads\/2023\/06\/nopal-kaktus-blatt-800x550.jpg 800w, https:\/\/www.vla-bag.ch\/wp-content\/uploads\/2023\/06\/nopal-kaktus-blatt.jpg 1600w\" sizes=\"auto, (max-width: 1024px) 100vw, 1024px\" \/><\/figure>\n\n\n\n<p><\/p>\n<\/div>\n<\/div>\n\n<div class=\"wp-block-columns is-layout-flex wp-container-core-columns-is-layout-9d6595d7 wp-block-columns-is-layout-flex\">\n<div class=\"wp-block-column is-layout-flow wp-block-column-is-layout-flow\">\n<figure class=\"wp-block-image size-large\"><img loading=\"lazy\" decoding=\"async\" width=\"1024\" height=\"687\" src=\"https:\/\/www.vla-bag.ch\/wp-content\/uploads\/2022\/03\/kaktusleder_farbmuster-1024x687.jpg\" alt=\"\" class=\"wp-image-3430\" srcset=\"https:\/\/www.vla-bag.ch\/wp-content\/uploads\/2022\/03\/kaktusleder_farbmuster-1024x687.jpg 1024w, https:\/\/www.vla-bag.ch\/wp-content\/uploads\/2022\/03\/kaktusleder_farbmuster-300x201.jpg 300w, https:\/\/www.vla-bag.ch\/wp-content\/uploads\/2022\/03\/kaktusleder_farbmuster-768x515.jpg 768w, https:\/\/www.vla-bag.ch\/wp-content\/uploads\/2022\/03\/kaktusleder_farbmuster-1536x1031.jpg 1536w, https:\/\/www.vla-bag.ch\/wp-content\/uploads\/2022\/03\/kaktusleder_farbmuster-800x537.jpg 800w, https:\/\/www.vla-bag.ch\/wp-content\/uploads\/2022\/03\/kaktusleder_farbmuster.jpg 1769w\" sizes=\"auto, (max-width: 1024px) 100vw, 1024px\" \/><\/figure>\n\n\n\n<p><\/p>\n<\/div>\n\n\n\n<div class=\"wp-block-column is-layout-flow wp-block-column-is-layout-flow\">\n<h2 class=\"wp-block-heading has-text-align-right large-heading\">vl\u00e0 \u00e8 multiforme<\/h2>\n\n\n\n<p class=\"has-text-align-right\"><strong>La sostenibilit\u00e0 pu\u00f2 essere cos\u00ec piacevole dal punto di vista estetico: la<\/strong> pelle di cactus vegana non ha nulla da invidiare alla pelle animale, n\u00e9 in termini di texture n\u00e9 di opzioni di design. Per la nostra collezione, abbiamo creato dei tipi di borse molto popolari in tre colori classici: &#8220;Beige Sand&#8221; e &#8220;Black Night&#8221; in versione opaca con una texture in pelle e &#8220;Red Wine&#8221; con una lucentezza setosa e solo una leggera texture.   <\/p>\n\n\n\n<p><\/p>\n<\/div>\n<\/div>\n\n<div class=\"wp-block-columns  mobile-column-reverse is-layout-flex wp-container-core-columns-is-layout-9d6595d7 wp-block-columns-is-layout-flex\">\n<div class=\"wp-block-column is-layout-flow wp-block-column-is-layout-flow\">\n<h2 class=\"wp-block-heading large-heading\">Perch\u00e9 il cactus?<\/h2>\n\n\n\n<p>Perch\u00e9 stavamo cercando un&#8217;alternativa sostenibile e a base vegetale alla pelle animale e abbiamo trovato quello che cercavamo in Messico. L&#8217;innovativo materiale Desserto\u00ae, sviluppato dal cactus nopal, combina estetica, responsabilit\u00e0 e qualit\u00e0 come nessun altro. <\/p>\n\n\n\n<p>Il cambiamento climatico \u00e8 una delle pi\u00f9 grandi sfide del nostro tempo. Sono necessarie alternative rispettose del clima in tutti i settori della vita. Il cactus nopal prospera anche in luoghi dove non cresce quasi nulla, ad esempio nelle regioni aride e semi-aride, dove funge da serbatoio di acqua e carbonio. Circa 8.100 tonnellate di CO\u2082 vengono sequestrate ogni anno su 14 ettari di piantagione gestita in modo biologico, mentre la fattoria stessa ne emette solo 15 tonnellate.   <\/p>\n\n\n\n<p>Per la produzione della pelle di cactus vegana vengono raccolte solo le foglie mature, ogni 6-8 mesi, senza danneggiare la pianta. I cactus crescono nella regione messicana di Zacatecas, ricca di minerali, e non richiedono praticamente acqua: solo 200 litri per chilo di biomassa, che proviene direttamente dall&#8217;umidit\u00e0 dell&#8217;aria. In confronto, altre piante hanno bisogno di circa 1.000 litri d&#8217;acqua.  <\/p>\n\n\n\n<p>La pelle di cactus ottiene ottimi risultati anche in termini di lavorazione: per 1 m\u00b2 sono necessari circa 10 volte meno energia, 20 volte meno CO\u2082, 1.600 volte meno acqua e molte meno emissioni rispetto alla pelle tradizionale.<\/p>\n\n\n\n<p>Il materiale Desserto\u00ae utilizzato da vl\u00e0 \u00e8 composto per il 65% da materie prime rinnovabili.<\/p>\n<\/div>\n\n\n\n<div class=\"wp-block-column is-layout-flow wp-block-column-is-layout-flow\">\n<figure class=\"wp-block-image size-large\"><img loading=\"lazy\" decoding=\"async\" width=\"1024\" height=\"704\" src=\"https:\/\/www.vla-bag.ch\/wp-content\/uploads\/2023\/06\/kaktusplantage-1024x704.jpg\" alt=\"\" class=\"wp-image-4218\" srcset=\"https:\/\/www.vla-bag.ch\/wp-content\/uploads\/2023\/06\/kaktusplantage-1024x704.jpg 1024w, https:\/\/www.vla-bag.ch\/wp-content\/uploads\/2023\/06\/kaktusplantage-300x206.jpg 300w, https:\/\/www.vla-bag.ch\/wp-content\/uploads\/2023\/06\/kaktusplantage-768x528.jpg 768w, https:\/\/www.vla-bag.ch\/wp-content\/uploads\/2023\/06\/kaktusplantage-1536x1056.jpg 1536w, https:\/\/www.vla-bag.ch\/wp-content\/uploads\/2023\/06\/kaktusplantage-800x550.jpg 800w, https:\/\/www.vla-bag.ch\/wp-content\/uploads\/2023\/06\/kaktusplantage.jpg 1600w\" sizes=\"auto, (max-width: 1024px) 100vw, 1024px\" \/><\/figure>\n\n\n\n<p><\/p>\n<\/div>\n<\/div>\n","protected":false},"excerpt":{"rendered":"<p>vl\u00e0 \u00e8 sostenibile Ecco quanto possono essere elastici i cactus. La nostra pelle vegana \u00e8 ottenuta in Messico dal cactus nopal, una pianta che vive &#8230; <a title=\"Materiale\" class=\"read-more\" href=\"https:\/\/www.vla-bag.ch\/it\/materiale\/\" aria-label=\"Per saperne di pi\u00f9 su Materiale\">Read more<\/a><\/p>\n","protected":false},"author":2,"featured_media":0,"parent":0,"menu_order":0,"comment_status":"closed","ping_status":"closed","template":"","meta":{"_seopress_robots_primary_cat":"","_seopress_titles_title":"Materiale | vl\u00e0 - Borse sostenibili in pelle di cactus","_seopress_titles_desc":"Scopri la pelle di cactus ecologica utilizzata per realizzare le nostre borse sostenibili e scopri i suoi vantaggi.","_seopress_robots_index":"","footnotes":""},"class_list":["post-5565","page","type-page","status-publish"],"_links":{"self":[{"href":"https:\/\/www.vla-bag.ch\/it\/wp-json\/wp\/v2\/pages\/5565","targetHints":{"allow":["GET"]}}],"collection":[{"href":"https:\/\/www.vla-bag.ch\/it\/wp-json\/wp\/v2\/pages"}],"about":[{"href":"https:\/\/www.vla-bag.ch\/it\/wp-json\/wp\/v2\/types\/page"}],"author":[{"embeddable":true,"href":"https:\/\/www.vla-bag.ch\/it\/wp-json\/wp\/v2\/users\/2"}],"replies":[{"embeddable":true,"href":"https:\/\/www.vla-bag.ch\/it\/wp-json\/wp\/v2\/comments?post=5565"}],"version-history":[{"count":1,"href":"https:\/\/www.vla-bag.ch\/it\/wp-json\/wp\/v2\/pages\/5565\/revisions"}],"predecessor-version":[{"id":5566,"href":"https:\/\/www.vla-bag.ch\/it\/wp-json\/wp\/v2\/pages\/5565\/revisions\/5566"}],"wp:attachment":[{"href":"https:\/\/www.vla-bag.ch\/it\/wp-json\/wp\/v2\/media?parent=5565"}],"curies":[{"name":"wp","href":"https:\/\/api.w.org\/{rel}","templated":true}]}}