{"id":5562,"date":"2024-10-15T17:43:38","date_gmt":"2024-10-15T15:43:38","guid":{"rendered":"https:\/\/www.vla-bag.ch\/domande-frequenti\/"},"modified":"2026-01-09T19:08:31","modified_gmt":"2026-01-09T18:08:31","slug":"domande-frequenti","status":"publish","type":"page","link":"https:\/\/www.vla-bag.ch\/it\/domande-frequenti\/","title":{"rendered":"FAQ"},"content":{"rendered":"<div class=\"gb-container gb-container-edf658f4\">\n\n<section class=\"vla-faq\" aria-label=\"H\u00e4ufige Fragen zu vl\u00e0\">\n<h2>FAQ \u2013 Domande frequenti<\/h2>\n\n  <!-- Bestellung & Zahlung  -->\n  <h3>Ordine &#038; Pagamento<\/h3>\n<details>\n  <summary>\n    <span class=\"gb-icon\">\n      <svg aria-hidden=\"true\" role=\"img\" height=\"1em\" width=\"1em\" viewbox=\"0 0 448 512\">\n        <path d=\"M207.029 381.476L12.686 187.132c-9.373-9.373-9.373-24.569 \n        0-33.941l22.667-22.667c9.357-9.357 24.522-9.375 33.901-.04L224 284.505\n        l154.745-154.021c9.379-9.335 24.544-9.317 33.901.04l22.667 22.667c9.373 \n        9.373 9.373 24.569 0 33.941L240.971 381.476c-9.373 9.372-24.569 \n        9.372-33.942 0z\"><\/path>\n      <\/svg>\n    <\/span>\n    <span class=\"gb-headline-text\">Quali sono i costi di spedizione?<\/span>\n  <\/summary>\n  <div>\n  La spedizione \u00e8 <strong>gratuita<\/strong> per te, in Svizzera e Liechtenstein.\n  <\/div>\n<\/details>\n\n  <details>\n    <summary>\n      <span class=\"gb-icon\">\n        <svg aria-hidden=\"true\" role=\"img\" height=\"1em\" width=\"1em\" viewbox=\"0 0 448 512\">\n          <path d=\"M207.029 381.476L12.686 187.132c-9.373-9.373-9.373-24.569 0-33.941l22.667-22.667c9.357-9.357 \n          24.522-9.375 33.901-.04L224 284.505l154.745-154.021c9.379-9.335 \n          24.544-9.317 33.901.04l22.667 22.667c9.373 9.373 9.373 24.569 \n          0 33.941L240.971 381.476c-9.373 9.372-24.569 9.372-33.942 0z\"><\/path>\n        <\/svg>\n      <\/span>\n      <span class=\"gb-headline-text\">In quali paesi spedisce vl\u00e0?<\/span>\n    <\/summary>\n    <div>\n  Gli ordini sono attualmente possibili dalla Svizzera e dal Liechtenstein.  \n Vivi in Germania o Austria? Scrivici: elaboriamo volentieri il tuo ordine anche al di fuori del negozio. \n    <\/div>\n  <\/details>\n\n  <details>\n    <summary>\n      <span class=\"gb-icon\">\n        <svg aria-hidden=\"true\" role=\"img\" height=\"1em\" width=\"1em\" viewbox=\"0 0 448 512\">\n          <path d=\"M207.029 381.476L12.686 187.132c-9.373-9.373-9.373-24.569 0-33.941l22.667-22.667c9.357-9.357 \n          24.522-9.375 33.901-.04L224 284.505l154.745-154.021c9.379-9.335 \n          24.544-9.317 33.901.04l22.667 22.667c9.373 9.373 9.373 24.569 \n          0 33.941L240.971 381.476c-9.373 9.372-24.569 9.372-33.942 0z\"><\/path>\n        <\/svg>\n      <\/span>\n      <span class=\"gb-headline-text\">Quali metodi di pagamento posso utilizzare?<\/span>\n    <\/summary>\n    <div>\n Carta di credito, TWINT, PostFinance, Apple Pay. Puoi vedere le opzioni disponibili alla cassa. \n    <\/div>\n  <\/details>\n\n  <!-- Lieferung & R\u00fcckgabe -->\n  <h3>Spedizione &#038; Reso<\/h3>\n<details>\n  <summary>\n    <span class=\"gb-icon\">\n      <svg aria-hidden=\"true\" role=\"img\" height=\"1em\" width=\"1em\" viewbox=\"0 0 448 512\">\n        <path d=\"M207.029 381.476L12.686 187.132c-9.373-9.373-9.373-24.569 \n        0-33.941l22.667-22.667c9.357-9.357 24.522-9.375 33.901-.04L224 284.505\n        l154.745-154.021c9.379-9.335 24.544-9.317 33.901.04l22.667 22.667c9.373 \n        9.373 9.373 24.569 0 33.941L240.971 381.476c-9.373 9.372-24.569 \n        9.372-33.942 0z\"><\/path>\n      <\/svg>\n    <\/span>\n    <span class=\"gb-headline-text\">Come \u00e8 organizzata la consegna?<\/span>\n  <\/summary>\n  <div>\n  Spediamo con la Posta Svizzera. \n Di solito il tuo pacco ti raggiunge entro <strong>2-3 giorni lavorativi<\/strong>. \n Ulteriori informazioni sono disponibili nelle nostre <a href=\"https:\/\/www.vla-bag.ch\/it\/condizioni-di-consegna\/\">condizioni di spedizione<\/a>.\n    <\/div>\n  <\/details>\n\n  <details>\n    <summary>\n      <span class=\"gb-icon\"><svg aria-hidden=\"true\" role=\"img\" height=\"1em\" width=\"1em\" viewbox=\"0 0 448 512\"><path d=\"M207.029 381.476L12.686 187.132c-9.373-9.373-9.373-24.569 0-33.941l22.667-22.667c9.357-9.357 \n      24.522-9.375 33.901-.04L224 284.505l154.745-154.021c9.379-9.335 \n      24.544-9.317 33.901.04l22.667 22.667c9.373 9.373 9.373 24.569 \n      0 33.941L240.971 381.476c-9.373 9.372-24.569 9.372-33.942 0z\"><\/path><\/svg><\/span>\n      <span class=\"gb-headline-text\">Posso tracciare il mio ordine?<\/span>\n    <\/summary>\n    <div>\n S\u00ec. Dopo la spedizione riceverai un\u2019e-mail di conferma con il numero di tracciamento della Posta Svizzera. La tua borsa arriva generalmente entro 2\u20133 giorni lavorativi dalla data dell\u2019ordine. \n    <\/div>\n  <\/details>\n\n  <details>\n    <summary>\n      <span class=\"gb-icon\"><svg aria-hidden=\"true\" role=\"img\" height=\"1em\" width=\"1em\" viewbox=\"0 0 448 512\"><path d=\"M207.029 381.476L12.686 187.132c-9.373-9.373-9.373-24.569 0-33.941l22.667-22.667c9.357-9.357 \n      24.522-9.375 33.901-.04L224 284.505l154.745-154.021c9.379-9.335 \n      24.544-9.317 33.901.04l22.667 22.667c9.373 9.373 9.373 24.569 \n      0 33.941L240.971 381.476c-9.373 9.372-24.569 9.372-33.942 0z\"><\/path><\/svg><\/span>\n      <span class=\"gb-headline-text\">Come funziona il reso?<\/span>\n    <\/summary>\n    <div>\n  Puoi restituire la tua borsa entro 14 giorni. Ti preghiamo di contattarci in anticipo.<br\/> Si prega di inviare la merce non utilizzata nella confezione originale al seguente indirizzo:<br\/> vl\u00e0 c\/o Mediafabrik AG<br\/> Tuggenerstrasse 3<br\/> 8008 Zurigo, Svizzera <br\/><br\/>  Le spese di spedizione per la restituzione sono a tuo carico: in questo modo promuoviamo ordini consapevoli ed evitiamo trasporti inutili. Si prega di prestare attenzione a un imballaggio sicuro. Dopo il controllo, ti rimborseremo il prezzo di acquisto.  \n    <\/div>\n  <\/details>\n\n  <details>\n    <summary>\n      <span class=\"gb-icon\"><svg aria-hidden=\"true\" role=\"img\" height=\"1em\" width=\"1em\" viewbox=\"0 0 448 512\"><path d=\"M207.029 381.476L12.686 187.132c-9.373-9.373-9.373-24.569 0-33.941l22.667-22.667c9.357-9.357 \n      24.522-9.375 33.901-.04L224 284.505l154.745-154.021c9.379-9.335 \n      24.544-9.317 33.901.04l22.667 22.667c9.373 9.373 9.373 24.569 \n      0 33.941L240.971 381.476c-9.373 9.372-24.569 9.372-33.942 0z\"><\/path><\/svg><\/span>\n      <span class=\"gb-headline-text\">Come ricevo il rimborso?<\/span>\n    <\/summary>\n    <div>\n  Il rimborso avviene tramite bonifico bancario e di solito richiede da 1 a 2 settimane. Ti ringraziamo per la pazienza e la comprensione. \n    <\/div>\n  <\/details>\n\n  <details>\n    <summary>\n      <span class=\"gb-icon\"><svg aria-hidden=\"true\" role=\"img\" height=\"1em\" width=\"1em\" viewbox=\"0 0 448 512\"><path d=\"M207.029 381.476L12.686 187.132c-9.373-9.373-9.373-24.569 0-33.941l22.667-22.667c9.357-9.357 \n      24.522-9.375 33.901-.04L224 284.505l154.745-154.021c9.379-9.335 \n      24.544-9.317 33.901.04l22.667 22.667c9.373 9.373 9.373 24.569 \n      0 33.941L240.971 381.476c-9.373 9.372-24.569 9.372-33.942 0z\"><\/path><\/svg><\/span>\n      <span class=\"gb-headline-text\">Offrite uno scambio?<\/span>\n    <\/summary>\n    <div>\n Al momento non possiamo offrire la sostituzione dei prodotti. Ti ringraziamo per la comprensione e stiamo lavorando per ampliare i nostri servizi in futuro. \n    <\/div>\n  <\/details>\n\n  <!-- Material & Nachhaltigkeit -->\n  <h3>Materiale &#038; Sostenibilit\u00e0<\/h3>\n  <details><summary><span class=\"gb-icon\"><svg aria-hidden=\"true\" role=\"img\" height=\"1em\" width=\"1em\" viewbox=\"0 0 448 512\"><path d=\"M207.029 381.476L12.686 187.132c-9.373-9.373-9.373-24.569 0-33.941l22.667-22.667c9.357-9.357 24.522-9.375 33.901-.04L224 284.505l154.745-154.021c9.379-9.335 24.544-9.317 33.901.04l22.667 22.667c9.373 9.373 9.373 24.569 0 33.941L240.971 381.476c-9.373 9.372-24.569 9.372-33.942 0z\"><\/path><\/svg><\/span><span class=\"gb-headline-text\">Le borse vl\u00e0 sono vegane?<\/span><\/summary><div>S\u00ec. Le nostre borse sono realizzate con un materiale di supporto sostenibile con una superficie in pelle di cactus (Desserto\u00ae). Non contengono ingredienti di origine animale.  <\/div><\/details>\n  <details><summary><span class=\"gb-icon\"><svg aria-hidden=\"true\" role=\"img\" height=\"1em\" width=\"1em\" viewbox=\"0 0 448 512\"><path d=\"M207.029 381.476L12.686 187.132c-9.373-9.373-9.373-24.569 0-33.941l22.667-22.667c9.357-9.357 24.522-9.375 33.901-.04L224 284.505l154.745-154.021c9.379-9.335 24.544-9.317 33.901.04l22.667 22.667c9.373 9.373 9.373 24.569 0 33.941L240.971 381.476c-9.373 9.372-24.569 9.372-33.942 0z\"><\/path><\/svg><\/span><span class=\"gb-headline-text\">Quanto sono sostenibili le borse vl\u00e0?<\/span><\/summary><div>Rispetto alla pelle di origine animale, la pelle di cactus richiede fino al 99% in meno di acqua e circa il 95% in meno di CO\u2082.<br\/>La produzione avviene in una manifattura a conduzione familiare nel nord Italia, per brevi distanze, alta qualit\u00e0 e condizioni eque.<\/div><\/details>\n  <details><summary><span class=\"gb-icon\"><svg aria-hidden=\"true\" role=\"img\" height=\"1em\" width=\"1em\" viewbox=\"0 0 448 512\"><path d=\"M207.029 381.476L12.686 187.132c-9.373-9.373-9.373-24.569 0-33.941l22.667-22.667c9.357-9.357 24.522-9.375 33.901-.04L224 284.505l154.745-154.021c9.379-9.335 24.544-9.317 33.901.04l22.667 22.667c9.373 9.373 9.373 24.569 0 33.941L240.971 381.476c-9.373 9.372-24.569 9.372-33.942 0z\"><\/path><\/svg><\/span><span class=\"gb-headline-text\">Quali sono i vantaggi della pelle di cactus rispetto alla pelle di origine animale?<\/span><\/summary><div><ul><li>Fino al 99% in meno di consumo di acqua<\/li><li>Circa il 95% in meno di emissioni di CO\u2082<\/li><li>Resistente, facile da pulire e piacevolmente morbida<\/li><\/ul><\/div><\/details>\n  <details><summary><span class=\"gb-icon\"><svg aria-hidden=\"true\" role=\"img\" height=\"1em\" width=\"1em\" viewbox=\"0 0 448 512\"><path d=\"M207.029 381.476L12.686 187.132c-9.373-9.373-9.373-24.569 0-33.941l22.667-22.667c9.357-9.357 24.522-9.375 33.901-.04L224 284.505l154.745-154.021c9.379-9.335 24.544-9.317 33.901.04l22.667 22.667c9.373 9.373 9.373 24.569 0 33.941L240.971 381.476c-9.373 9.372-24.569 9.372-33.942 0z\"><\/path><\/svg><\/span><span class=\"gb-headline-text\">Dove vengono prodotte le borse vl\u00e0?<\/span><\/summary><div>Nel nord Italia, in una tradizionale azienda familiare con una lunga tradizione artigianale. Il design svizzero incontra l&#8217;artigianato italiano. <\/div><\/details>\n\n  <!-- Pflege & Aufbewahrung -->\n  <h3>Cura &#038; Conservazione<\/h3>\n  <details><summary><span class=\"gb-icon\"><svg aria-hidden=\"true\" role=\"img\" height=\"1em\" width=\"1em\" viewbox=\"0 0 448 512\"><path d=\"M207.029 381.476L12.686 187.132c-9.373-9.373-9.373-24.569 0-33.941l22.667-22.667c9.357-9.357 24.522-9.375 33.901-.04L224 284.505l154.745-154.021c9.379-9.335 24.544-9.317 33.901.04l22.667 22.667c9.373 9.373 9.373 24.569 0 33.941L240.971 381.476c-9.373 9.372-24.569 9.372-33.942 0z\"><\/path><\/svg><\/span><span class=\"gb-headline-text\">Come posso prendermi cura della mia borsa vl\u00e0?<\/span><\/summary><div>Pulisci la tua borsa esclusivamente con un panno morbido, leggermente umido e una soluzione di sapone neutro. Successivamente, rimuovi i residui di sapone con un panno pulito e umido. Non utilizzare altri detergenti e non impermeabilizzare la borsa: la superficie \u00e8 gi\u00e0 trattata per essere idrorepellente. Ulteriori suggerimenti sono disponibili nelle nostre <a href=\"https:\/\/www.vla-bag.ch\/it\/cura-della-pelle-di-cactus\/\">istruzioni per la cura<\/a>.   <\/div><\/details>\n  <details><summary><span class=\"gb-icon\"><svg aria-hidden=\"true\" role=\"img\" height=\"1em\" width=\"1em\" viewbox=\"0 0 448 512\"><path d=\"M207.029 381.476L12.686 187.132c-9.373-9.373-9.373-24.569 0-33.941l22.667-22.667c9.357-9.357 24.522-9.375 33.901-.04L224 284.505l154.745-154.021c9.379-9.335 24.544-9.317 33.901.04l22.667 22.667c9.373 9.373 9.373 24.569 0 33.941L240.971 381.476c-9.373 9.372-24.569 9.372-33.942 0z\"><\/path><\/svg><\/span><span class=\"gb-headline-text\">Come posso conservare la mia borsa?<\/span><\/summary><div>Conserva la tua borsa nella sacca di stoffa in dotazione, riposta in posizione verticale in un luogo asciutto e fresco. Per mantenere la forma, puoi utilizzare il materiale di riempimento in dotazione. Evitare la luce diretta del sole o il calore.  <\/div><\/details>\n  <details><summary><span class=\"gb-icon\"><svg aria-hidden=\"true\" role=\"img\" height=\"1em\" width=\"1em\" viewbox=\"0 0 448 512\"><path d=\"M207.029 381.476L12.686 187.132c-9.373-9.373-9.373-24.569 0-33.941l22.667-22.667c9.357-9.357 24.522-9.375 33.901-.04L224 284.505l154.745-154.021c9.379-9.335 24.544-9.317 33.901.04l22.667 22.667c9.373 9.373 9.373 24.569 0 33.941L240.971 381.476c-9.373 9.372-24.569 9.372-33.942 0z\"><\/path><\/svg><\/span><span class=\"gb-headline-text\">Le borse vl\u00e0 sono impermeabili?<\/span><\/summary><div>No. Le nostre borse sono trattate per essere idrorepellenti e proteggono in modo affidabile dall&#8217;umidit\u00e0 nella vita di tutti i giorni, ma non in caso di pioggia forte o se vengono immerse in acqua. <\/div><\/details>\n\n  <!-- Garantie -->\n  <h3>Garanzia<\/h3>\n  <details><summary><span class=\"gb-icon\"><svg aria-hidden=\"true\" role=\"img\" height=\"1em\" width=\"1em\" viewbox=\"0 0 448 512\"><path d=\"M207.029 381.476L12.686 187.132c-9.373-9.373-9.373-24.569 0-33.941l22.667-22.667c9.357-9.357 24.522-9.375 33.901-.04L224 284.505l154.745-154.021c9.379-9.335 24.544-9.317 33.901.04l22.667 22.667c9.373 9.373 9.373 24.569 0 33.941L240.971 381.476c-9.373 9.372-24.569 9.372-33.942 0z\"><\/path><\/svg><\/span><span class=\"gb-headline-text\">Quanto dura la garanzia?<\/span><\/summary><div>Su tutte le borse e gli zaini vl\u00e0 offriamo una garanzia di due anni dalla data di acquisto, per difetti di materiale e di fabbricazione in caso di uso corretto e nel rispetto delle nostre <a href=\"https:\/\/www.vla-bag.ch\/it\/cura-della-pelle-di-cactus\/\">istruzioni per la cura<\/a>.<\/div><\/details>\n\n  <!-- Showroom & Kontakt -->\n  <h3>Showroom &#038; Contatto<\/h3>\n  <details>\n    <summary>\n      <span class=\"gb-icon\">\n        <svg aria-hidden=\"true\" role=\"img\" height=\"1em\" width=\"1em\" viewbox=\"0 0 448 512\">\n          <path d=\"M207.029 381.476L12.686 187.132c-9.373-9.373-9.373-24.569 \n          0-33.941l22.667-22.667c9.357-9.357 \n          24.522-9.375 33.901-.04L224 284.505l154.745-154.021c9.379-9.335 \n          24.544-9.317 33.901.04l22.667 22.667c9.373 9.373 \n          9.373 24.569 0 33.941L240.971 381.476c-9.373 \n          9.372-24.569 9.372-33.942 0z\"><\/path>\n        <\/svg>\n      <\/span>\n      <span class=\"gb-headline-text\">Dove posso vedere le borse vl\u00e0?<\/span>\n    <\/summary>\n    <div>\n  Previo appuntamento, puoi visionare le borse nel nostro ufficio nel Seefeld di Zurigo \n senza impegno e in tutta tranquillit\u00e0, ricevere una consulenza personale se necessario \n e, se lo desideri, acquistarle direttamente.<br\/> Contatto: 044 380 50 45 oppure <a href=\"mailto:office@vla-bag.ch\">office@vla-bag.ch<\/a>\n    <\/div>\n  <\/details>\n\n  <details>\n    <summary>\n      <span class=\"gb-icon\">\n        <svg aria-hidden=\"true\" role=\"img\" height=\"1em\" width=\"1em\" viewbox=\"0 0 448 512\">\n          <path d=\"M207.029 381.476L12.686 187.132c-9.373-9.373-9.373-24.569 \n          0-33.941l22.667-22.667c9.357-9.357 \n          24.522-9.375 33.901-.04L224 284.505l154.745-154.021c9.379-9.335 \n          24.544-9.317 33.901.04l22.667 22.667c9.373 9.373 \n          9.373 24.569 0 33.941L240.971 381.476c-9.373 \n          9.372-24.569 9.372-33.942 0z\"><\/path>\n        <\/svg>\n      <\/span>\n      <span class=\"gb-headline-text\">Come posso contattarvi?<\/span>\n    <\/summary>\n    <div>\n  Puoi contattarci via e-mail all&#8217;indirizzo <a href=\"mailto:office@vla-bag.ch\">office@vla-bag.ch<\/a> \n o telefonicamente al numero 044 380 50 45. \n Nei giorni feriali rispondiamo di solito entro 24 ore.\n    <\/div>\n  <\/details>\n\n\n<\/section>\n\n<\/div>","protected":false},"excerpt":{"rendered":"<p>FAQ \u2013 Domande frequenti Ordine &#038; Pagamento Quali sono i costi di spedizione? La spedizione \u00e8 gratuita per te, in Svizzera e Liechtenstein. In quali &#8230; <a title=\"FAQ\" class=\"read-more\" href=\"https:\/\/www.vla-bag.ch\/it\/domande-frequenti\/\" aria-label=\"Per saperne di pi\u00f9 su FAQ\">Read more<\/a><\/p>\n","protected":false},"author":2,"featured_media":4774,"parent":0,"menu_order":0,"comment_status":"closed","ping_status":"closed","template":"","meta":{"_seopress_robots_primary_cat":"","_seopress_titles_title":"Domande frequenti | vl\u00e0 - Borse sostenibili in pelle di cactus","_seopress_titles_desc":"Trova le risposte alle domande pi\u00f9 frequenti sulle nostre borse sostenibili in pelle di cactus. Tutto quello che devi sapere su vl\u00e0.","_seopress_robots_index":"","footnotes":""},"class_list":["post-5562","page","type-page","status-publish","has-post-thumbnail"],"_links":{"self":[{"href":"https:\/\/www.vla-bag.ch\/it\/wp-json\/wp\/v2\/pages\/5562","targetHints":{"allow":["GET"]}}],"collection":[{"href":"https:\/\/www.vla-bag.ch\/it\/wp-json\/wp\/v2\/pages"}],"about":[{"href":"https:\/\/www.vla-bag.ch\/it\/wp-json\/wp\/v2\/types\/page"}],"author":[{"embeddable":true,"href":"https:\/\/www.vla-bag.ch\/it\/wp-json\/wp\/v2\/users\/2"}],"replies":[{"embeddable":true,"href":"https:\/\/www.vla-bag.ch\/it\/wp-json\/wp\/v2\/comments?post=5562"}],"version-history":[{"count":8,"href":"https:\/\/www.vla-bag.ch\/it\/wp-json\/wp\/v2\/pages\/5562\/revisions"}],"predecessor-version":[{"id":6264,"href":"https:\/\/www.vla-bag.ch\/it\/wp-json\/wp\/v2\/pages\/5562\/revisions\/6264"}],"wp:featuredmedia":[{"embeddable":true,"href":"https:\/\/www.vla-bag.ch\/it\/wp-json\/wp\/v2\/media\/4774"}],"wp:attachment":[{"href":"https:\/\/www.vla-bag.ch\/it\/wp-json\/wp\/v2\/media?parent=5562"}],"curies":[{"name":"wp","href":"https:\/\/api.w.org\/{rel}","templated":true}]}}