{"id":5735,"date":"2024-05-14T15:54:00","date_gmt":"2024-05-14T13:54:00","guid":{"rendered":"https:\/\/www.vla-bag.ch\/produkt\/fabio-nuit-noire\/"},"modified":"2026-03-31T14:40:05","modified_gmt":"2026-03-31T12:40:05","slug":"fabio-nuit-noire","status":"publish","type":"product","link":"https:\/\/www.vla-bag.ch\/fr\/produkt\/fabio-nuit-noire\/","title":{"rendered":"Fabio Nuit noire"},"content":{"rendered":"<p><strong>Sac \u00e0 main Fabio Black Night<\/strong><\/p>\n<p data-start=\"208\" data-end=\"456\">Fabio est notre sac le plus compact \u2013 r\u00e9duit \u00e0 l\u2019essentiel et au design \u00e9pur\u00e9. Il offre de la place pour les cartes, les cl\u00e9s, le smartphone et autres petits essentiels et assure ordre et clart\u00e9 gr\u00e2ce \u00e0 son agencement int\u00e9rieur r\u00e9fl\u00e9chi. La surface mate en cuir de cactus durable est agr\u00e9able au toucher et conf\u00e8re au sac son caract\u00e8re calme et moderne. Fabio est l\u00e9ger, minimaliste et id\u00e9al pour les d\u00e9placements \u2013 discret, fonctionnel et polyvalent.   <\/p>\n<p data-start=\"700\" data-end=\"797\">Con\u00e7u \u00e0 Zurich, fabriqu\u00e9 \u00e0 la main en Italie \u2013 produit \u00e9quitablement \u00e0 partir de mat\u00e9riaux haut de gamme.<\/p>\n<p data-start=\"846\" data-end=\"875\"><strong data-start=\"849\" data-end=\"875\">Fabrication &amp; mat\u00e9riau<\/strong><\/p>\n<ul>\n<li data-start=\"877\" data-end=\"1005\">Fabriqu\u00e9 \u00e0 la main dans une entreprise familiale en Italie<\/li>\n<li data-start=\"877\" data-end=\"1005\">Vegan<\/li>\n<li data-start=\"877\" data-end=\"1005\">Support durable avec surface mate en cuir de cactus<\/li>\n<\/ul>\n<p data-start=\"1012\" data-end=\"1035\"><strong data-start=\"1015\" data-end=\"1035\">Design &amp; confort<\/strong><\/p>\n<ul>\n<li data-start=\"1037\" data-end=\"1216\">Pochette compacte pour l\u2019essentiel<\/li>\n<li data-start=\"1037\" data-end=\"1216\">Dragonne amovible pour un port flexible<\/li>\n<li data-start=\"1037\" data-end=\"1216\">L\u00e9ger et agr\u00e9able \u00e0 porter<\/li>\n<li data-start=\"1037\" data-end=\"1216\">Surface mate en cuir de cactus au toucher agr\u00e9able<\/li>\n<\/ul>\n<p data-start=\"1223\" data-end=\"1245\"><strong data-start=\"1226\" data-end=\"1245\">Organisation int\u00e9rieure<\/strong><\/p>\n<ul>\n<li data-start=\"1247\" data-end=\"1309\">Un grand compartiment principal<\/li>\n<li data-start=\"1247\" data-end=\"1309\">Trois fentes pour cartes \u00e0 l\u2019int\u00e9rieur<\/li>\n<\/ul>\n<p data-start=\"1316\" data-end=\"1338\"><strong data-start=\"1319\" data-end=\"1338\">D\u00e9tails &amp; dimensions<\/strong><\/p>\n<ul>\n<li data-start=\"1340\" data-end=\"1555\">Doublure italienne noire \u00e9l\u00e9gante<\/li>\n<li data-start=\"1340\" data-end=\"1555\">Pi\u00e8ces m\u00e9talliques anthracite avec couche de protection<\/li>\n<li data-start=\"1340\" data-end=\"1555\">Fermeture \u00e0 glissi\u00e8re YKK<\/li>\n<li data-start=\"1340\" data-end=\"1555\">Livr\u00e9 avec un sac \u00e0 poussi\u00e8re<\/li>\n<li data-start=\"1340\" data-end=\"1555\">Poids : sac 230 g<\/li>\n<li data-start=\"1340\" data-end=\"1555\">Dimensions : 24 \u00d7 12,5 \u00d7 6 cm (L \u00d7 H \u00d7 P)<\/li>\n<\/ul>\n<p data-start=\"1340\" data-end=\"1555\"><img loading=\"lazy\" decoding=\"async\" class=\"alignnone wp-image-4405 size-medium\" src=\"https:\/\/www.vla-bag.ch\/wp-content\/uploads\/2024\/04\/vla-fabio-handbag-schwarz-masse-300x191.jpg\" alt=\"\" width=\"300\" height=\"191\" srcset=\"https:\/\/www.vla-bag.ch\/wp-content\/uploads\/2024\/04\/vla-fabio-handbag-schwarz-masse-300x191.jpg 300w, https:\/\/www.vla-bag.ch\/wp-content\/uploads\/2024\/04\/vla-fabio-handbag-schwarz-masse-768x488.jpg 768w, https:\/\/www.vla-bag.ch\/wp-content\/uploads\/2024\/04\/vla-fabio-handbag-schwarz-masse-800x508.jpg 800w, https:\/\/www.vla-bag.ch\/wp-content\/uploads\/2024\/04\/vla-fabio-handbag-schwarz-masse.jpg 847w\" sizes=\"auto, (max-width: 300px) 100vw, 300px\" \/><\/p>\n","protected":false},"excerpt":{"rendered":"<p>Pochette compacte avec dragonne pour l\u2019essentiel en cuir de cactus haut de gamme<\/p>\n","protected":false},"featured_media":4440,"template":"","meta":{"_seopress_robots_primary_cat":"none","_seopress_titles_title":"Sac \u00e0 poignet Fabio pour homme - compact & fait main en Italie | vl\u00e0","_seopress_titles_desc":"Sac \u00e0 main compact en cuir de cactus durable - avec poches pour cartes et dragonne. Minimaliste, fonctionnel et v\u00e9g\u00e9talien. Fabriqu\u00e9 \u00e0 la main en Italie.  ","_seopress_robots_index":""},"product_brand":[],"product_cat":[91,72],"product_tag":[],"class_list":{"0":"post-5735","1":"product","2":"type-product","3":"status-publish","4":"has-post-thumbnail","6":"product_cat-sac-a-main","7":"product_cat-tous-les-sacs","8":"sales-flash-overlay","9":"woocommerce-text-align-left","10":"woocommerce-image-align-center","11":"do-quantity-buttons","13":"first","14":"instock","15":"featured","16":"shipping-taxable","17":"purchasable","18":"product-type-simple"},"_links":{"self":[{"href":"https:\/\/www.vla-bag.ch\/fr\/wp-json\/wp\/v2\/product\/5735","targetHints":{"allow":["GET"]}}],"collection":[{"href":"https:\/\/www.vla-bag.ch\/fr\/wp-json\/wp\/v2\/product"}],"about":[{"href":"https:\/\/www.vla-bag.ch\/fr\/wp-json\/wp\/v2\/types\/product"}],"wp:featuredmedia":[{"embeddable":true,"href":"https:\/\/www.vla-bag.ch\/fr\/wp-json\/wp\/v2\/media\/4440"}],"wp:attachment":[{"href":"https:\/\/www.vla-bag.ch\/fr\/wp-json\/wp\/v2\/media?parent=5735"}],"wp:term":[{"taxonomy":"product_brand","embeddable":true,"href":"https:\/\/www.vla-bag.ch\/fr\/wp-json\/wp\/v2\/product_brand?post=5735"},{"taxonomy":"product_cat","embeddable":true,"href":"https:\/\/www.vla-bag.ch\/fr\/wp-json\/wp\/v2\/product_cat?post=5735"},{"taxonomy":"product_tag","embeddable":true,"href":"https:\/\/www.vla-bag.ch\/fr\/wp-json\/wp\/v2\/product_tag?post=5735"}],"curies":[{"name":"wp","href":"https:\/\/api.w.org\/{rel}","templated":true}]}}