{"id":5724,"date":"2024-05-14T14:20:54","date_gmt":"2024-05-14T12:20:54","guid":{"rendered":"https:\/\/www.vla-bag.ch\/produkt\/sofia-nuit-noire\/"},"modified":"2026-03-31T14:26:50","modified_gmt":"2026-03-31T12:26:50","slug":"sofia-nuit-noire","status":"publish","type":"product","link":"https:\/\/www.vla-bag.ch\/fr\/produkt\/sofia-nuit-noire\/","title":{"rendered":"Sofia Nuit noire"},"content":{"rendered":"<p><strong>Sofia Nuit noire<\/strong><\/p>\n<p data-start=\"165\" data-end=\"371\">Sofia est un sac bandouli\u00e8re compact \u00e0 la forme \u00e9pur\u00e9e et au design fonctionnel. Il offre de l&rsquo;espace pour vos essentiels et assure ordre et clart\u00e9 gr\u00e2ce \u00e0 son agencement int\u00e9rieur r\u00e9fl\u00e9chi. La surface mate en cuir de cactus durable est agr\u00e9able au toucher et conf\u00e8re au sac son caract\u00e8re calme et moderne. Sofia est l\u00e9ger, polyvalent et id\u00e9al pour vos d\u00e9placements \u2013 au quotidien, en voyage ou en soir\u00e9e.   <\/p>\n<p data-start=\"602\" data-end=\"699\">Con\u00e7u \u00e0 Zurich, fabriqu\u00e9 \u00e0 la main en Italie \u2013 produit \u00e9quitablement \u00e0 partir de mat\u00e9riaux haut de gamme.<\/p>\n<p>&nbsp;<\/p>\n<p data-start=\"748\" data-end=\"777\"><strong data-start=\"751\" data-end=\"777\">Fabrication &amp; mat\u00e9riau<\/strong><\/p>\n<ul>\n<li data-start=\"779\" data-end=\"907\">Fabriqu\u00e9 \u00e0 la main dans une entreprise familiale en Italie<\/li>\n<li data-start=\"779\" data-end=\"907\">Vegan<\/li>\n<li data-start=\"779\" data-end=\"907\">Support durable avec surface mate en cuir de cactus<\/li>\n<\/ul>\n<p data-start=\"748\" data-end=\"777\"><strong data-start=\"751\" data-end=\"777\">Fabrication &amp; mat\u00e9riau<\/strong><\/p>\n<ul>\n<li data-start=\"779\" data-end=\"907\">Fabriqu\u00e9 \u00e0 la main dans une entreprise familiale en Italie<\/li>\n<li data-start=\"779\" data-end=\"907\">Vegan<\/li>\n<li data-start=\"779\" data-end=\"907\">Support durable avec surface mate en cuir de cactus<\/li>\n<\/ul>\n<p data-start=\"1136\" data-end=\"1158\"><strong data-start=\"1139\" data-end=\"1158\">Organisation int\u00e9rieure<\/strong><\/p>\n<ul>\n<li data-start=\"1160\" data-end=\"1228\">Un grand compartiment principal<\/li>\n<li data-start=\"1160\" data-end=\"1228\">Une poche int\u00e9rieure avec fermeture \u00e9clair<\/li>\n<\/ul>\n<p data-start=\"1235\" data-end=\"1257\"><strong data-start=\"1238\" data-end=\"1257\">D\u00e9tails &amp; dimensions<\/strong><\/p>\n<ul>\n<li data-start=\"1259\" data-end=\"1490\">Doublure italienne noire \u00e9l\u00e9gante<\/li>\n<li data-start=\"1259\" data-end=\"1490\">\u00c9l\u00e9ments m\u00e9talliques dor\u00e9s avec rev\u00eatement protecteur<\/li>\n<li data-start=\"1259\" data-end=\"1490\">Fermeture \u00e0 glissi\u00e8re YKK<\/li>\n<li data-start=\"1259\" data-end=\"1490\">Livr\u00e9 avec un sac \u00e0 poussi\u00e8re<\/li>\n<li data-start=\"1259\" data-end=\"1490\">Poids : sac 280 g, bandouli\u00e8re 110 g<\/li>\n<li data-start=\"1259\" data-end=\"1490\">Dimensions : 23 \u00d7 14,5 \u00d7 7,5 cm (L \u00d7 H \u00d7 P)<\/li>\n<\/ul>\n<p><img loading=\"lazy\" decoding=\"async\" class=\"alignnone wp-image-4404 size-medium\" src=\"https:\/\/www.vla-bag.ch\/wp-content\/uploads\/2024\/04\/vla-sofia-crossbody-bag-schwarz-masse-300x194.jpg\" alt=\"\" width=\"300\" height=\"194\" srcset=\"https:\/\/www.vla-bag.ch\/wp-content\/uploads\/2024\/04\/vla-sofia-crossbody-bag-schwarz-masse-300x194.jpg 300w, https:\/\/www.vla-bag.ch\/wp-content\/uploads\/2024\/04\/vla-sofia-crossbody-bag-schwarz-masse-768x497.jpg 768w, https:\/\/www.vla-bag.ch\/wp-content\/uploads\/2024\/04\/vla-sofia-crossbody-bag-schwarz-masse-800x518.jpg 800w, https:\/\/www.vla-bag.ch\/wp-content\/uploads\/2024\/04\/vla-sofia-crossbody-bag-schwarz-masse.jpg 853w\" sizes=\"auto, (max-width: 300px) 100vw, 300px\" \/><\/p>\n","protected":false},"excerpt":{"rendered":"<p>Sac crossbody compact pour l\u2019essentiel en cuir de cactus haut de gamme<\/p>\n","protected":false},"featured_media":4417,"template":"","meta":{"_seopress_robots_primary_cat":"none","_seopress_titles_title":"Sac \u00e0 bandouli\u00e8re Sofia - durable & fait main en Italie | vl\u00e0","_seopress_titles_desc":"Sac crossbody compact en cuir de cactus durable en Black Night. Fabriqu\u00e9 \u00e0 la main en Italie - l\u00e9ger, fonctionnel et \u00e9l\u00e9gant. 100 % v\u00e9g\u00e9talien.  ","_seopress_robots_index":""},"product_brand":[],"product_cat":[73,72],"product_tag":[],"class_list":{"0":"post-5724","1":"product","2":"type-product","3":"status-publish","4":"has-post-thumbnail","6":"product_cat-sac-a-bandouliere","7":"product_cat-tous-les-sacs","8":"sales-flash-overlay","9":"woocommerce-text-align-left","10":"woocommerce-image-align-center","11":"do-quantity-buttons","13":"first","14":"outofstock","15":"featured","16":"shipping-taxable","17":"purchasable","18":"product-type-simple"},"_links":{"self":[{"href":"https:\/\/www.vla-bag.ch\/fr\/wp-json\/wp\/v2\/product\/5724","targetHints":{"allow":["GET"]}}],"collection":[{"href":"https:\/\/www.vla-bag.ch\/fr\/wp-json\/wp\/v2\/product"}],"about":[{"href":"https:\/\/www.vla-bag.ch\/fr\/wp-json\/wp\/v2\/types\/product"}],"wp:featuredmedia":[{"embeddable":true,"href":"https:\/\/www.vla-bag.ch\/fr\/wp-json\/wp\/v2\/media\/4417"}],"wp:attachment":[{"href":"https:\/\/www.vla-bag.ch\/fr\/wp-json\/wp\/v2\/media?parent=5724"}],"wp:term":[{"taxonomy":"product_brand","embeddable":true,"href":"https:\/\/www.vla-bag.ch\/fr\/wp-json\/wp\/v2\/product_brand?post=5724"},{"taxonomy":"product_cat","embeddable":true,"href":"https:\/\/www.vla-bag.ch\/fr\/wp-json\/wp\/v2\/product_cat?post=5724"},{"taxonomy":"product_tag","embeddable":true,"href":"https:\/\/www.vla-bag.ch\/fr\/wp-json\/wp\/v2\/product_tag?post=5724"}],"curies":[{"name":"wp","href":"https:\/\/api.w.org\/{rel}","templated":true}]}}