{"id":5659,"date":"2022-03-07T17:50:53","date_gmt":"2022-03-07T16:50:53","guid":{"rendered":"https:\/\/www.vla-bag.ch\/produkt\/vin-rouge-laura\/"},"modified":"2026-03-31T15:22:18","modified_gmt":"2026-03-31T13:22:18","slug":"vin-rouge-laura","status":"publish","type":"product","link":"https:\/\/www.vla-bag.ch\/fr\/produkt\/vin-rouge-laura\/","title":{"rendered":"Laura Red Wine"},"content":{"rendered":"<p><strong>Laura Shopper Rouge Vigne<\/strong><\/p>\n<p>Laura s\u00e9duit par sa surface souple et l\u00e9g\u00e8rement brillante en cuir de cactus durable, offrant un toucher particuli\u00e8rement agr\u00e9able. Ce cabas offre un espace g\u00e9n\u00e9reux pour tout ce dont vous avez besoin au quotidien \u2013 \u00e9l\u00e9gant, l\u00e9ger et fonctionnel. Un grand compartiment principal, des poches int\u00e9rieures astucieuses et un fermoir magn\u00e9tique garantissent organisation et acc\u00e8s facile. Polyvalente, Laura vous accompagne sans effort au travail, au quotidien ou en d\u00e9placement.   <\/p>\n<p>Con\u00e7u \u00e0 Zurich, fabriqu\u00e9 \u00e0 la main en Italie \u2013 produit \u00e9quitablement \u00e0 partir de mat\u00e9riaux haut de gamme.<\/p>\n<p>&nbsp;<\/p>\n<p data-section-id=\"6d4mbu\" data-start=\"905\" data-end=\"931\"><strong>Fabrication &amp; mat\u00e9riau<\/strong><\/p>\n<ul>\n<li data-start=\"933\" data-end=\"1081\">Fabriqu\u00e9 \u00e0 la main dans une entreprise familiale en Italie<\/li>\n<li data-start=\"933\" data-end=\"1081\">Vegan<\/li>\n<li data-start=\"933\" data-end=\"1081\">Support durable avec surface en cuir de cactus souple et l\u00e9g\u00e8rement brillante<\/li>\n<\/ul>\n<p><strong>Design &amp; confort<\/strong><\/p>\n<ul>\n<li>Toucher naturel et agr\u00e9able<\/li>\n<li>Deux anses (env. 30 cm) \u2013 port confortable \u00e0 l\u2019\u00e9paule<\/li>\n<li>L\u00e9ger et flexible pour un usage quotidien<\/li>\n<\/ul>\n<p><strong>Organisation int\u00e9rieure<\/strong><\/p>\n<ul>\n<li>Grand compartiment principal<\/li>\n<li>Deux poches ouvertes pour t\u00e9l\u00e9phone ou documents<\/li>\n<li>Une poche zipp\u00e9e<\/li>\n<li>Lani\u00e8re cousue (env. 30 cm) avec mousqueton pour cl\u00e9s ou accessoires<\/li>\n<\/ul>\n<p><strong>D\u00e9tails &amp; dimensions<\/strong><\/p>\n<ul>\n<li>Fermoir magn\u00e9tique<\/li>\n<li>Avec sac anti-poussi\u00e8re en viscose<\/li>\n<li>Poids : 560 g<\/li>\n<li>Dimensions : 40 \u00d7 29 \u00d7 20 cm (L \u00d7 H \u00d7 P)<\/li>\n<\/ul>\n<p><img loading=\"lazy\" decoding=\"async\" class=\"alignnone size-medium wp-image-4307\" src=\"https:\/\/www.vla-bag.ch\/wp-content\/uploads\/2023\/10\/vla-shopper-red-masse-1-285x300.jpg\" alt=\"\" width=\"285\" height=\"300\" srcset=\"https:\/\/www.vla-bag.ch\/wp-content\/uploads\/2023\/10\/vla-shopper-red-masse-1-285x300.jpg 285w, https:\/\/www.vla-bag.ch\/wp-content\/uploads\/2023\/10\/vla-shopper-red-masse-1-768x808.jpg 768w, https:\/\/www.vla-bag.ch\/wp-content\/uploads\/2023\/10\/vla-shopper-red-masse-1-800x842.jpg 800w, https:\/\/www.vla-bag.ch\/wp-content\/uploads\/2023\/10\/vla-shopper-red-masse-1.jpg 805w\" sizes=\"auto, (max-width: 285px) 100vw, 285px\" \/><\/p>\n","protected":false},"excerpt":{"rendered":"<p>Spacieux pour le quotidien et le travail en cuir de cactus haut de gamme<\/p>\n","protected":false},"featured_media":3171,"template":"","meta":{"_seopress_robots_primary_cat":"none","_seopress_titles_title":"Laura Shopper Red Wine - durable & fait main en Italie | vl\u00e0","_seopress_titles_desc":"Sac \u00e0 main de caract\u00e8re en cuir de cactus durable de couleur Red Wine. Fabriqu\u00e9 \u00e0 la main en Italie - \u00e9l\u00e9gant, durable et produit en connaissance de cause. 100 % v\u00e9g\u00e9talien.  ","_seopress_robots_index":""},"product_brand":[],"product_cat":[88,72],"product_tag":[],"class_list":{"0":"post-5659","1":"product","2":"type-product","3":"status-publish","4":"has-post-thumbnail","6":"product_cat-shopper-fr","7":"product_cat-tous-les-sacs","8":"sales-flash-overlay","9":"woocommerce-text-align-left","10":"woocommerce-image-align-center","11":"do-quantity-buttons","13":"first","14":"instock","15":"shipping-taxable","16":"purchasable","17":"product-type-simple"},"_links":{"self":[{"href":"https:\/\/www.vla-bag.ch\/fr\/wp-json\/wp\/v2\/product\/5659","targetHints":{"allow":["GET"]}}],"collection":[{"href":"https:\/\/www.vla-bag.ch\/fr\/wp-json\/wp\/v2\/product"}],"about":[{"href":"https:\/\/www.vla-bag.ch\/fr\/wp-json\/wp\/v2\/types\/product"}],"wp:featuredmedia":[{"embeddable":true,"href":"https:\/\/www.vla-bag.ch\/fr\/wp-json\/wp\/v2\/media\/3171"}],"wp:attachment":[{"href":"https:\/\/www.vla-bag.ch\/fr\/wp-json\/wp\/v2\/media?parent=5659"}],"wp:term":[{"taxonomy":"product_brand","embeddable":true,"href":"https:\/\/www.vla-bag.ch\/fr\/wp-json\/wp\/v2\/product_brand?post=5659"},{"taxonomy":"product_cat","embeddable":true,"href":"https:\/\/www.vla-bag.ch\/fr\/wp-json\/wp\/v2\/product_cat?post=5659"},{"taxonomy":"product_tag","embeddable":true,"href":"https:\/\/www.vla-bag.ch\/fr\/wp-json\/wp\/v2\/product_tag?post=5659"}],"curies":[{"name":"wp","href":"https:\/\/api.w.org\/{rel}","templated":true}]}}