{"id":5650,"date":"2022-03-08T14:04:19","date_gmt":"2022-03-08T13:04:19","guid":{"rendered":"https:\/\/www.vla-bag.ch\/produkt\/nina-red-wine\/"},"modified":"2026-03-31T15:03:04","modified_gmt":"2026-03-31T13:03:04","slug":"nina-red-wine","status":"publish","type":"product","link":"https:\/\/www.vla-bag.ch\/fr\/produkt\/nina-red-wine\/","title":{"rendered":"Nina Red Wine"},"content":{"rendered":"<p><strong>Nina Bucket Bag Red Wine<\/strong><\/p>\n<p data-start=\"177\" data-end=\"430\">Nina est notre interpr\u00e9tation moderne du sac seau classique \u2013 avec des lignes \u00e9pur\u00e9es et un design fonctionnel. Elle offre suffisamment de place pour vos essentiels du quotidien et assure une vue d\u2019ensemble et un rangement ordonn\u00e9 gr\u00e2ce \u00e0 une organisation int\u00e9rieure bien pens\u00e9e. La surface l\u00e9g\u00e8rement brillante en cuir de cactus durable est agr\u00e9able au toucher et conf\u00e8re au sac son caract\u00e8re calme et contemporain. Nina se porte de multiples fa\u00e7ons et vous accompagne avec style au quotidien, en voyage ou pendant vos loisirs.   <\/p>\n<p data-start=\"661\" data-end=\"758\">Con\u00e7u \u00e0 Zurich, fabriqu\u00e9 \u00e0 la main en Italie \u2013 produit \u00e9quitablement \u00e0 partir de mat\u00e9riaux haut de gamme.<\/p>\n<p>&nbsp;<\/p>\n<p data-start=\"818\" data-end=\"847\"><strong data-start=\"821\" data-end=\"847\">Fabrication &amp; mat\u00e9riau<\/strong><\/p>\n<ul>\n<li data-start=\"849\" data-end=\"977\">Fabriqu\u00e9 \u00e0 la main dans une entreprise familiale en Italie<\/li>\n<li data-start=\"849\" data-end=\"977\">Vegan<\/li>\n<li data-start=\"849\" data-end=\"977\">Support durable avec surface en cuir de cactus l\u00e9g\u00e8rement brillant<\/li>\n<\/ul>\n<p data-start=\"984\" data-end=\"1007\"><strong data-start=\"987\" data-end=\"1007\">Design &amp; confort<\/strong><\/p>\n<ul>\n<li data-start=\"1009\" data-end=\"1193\">Sac seau classique revisit\u00e9 dans une interpr\u00e9tation moderne<\/li>\n<li data-start=\"1009\" data-end=\"1193\">Bandouli\u00e8re amovible et r\u00e9glable (max. 60 cm)<\/li>\n<li data-start=\"1009\" data-end=\"1193\">Anse de portage amovible<\/li>\n<li data-start=\"1009\" data-end=\"1193\">Structure souple pour un port agr\u00e9able<\/li>\n<li data-start=\"1009\" data-end=\"1193\">Surface en cuir de cactus l\u00e9g\u00e8rement brillante, au toucher agr\u00e9able<\/li>\n<\/ul>\n<p data-start=\"1200\" data-end=\"1222\"><strong data-start=\"1203\" data-end=\"1222\">Organisation int\u00e9rieure<\/strong><\/p>\n<ul>\n<li data-start=\"1224\" data-end=\"1319\">Un grand compartiment principal<\/li>\n<li data-start=\"1224\" data-end=\"1319\">Deux poches ouvertes pour t\u00e9l\u00e9phone ou documents<\/li>\n<li data-start=\"1224\" data-end=\"1319\">Une poche zipp\u00e9e<\/li>\n<\/ul>\n<p><strong style=\"font-size: inherit;\" data-start=\"1329\" data-end=\"1348\">D\u00e9tails &amp; dimensions<\/strong><\/p>\n<ul>\n<li data-start=\"1350\" data-end=\"1440\">Avec sac anti-poussi\u00e8re en viscose<\/li>\n<li data-start=\"1350\" data-end=\"1440\">Poids : 630 g<\/li>\n<li data-start=\"1350\" data-end=\"1440\">Dimensions : 28 \u00d7 31 \u00d7 18 cm (l \u00d7 h \u00d7 p)<\/li>\n<\/ul>\n<p><img loading=\"lazy\" decoding=\"async\" class=\"alignnone size-medium wp-image-4304\" src=\"https:\/\/www.vla-bag.ch\/wp-content\/uploads\/2023\/10\/vla-bucket-bag-red-masse-298x300.jpg\" alt=\"\" width=\"298\" height=\"300\" srcset=\"https:\/\/www.vla-bag.ch\/wp-content\/uploads\/2023\/10\/vla-bucket-bag-red-masse-298x300.jpg 298w, https:\/\/www.vla-bag.ch\/wp-content\/uploads\/2023\/10\/vla-bucket-bag-red-masse-150x150.jpg 150w, https:\/\/www.vla-bag.ch\/wp-content\/uploads\/2023\/10\/vla-bucket-bag-red-masse-768x772.jpg 768w, https:\/\/www.vla-bag.ch\/wp-content\/uploads\/2023\/10\/vla-bucket-bag-red-masse-100x100.jpg 100w, https:\/\/www.vla-bag.ch\/wp-content\/uploads\/2023\/10\/vla-bucket-bag-red-masse.jpg 775w\" sizes=\"auto, (max-width: 298px) 100vw, 298px\" \/><\/p>\n","protected":false},"excerpt":{"rendered":"<p>\u00c0 la forme \u00e9pur\u00e9e pour un usage quotidien en cuir de cactus haut de gamme<\/p>\n","protected":false},"featured_media":3968,"template":"","meta":{"_seopress_robots_primary_cat":"none","_seopress_titles_title":"Nina Bucket Bag Red Wine - durable & fait main en Italie | vl\u00e0","_seopress_titles_desc":"Sac \u00e0 bucket de caract\u00e8re en Red Wine - en cuir de cactus v\u00e9g\u00e9tal avec un int\u00e9rieur astucieux. Finition de haute qualit\u00e9 en Italie, 100 % v\u00e9g\u00e9talien. ","_seopress_robots_index":""},"product_brand":[],"product_cat":[86,72],"product_tag":[],"class_list":{"0":"post-5650","1":"product","2":"type-product","3":"status-publish","4":"has-post-thumbnail","6":"product_cat-sac-a-bucket","7":"product_cat-tous-les-sacs","8":"sales-flash-overlay","9":"woocommerce-text-align-left","10":"woocommerce-image-align-center","11":"do-quantity-buttons","13":"first","14":"outofstock","15":"sold-individually","16":"shipping-taxable","17":"purchasable","18":"product-type-simple"},"_links":{"self":[{"href":"https:\/\/www.vla-bag.ch\/fr\/wp-json\/wp\/v2\/product\/5650","targetHints":{"allow":["GET"]}}],"collection":[{"href":"https:\/\/www.vla-bag.ch\/fr\/wp-json\/wp\/v2\/product"}],"about":[{"href":"https:\/\/www.vla-bag.ch\/fr\/wp-json\/wp\/v2\/types\/product"}],"wp:featuredmedia":[{"embeddable":true,"href":"https:\/\/www.vla-bag.ch\/fr\/wp-json\/wp\/v2\/media\/3968"}],"wp:attachment":[{"href":"https:\/\/www.vla-bag.ch\/fr\/wp-json\/wp\/v2\/media?parent=5650"}],"wp:term":[{"taxonomy":"product_brand","embeddable":true,"href":"https:\/\/www.vla-bag.ch\/fr\/wp-json\/wp\/v2\/product_brand?post=5650"},{"taxonomy":"product_cat","embeddable":true,"href":"https:\/\/www.vla-bag.ch\/fr\/wp-json\/wp\/v2\/product_cat?post=5650"},{"taxonomy":"product_tag","embeddable":true,"href":"https:\/\/www.vla-bag.ch\/fr\/wp-json\/wp\/v2\/product_tag?post=5650"}],"curies":[{"name":"wp","href":"https:\/\/api.w.org\/{rel}","templated":true}]}}