{"id":5646,"date":"2022-03-09T14:57:04","date_gmt":"2022-03-09T13:57:04","guid":{"rendered":"https:\/\/www.vla-bag.ch\/produkt\/gaia-beige-sable\/"},"modified":"2026-03-31T16:24:31","modified_gmt":"2026-03-31T14:24:31","slug":"gaia-beige-sable","status":"publish","type":"product","link":"https:\/\/www.vla-bag.ch\/fr\/produkt\/gaia-beige-sable\/","title":{"rendered":"Gaia Beige Sable"},"content":{"rendered":"<p><strong>Gaia Sac \u00e0 dos Beige Sand<\/strong><\/p>\n<p data-start=\"233\" data-end=\"441\">Gaia est un sac \u2019\u00e0 dos minimaliste au design \u00e9pur\u00e9 et fonctionnel. Il offre suffisamment d\u2019espace pour votre quotidien et assure ordre et clart\u00e9 gr\u00e2ce \u00e0 son agencement int\u00e9rieur ing\u00e9nieux. La surface mate en cuir de cactus durable est agr\u00e9able au toucher et conf\u00e8re au sac son caract\u00e8re sobre et moderne. Gr\u00e2ce aux bretelles escamotables, Gaia se transforme facilement de sac \u00e0 dos en sac \u00e0 main et s\u2019adapte sans effort \u00e0 votre quotidien, vos voyages ou vos d\u00e9placements urbains.   <\/p>\n<p data-start=\"726\" data-end=\"823\">Con\u00e7u \u00e0 Zurich, fabriqu\u00e9 \u00e0 la main en Italie \u2013 produit \u00e9quitablement \u00e0 partir de mat\u00e9riaux haut de gamme.<\/p>\n<p>&nbsp;<\/p>\n<p data-start=\"872\" data-end=\"901\"><strong data-start=\"875\" data-end=\"901\">Fabrication &amp; mat\u00e9riau<\/strong><\/p>\n<ul>\n<li data-start=\"903\" data-end=\"1031\">Fabriqu\u00e9 \u00e0 la main dans une entreprise familiale en Italie<\/li>\n<li data-start=\"903\" data-end=\"1031\">Vegan<\/li>\n<li data-start=\"903\" data-end=\"1031\">Support durable avec surface mate en cuir de cactus<\/li>\n<\/ul>\n<p data-start=\"1038\" data-end=\"1061\"><strong data-start=\"1041\" data-end=\"1061\">Design &amp; confort<\/strong><\/p>\n<ul>\n<li data-start=\"1063\" data-end=\"1308\">Sac \u00e0 dos minimaliste pour le quotidien et les voyages<\/li>\n<li data-start=\"1063\" data-end=\"1308\">Deux poign\u00e9es de portage pour un transport flexible<\/li>\n<li data-start=\"1063\" data-end=\"1308\">Bretelles r\u00e9glables, port\u00e9 modulable<\/li>\n<li data-start=\"1063\" data-end=\"1308\">Bretelles escamotables pour une utilisation polyvalente<\/li>\n<li data-start=\"1063\" data-end=\"1308\">Surface mate en cuir de cactus au toucher agr\u00e9able<\/li>\n<\/ul>\n<p data-start=\"1315\" data-end=\"1337\"><strong data-start=\"1318\" data-end=\"1337\">Organisation int\u00e9rieure<\/strong><\/p>\n<ul>\n<li data-start=\"1339\" data-end=\"1465\">Un grand compartiment principal<\/li>\n<li data-start=\"1339\" data-end=\"1465\">Deux poches ouvertes pour t\u00e9l\u00e9phone ou documents<\/li>\n<li data-start=\"1339\" data-end=\"1465\">Une poche zipp\u00e9e<\/li>\n<li data-start=\"1339\" data-end=\"1465\">Espace pour un ordinateur portable jusqu\u2019\u00e0 15\u2033<\/li>\n<\/ul>\n<p data-start=\"1472\" data-end=\"1494\"><strong data-start=\"1475\" data-end=\"1494\">D\u00e9tails &amp; dimensions<\/strong><\/p>\n<ul>\n<li data-start=\"1496\" data-end=\"1725\">Compartiment ext\u00e9rieur avec fermeture aimant\u00e9e pour ranger les bretelles<\/li>\n<li data-start=\"1496\" data-end=\"1725\">Surface hydrofuge (aucune impr\u00e9gnation n\u00e9cessaire)<\/li>\n<li data-start=\"1496\" data-end=\"1725\">Avec sac anti-poussi\u00e8re en viscose<\/li>\n<li data-start=\"1496\" data-end=\"1725\">Poids : 950 g<\/li>\n<li data-start=\"1496\" data-end=\"1725\">Dimensions : 36 \u00d7 39 \u00d7 19 cm (L \u00d7 H \u00d7 P)<\/li>\n<\/ul>\n<p><img loading=\"lazy\" decoding=\"async\" class=\"alignnone size-medium wp-image-4313\" src=\"https:\/\/www.vla-bag.ch\/wp-content\/uploads\/2022\/03\/vla-rucksack-beige-masse-300x280.jpg\" alt=\"\" width=\"300\" height=\"280\" srcset=\"https:\/\/www.vla-bag.ch\/wp-content\/uploads\/2022\/03\/vla-rucksack-beige-masse-300x280.jpg 300w, https:\/\/www.vla-bag.ch\/wp-content\/uploads\/2022\/03\/vla-rucksack-beige-masse-768x717.jpg 768w, https:\/\/www.vla-bag.ch\/wp-content\/uploads\/2022\/03\/vla-rucksack-beige-masse-800x747.jpg 800w, https:\/\/www.vla-bag.ch\/wp-content\/uploads\/2022\/03\/vla-rucksack-beige-masse.jpg 914w\" sizes=\"auto, (max-width: 300px) 100vw, 300px\" \/><\/p>\n","protected":false},"excerpt":{"rendered":"<p data-start=\"196\" data-end=\"282\">Con\u00e7u avec soin et polyvalent pour le quotidien et les voyages en cuir de cactus haut de gamme<\/p>\n","protected":false},"featured_media":3229,"template":"","meta":{"_seopress_robots_primary_cat":"none","_seopress_titles_title":"Gaia Sac \u00e0 dos Beige Sable - durable & fait main en Italie | vl\u00e0","_seopress_titles_desc":"Sac \u00e0 dos l\u00e9ger en cuir de cactus durable de couleur beige sable. Polyvalent, urbain et \u00e9l\u00e9gant - fabriqu\u00e9 \u00e0 la main en Italie, 100 % v\u00e9g\u00e9talien. ","_seopress_robots_index":""},"product_brand":[],"product_cat":[84,72],"product_tag":[],"class_list":{"0":"post-5646","1":"product","2":"type-product","3":"status-publish","4":"has-post-thumbnail","6":"product_cat-sac-a-dos","7":"product_cat-tous-les-sacs","8":"sales-flash-overlay","9":"woocommerce-text-align-left","10":"woocommerce-image-align-center","11":"do-quantity-buttons","13":"first","14":"instock","15":"shipping-taxable","16":"purchasable","17":"product-type-simple"},"_links":{"self":[{"href":"https:\/\/www.vla-bag.ch\/fr\/wp-json\/wp\/v2\/product\/5646","targetHints":{"allow":["GET"]}}],"collection":[{"href":"https:\/\/www.vla-bag.ch\/fr\/wp-json\/wp\/v2\/product"}],"about":[{"href":"https:\/\/www.vla-bag.ch\/fr\/wp-json\/wp\/v2\/types\/product"}],"wp:featuredmedia":[{"embeddable":true,"href":"https:\/\/www.vla-bag.ch\/fr\/wp-json\/wp\/v2\/media\/3229"}],"wp:attachment":[{"href":"https:\/\/www.vla-bag.ch\/fr\/wp-json\/wp\/v2\/media?parent=5646"}],"wp:term":[{"taxonomy":"product_brand","embeddable":true,"href":"https:\/\/www.vla-bag.ch\/fr\/wp-json\/wp\/v2\/product_brand?post=5646"},{"taxonomy":"product_cat","embeddable":true,"href":"https:\/\/www.vla-bag.ch\/fr\/wp-json\/wp\/v2\/product_cat?post=5646"},{"taxonomy":"product_tag","embeddable":true,"href":"https:\/\/www.vla-bag.ch\/fr\/wp-json\/wp\/v2\/product_tag?post=5646"}],"curies":[{"name":"wp","href":"https:\/\/api.w.org\/{rel}","templated":true}]}}