{"id":5640,"date":"2022-03-09T15:50:20","date_gmt":"2022-03-09T14:50:20","guid":{"rendered":"https:\/\/www.vla-bag.ch\/produkt\/dario-red-wine\/"},"modified":"2026-03-31T15:38:25","modified_gmt":"2026-03-31T13:38:25","slug":"dario-red-wine","status":"publish","type":"product","link":"https:\/\/www.vla-bag.ch\/fr\/produkt\/dario-red-wine\/","title":{"rendered":"Dario Red Wine"},"content":{"rendered":"<p><strong>Sac de week-end Dario Red Wine<br \/>\n<\/strong><\/p>\n<p data-start=\"214\" data-end=\"466\">Dario est notre sac week-end au design \u00e9pur\u00e9 et \u00e0 la structure bien pens\u00e9e. Il offre un espace g\u00e9n\u00e9reux pour tout ce dont vous avez besoin pour de courts voyages ou des escapades le temps d\u2019un week-end, et assure une vue d\u2019ensemble claire et un rangement ordonn\u00e9 gr\u00e2ce \u00e0 son agencement int\u00e9rieur fonctionnel. La surface l\u00e9g\u00e8rement brillante en cuir de cactus durable est agr\u00e9able au toucher et conf\u00e8re au sac son caract\u00e8re calme et moderne. Dario est spacieux, polyvalent et fiable \u2013 id\u00e9al pour voyager, faire du sport ou vos d\u00e9placements.   <\/p>\n<p data-start=\"694\" data-end=\"791\">Con\u00e7u \u00e0 Zurich, fabriqu\u00e9 \u00e0 la main en Italie \u2013 produit \u00e9quitablement \u00e0 partir de mat\u00e9riaux haut de gamme.<\/p>\n<p>&nbsp;<\/p>\n<p data-start=\"840\" data-end=\"869\"><strong data-start=\"843\" data-end=\"869\">Fabrication &amp; mat\u00e9riau<\/strong><\/p>\n<ul>\n<li data-start=\"871\" data-end=\"999\">Fabriqu\u00e9 \u00e0 la main dans une entreprise familiale en Italie<\/li>\n<li data-start=\"871\" data-end=\"999\">Vegan<\/li>\n<li data-start=\"871\" data-end=\"999\">Support durable avec surface en cuir de cactus l\u00e9g\u00e8rement brillant<\/li>\n<\/ul>\n<p data-start=\"1006\" data-end=\"1029\"><strong data-start=\"1009\" data-end=\"1029\">Design &amp; confort<\/strong><\/p>\n<ul>\n<li data-start=\"1031\" data-end=\"1240\">Deux poign\u00e9es de portage pour un transport flexible<\/li>\n<li data-start=\"1031\" data-end=\"1240\">Bandouli\u00e8re en tissu amovible et r\u00e9glable avec application en cuir de cactus<\/li>\n<li data-start=\"1031\" data-end=\"1240\">Structure souple pour un port agr\u00e9able<\/li>\n<li data-start=\"1031\" data-end=\"1240\">Surface en cuir de cactus l\u00e9g\u00e8rement brillante, au toucher agr\u00e9able<\/li>\n<\/ul>\n<p data-start=\"1247\" data-end=\"1269\"><strong data-start=\"1250\" data-end=\"1269\">Organisation int\u00e9rieure<\/strong><\/p>\n<ul>\n<li data-start=\"1271\" data-end=\"1444\">Un grand compartiment principal<\/li>\n<li data-start=\"1271\" data-end=\"1444\">Trois compartiments ouverts pour t\u00e9l\u00e9phone ou documents<\/li>\n<li data-start=\"1271\" data-end=\"1444\">Deux poches zipp\u00e9es<\/li>\n<li data-start=\"1271\" data-end=\"1444\">Fermeture \u00e9clair pouvant s\u2019ouvrir largement sur le c\u00f4t\u00e9 pour un acc\u00e8s facile<\/li>\n<\/ul>\n<p data-start=\"1451\" data-end=\"1473\"><strong data-start=\"1454\" data-end=\"1473\">D\u00e9tails &amp; dimensions<\/strong><\/p>\n<ul>\n<li>Pieds m\u00e9talliques pour prot\u00e9ger le sac<\/li>\n<li>Avec sac anti-poussi\u00e8re en viscose<\/li>\n<li>Poids : 950 g<\/li>\n<li>Dimensions : 48 \u00d7 31 \u00d7 23 cm (L \u00d7 H \u00d7 P)<\/li>\n<\/ul>\n<p><img loading=\"lazy\" decoding=\"async\" class=\"alignnone size-medium wp-image-4310\" src=\"https:\/\/www.vla-bag.ch\/wp-content\/uploads\/2023\/10\/vla-weekender-red-masse-300x234.jpg\" alt=\"\" width=\"300\" height=\"234\" srcset=\"https:\/\/www.vla-bag.ch\/wp-content\/uploads\/2023\/10\/vla-weekender-red-masse-300x234.jpg 300w, https:\/\/www.vla-bag.ch\/wp-content\/uploads\/2023\/10\/vla-weekender-red-masse-768x598.jpg 768w, https:\/\/www.vla-bag.ch\/wp-content\/uploads\/2023\/10\/vla-weekender-red-masse-800x623.jpg 800w, https:\/\/www.vla-bag.ch\/wp-content\/uploads\/2023\/10\/vla-weekender-red-masse.jpg 921w\" sizes=\"auto, (max-width: 300px) 100vw, 300px\" \/><\/p>\n","protected":false},"excerpt":{"rendered":"<p>Pour courts s\u00e9jours, week-ends et le sport en cuir de cactus haut de gamme<\/p>\n","protected":false},"featured_media":3236,"template":"","meta":{"_seopress_robots_primary_cat":"none","_seopress_titles_title":"Dario Weekend Bag Red Wine - durable & fait main en Italie | vl\u00e0","_seopress_titles_desc":"Sac Weekend de caract\u00e8re en Red Wine, en cuir de cactus durable. Conception r\u00e9fl\u00e9chie et finition de qualit\u00e9 - fabriqu\u00e9 \u00e0 la main en Italie, 100 % v\u00e9g\u00e9talien. ","_seopress_robots_index":""},"product_brand":[],"product_cat":[82,72],"product_tag":[],"class_list":{"0":"post-5640","1":"product","2":"type-product","3":"status-publish","4":"has-post-thumbnail","6":"product_cat-sac-de-week-end","7":"product_cat-tous-les-sacs","8":"sales-flash-overlay","9":"woocommerce-text-align-left","10":"woocommerce-image-align-center","11":"do-quantity-buttons","13":"first","14":"outofstock","15":"sold-individually","16":"shipping-taxable","17":"purchasable","18":"product-type-simple"},"_links":{"self":[{"href":"https:\/\/www.vla-bag.ch\/fr\/wp-json\/wp\/v2\/product\/5640","targetHints":{"allow":["GET"]}}],"collection":[{"href":"https:\/\/www.vla-bag.ch\/fr\/wp-json\/wp\/v2\/product"}],"about":[{"href":"https:\/\/www.vla-bag.ch\/fr\/wp-json\/wp\/v2\/types\/product"}],"wp:featuredmedia":[{"embeddable":true,"href":"https:\/\/www.vla-bag.ch\/fr\/wp-json\/wp\/v2\/media\/3236"}],"wp:attachment":[{"href":"https:\/\/www.vla-bag.ch\/fr\/wp-json\/wp\/v2\/media?parent=5640"}],"wp:term":[{"taxonomy":"product_brand","embeddable":true,"href":"https:\/\/www.vla-bag.ch\/fr\/wp-json\/wp\/v2\/product_brand?post=5640"},{"taxonomy":"product_cat","embeddable":true,"href":"https:\/\/www.vla-bag.ch\/fr\/wp-json\/wp\/v2\/product_cat?post=5640"},{"taxonomy":"product_tag","embeddable":true,"href":"https:\/\/www.vla-bag.ch\/fr\/wp-json\/wp\/v2\/product_tag?post=5640"}],"curies":[{"name":"wp","href":"https:\/\/api.w.org\/{rel}","templated":true}]}}