{"id":5635,"date":"2022-03-23T15:24:27","date_gmt":"2022-03-23T14:24:27","guid":{"rendered":"https:\/\/www.vla-bag.ch\/produkt\/bon-dachat-de-200-francs\/"},"modified":"2022-03-23T15:24:27","modified_gmt":"2022-03-23T14:24:27","slug":"bon-dachat-de-200-francs","status":"publish","type":"product","link":"https:\/\/www.vla-bag.ch\/fr\/produkt\/bon-dachat-de-200-francs\/","title":{"rendered":"Bon d&rsquo;achat de 200 francs"},"content":{"rendered":"<p><span class=\"sc-1epymzn-1 bdVXjm\">Nos ch\u00e8ques-cadeaux sont le moyen id\u00e9al d&rsquo;offrir quelque chose d&rsquo;utile. Une fois que vous avez ajout\u00e9 le ch\u00e8que-cadeau \u00e0 votre panier et que vous avez pay\u00e9, votre ch\u00e8que-cadeau est envoy\u00e9 par la poste avec votre code personnel. Vous pouvez \u00e9galement combiner plusieurs ch\u00e8ques-cadeaux pour obtenir le montant que vous souhaitez.  <\/span><\/p>\n<div>\n<ul>\n<li>Les bons d&rsquo;achat vous parviennent par la poste dans un d\u00e9lai de 1 \u00e0 2 jours ouvrables.<\/li>\n<li>Les montants restants au-del\u00e0 du montant de la carte cadeau peuvent \u00eatre pay\u00e9s avec nos options de paiement habituelles.<\/li>\n<li>Les \u00e9ventuels montants restants des bons d&rsquo;achat sont perdus.<\/li>\n<li>Utilisable uniquement en ligne.<\/li>\n<li>Validit\u00e9 de 5 ans.<\/li>\n<\/ul>\n<\/div>\n","protected":false},"excerpt":{"rendered":"<p><span class=\"sc-1epymzn-0 kHkvib\">Offrez un bon d&rsquo;achat de 200 CHF, il est \u00e9galement possible de combiner plusieurs bons d&rsquo;achat.<br \/>\n<\/span><\/p>\n","protected":false},"featured_media":3614,"template":"","meta":{"_seopress_robots_primary_cat":"none","_seopress_titles_title":"","_seopress_titles_desc":"","_seopress_robots_index":""},"product_brand":[],"product_cat":[80],"product_tag":[],"class_list":{"0":"post-5635","1":"product","2":"type-product","3":"status-publish","4":"has-post-thumbnail","6":"product_cat-bons-dachat","7":"sales-flash-overlay","8":"woocommerce-text-align-left","9":"woocommerce-image-align-center","10":"do-quantity-buttons","12":"first","13":"instock","14":"virtual","15":"purchasable","16":"product-type-simple"},"_links":{"self":[{"href":"https:\/\/www.vla-bag.ch\/fr\/wp-json\/wp\/v2\/product\/5635","targetHints":{"allow":["GET"]}}],"collection":[{"href":"https:\/\/www.vla-bag.ch\/fr\/wp-json\/wp\/v2\/product"}],"about":[{"href":"https:\/\/www.vla-bag.ch\/fr\/wp-json\/wp\/v2\/types\/product"}],"wp:featuredmedia":[{"embeddable":true,"href":"https:\/\/www.vla-bag.ch\/fr\/wp-json\/wp\/v2\/media\/3614"}],"wp:attachment":[{"href":"https:\/\/www.vla-bag.ch\/fr\/wp-json\/wp\/v2\/media?parent=5635"}],"wp:term":[{"taxonomy":"product_brand","embeddable":true,"href":"https:\/\/www.vla-bag.ch\/fr\/wp-json\/wp\/v2\/product_brand?post=5635"},{"taxonomy":"product_cat","embeddable":true,"href":"https:\/\/www.vla-bag.ch\/fr\/wp-json\/wp\/v2\/product_cat?post=5635"},{"taxonomy":"product_tag","embeddable":true,"href":"https:\/\/www.vla-bag.ch\/fr\/wp-json\/wp\/v2\/product_tag?post=5635"}],"curies":[{"name":"wp","href":"https:\/\/api.w.org\/{rel}","templated":true}]}}