{"id":5623,"date":"2022-12-05T15:13:43","date_gmt":"2022-12-05T14:13:43","guid":{"rendered":"https:\/\/www.vla-bag.ch\/produkt\/andrea-beige-sable\/"},"modified":"2026-03-31T15:57:19","modified_gmt":"2026-03-31T13:57:19","slug":"andrea-beige-sable","status":"publish","type":"product","link":"https:\/\/www.vla-bag.ch\/fr\/produkt\/andrea-beige-sable\/","title":{"rendered":"Andrea Beige Sable"},"content":{"rendered":"<p><strong>Andrea Pochette beige sable<\/strong><\/p>\n<p data-start=\"215\" data-end=\"404\">Andrea est une pochette \u00e9l\u00e9gante \u00e0 la forme \u00e9pur\u00e9e et au design fonctionnel. Elle offre de la place pour l\u2019essentiel et assure ordre et clart\u00e9 gr\u00e2ce \u00e0 son am\u00e9nagement int\u00e9rieur bien pens\u00e9. Sa surface mate en cuir de cactus durable est agr\u00e9able au toucher et conf\u00e8re au sac son caract\u00e8re calme et moderne. Andrea est l\u00e9g\u00e8re, polyvalente et flexible \u2013 comme sac autonome ou comme compl\u00e9ment \u00e9l\u00e9gant dans un cabas, un sac \u00e0 dos ou un sac de voyage.   <\/p>\n<p data-start=\"692\" data-end=\"789\">Con\u00e7u \u00e0 Zurich, fabriqu\u00e9 \u00e0 la main en Italie \u2013 produit \u00e9quitablement \u00e0 partir de mat\u00e9riaux haut de gamme.<\/p>\n<p>&nbsp;<\/p>\n<p data-start=\"838\" data-end=\"867\"><strong data-start=\"841\" data-end=\"867\">Fabrication &amp; mat\u00e9riau<\/strong><\/p>\n<ul>\n<li data-start=\"869\" data-end=\"997\">Fabriqu\u00e9 \u00e0 la main dans une entreprise familiale en Italie<\/li>\n<li data-start=\"869\" data-end=\"997\">Vegan<\/li>\n<li data-start=\"869\" data-end=\"997\">Support durable avec surface mate en cuir de cactus<\/li>\n<\/ul>\n<p data-start=\"1004\" data-end=\"1027\"><strong data-start=\"1007\" data-end=\"1027\">Design &amp; confort<\/strong><\/p>\n<ul>\n<li data-start=\"1029\" data-end=\"1209\">Pochette l\u00e9g\u00e8re et compacte pour vos d\u00e9placements<\/li>\n<li data-start=\"1029\" data-end=\"1209\">Dragonne (env. 18 cm) avec mousqueton<\/li>\n<li data-start=\"1029\" data-end=\"1209\">Structure souple pour un port agr\u00e9able<\/li>\n<li data-start=\"1029\" data-end=\"1209\">Surface mate en cuir de cactus au toucher agr\u00e9able<\/li>\n<\/ul>\n<p data-start=\"1216\" data-end=\"1238\"><strong data-start=\"1219\" data-end=\"1238\">Organisation int\u00e9rieure<\/strong><\/p>\n<ul>\n<li data-start=\"1240\" data-end=\"1327\">Un compartiment principal<\/li>\n<li data-start=\"1240\" data-end=\"1327\">Une poche zipp\u00e9e<\/li>\n<li data-start=\"1240\" data-end=\"1327\">Deux poches ouvertes pour t\u00e9l\u00e9phone ou documents<\/li>\n<\/ul>\n<p data-start=\"1334\" data-end=\"1356\"><strong data-start=\"1337\" data-end=\"1356\">D\u00e9tails &amp; dimensions<\/strong><\/p>\n<ul>\n<li data-start=\"1358\" data-end=\"1524\">Fermeture \u00e0 glissi\u00e8re<\/li>\n<li data-start=\"1358\" data-end=\"1524\">S\u2019int\u00e8gre parfaitement dans les cabas, sacs \u00e0 dos ou sacs de voyage vl\u00e0<\/li>\n<li data-start=\"1358\" data-end=\"1524\">Avec sac anti-poussi\u00e8re en viscose<\/li>\n<li data-start=\"1358\" data-end=\"1524\">Poids : 80 g<\/li>\n<li data-start=\"1358\" data-end=\"1524\">Dimensions : 29,5 \u00d7 18 \u00d7 2 cm (L \u00d7 H \u00d7 P)<\/li>\n<\/ul>\n<p><img loading=\"lazy\" decoding=\"async\" class=\"alignnone size-medium wp-image-4302\" src=\"https:\/\/www.vla-bag.ch\/wp-content\/uploads\/2023\/10\/vla-clutch-beige-masse-300x182.jpg\" alt=\"\" width=\"300\" height=\"182\" srcset=\"https:\/\/www.vla-bag.ch\/wp-content\/uploads\/2023\/10\/vla-clutch-beige-masse-300x182.jpg 300w, https:\/\/www.vla-bag.ch\/wp-content\/uploads\/2023\/10\/vla-clutch-beige-masse-768x467.jpg 768w, https:\/\/www.vla-bag.ch\/wp-content\/uploads\/2023\/10\/vla-clutch-beige-masse-800x486.jpg 800w, https:\/\/www.vla-bag.ch\/wp-content\/uploads\/2023\/10\/vla-clutch-beige-masse.jpg 841w\" sizes=\"auto, (max-width: 300px) 100vw, 300px\" \/><\/p>\n","protected":false},"excerpt":{"rendered":"<p>L\u00e9ger et polyvalent pour le soir et en d\u00e9placement en cuir de cactus haut de gamme<\/p>\n","protected":false},"featured_media":3937,"template":"","meta":{"_seopress_robots_primary_cat":"none","_seopress_titles_title":"Andrea Clutch Beige Sand - durable & fait main en Italie | vl\u00e0","_seopress_titles_desc":"Pochette l\u00e9g\u00e8re en cuir de cactus durable de couleur beige sable. Id\u00e9al pour les voyages ou pour \u00eatre utilis\u00e9 dans des sacs vl\u00e0 plus grands. Fabriqu\u00e9e \u00e0 la main en Italie, 100 % v\u00e9g\u00e9talienne.  ","_seopress_robots_index":""},"product_brand":[],"product_cat":[78,72],"product_tag":[],"class_list":{"0":"post-5623","1":"product","2":"type-product","3":"status-publish","4":"has-post-thumbnail","6":"product_cat-pochette","7":"product_cat-tous-les-sacs","8":"sales-flash-overlay","9":"woocommerce-text-align-left","10":"woocommerce-image-align-center","11":"do-quantity-buttons","13":"first","14":"instock","15":"shipping-taxable","16":"purchasable","17":"product-type-simple"},"_links":{"self":[{"href":"https:\/\/www.vla-bag.ch\/fr\/wp-json\/wp\/v2\/product\/5623","targetHints":{"allow":["GET"]}}],"collection":[{"href":"https:\/\/www.vla-bag.ch\/fr\/wp-json\/wp\/v2\/product"}],"about":[{"href":"https:\/\/www.vla-bag.ch\/fr\/wp-json\/wp\/v2\/types\/product"}],"wp:featuredmedia":[{"embeddable":true,"href":"https:\/\/www.vla-bag.ch\/fr\/wp-json\/wp\/v2\/media\/3937"}],"wp:attachment":[{"href":"https:\/\/www.vla-bag.ch\/fr\/wp-json\/wp\/v2\/media?parent=5623"}],"wp:term":[{"taxonomy":"product_brand","embeddable":true,"href":"https:\/\/www.vla-bag.ch\/fr\/wp-json\/wp\/v2\/product_brand?post=5623"},{"taxonomy":"product_cat","embeddable":true,"href":"https:\/\/www.vla-bag.ch\/fr\/wp-json\/wp\/v2\/product_cat?post=5623"},{"taxonomy":"product_tag","embeddable":true,"href":"https:\/\/www.vla-bag.ch\/fr\/wp-json\/wp\/v2\/product_tag?post=5623"}],"curies":[{"name":"wp","href":"https:\/\/api.w.org\/{rel}","templated":true}]}}