{"id":5617,"date":"2024-04-26T16:17:51","date_gmt":"2024-04-26T14:17:51","guid":{"rendered":"https:\/\/www.vla-bag.ch\/produkt\/carlotta-nuit-noire\/"},"modified":"2026-03-31T14:11:47","modified_gmt":"2026-03-31T12:11:47","slug":"carlotta-nuit-noire","status":"publish","type":"product","link":"https:\/\/www.vla-bag.ch\/fr\/produkt\/carlotta-nuit-noire\/","title":{"rendered":"Carlotta Nuit noire"},"content":{"rendered":"<p><strong>Sac d&rsquo;affaires Carlotta Black Night<\/strong><\/p>\n<p>Carlotta allie \u00e9l\u00e9gance intemporelle et fonctionnalit\u00e9. Ce sac business offre <strong>de la place pour votre ordinateur portable 14\u2033<\/strong> et tout ce dont vous avez besoin au quotidien. Un grand compartiment principal et des poches int\u00e9rieures bien pens\u00e9es assurent ordre et visibilit\u00e9. La surface mate en cuir de cactus durable est agr\u00e9able au toucher et conf\u00e8re au sac son caract\u00e8re calme et moderne. Carlotta est l\u00e9ger, \u00e9l\u00e9gant et polyvalent. Id\u00e9al pour le travail, les rendez-vous et le quotidien en ville.     <\/p>\n<p>Con\u00e7u \u00e0 Zurich, fabriqu\u00e9 \u00e0 la main en Italie \u2013 produit \u00e9quitablement \u00e0 partir de mat\u00e9riaux haut de gamme.<\/p>\n<p>&nbsp;<\/p>\n<p><strong>Fabrication &amp; mat\u00e9riau<br \/>\n<\/strong><\/p>\n<ul>\n<li>Fabriqu\u00e9 \u00e0 la main dans une entreprise familiale en Italie<\/li>\n<li>Vegan<\/li>\n<li>Support durable avec surface mate en cuir de cactus<\/li>\n<\/ul>\n<p><strong>Design &amp; confort<\/strong><\/p>\n<ul>\n<li>Se porte \u00e0 l\u00e9paule ou \u00e0 la main<\/li>\n<li>Toucher agr\u00e9able et apaisant de la surface mate<\/li>\n<li>Tenue stable gr\u00e2ce \u00e0 une forme structur\u00e9e<\/li>\n<\/ul>\n<p><strong>Organisation int\u00e9rieure<\/strong><\/p>\n<ul>\n<li>De la place pour un ordinateur portable 14\u2033<\/li>\n<li>Deux grands compartiments principaux<\/li>\n<li>Une poche zipp\u00e9e au centre ainsi quune autre sur le c\u00f4t\u00e9<\/li>\n<li>Deux compartiments ouverts pour le t\u00e9l\u00e9phone portable ou la souris d&rsquo;ordinateur<\/li>\n<\/ul>\n<p><strong>D\u00e9tails  dimensions<\/strong><\/p>\n<ul>\n<li>Hauteur des anses : 20 cm<\/li>\n<li>Doublure italienne noire \u00e9l\u00e9gante<\/li>\n<li>Pi\u00e8ces m\u00e9talliques dor\u00e9es avec couche de protection \u2013 toutes les pi\u00e8ces proviennent dItalie<\/li>\n<li>Fermeture \u00e0 glissi\u00e8re YKK<\/li>\n<li>Pieds m\u00e9talliques pour prot\u00e9ger le sac<\/li>\n<li>Livr\u00e9 avec un sac \u00e0 poussi\u00e8re<\/li>\n<li>Poids : 1\u202f020 g<\/li>\n<li>Dimensions : 40 \u00d7 27,5 \u00d7 16 cm (l \u00d7 h \u00d7 p)<\/li>\n<\/ul>\n<p><img loading=\"lazy\" decoding=\"async\" class=\"alignnone wp-image-4402 size-medium\" src=\"https:\/\/www.vla-bag.ch\/wp-content\/uploads\/2024\/04\/vla-carlotta-business-bag-schwarz-masse-300x298.jpg\" alt=\"\" width=\"300\" height=\"298\" srcset=\"https:\/\/www.vla-bag.ch\/wp-content\/uploads\/2024\/04\/vla-carlotta-business-bag-schwarz-masse-300x298.jpg 300w, https:\/\/www.vla-bag.ch\/wp-content\/uploads\/2024\/04\/vla-carlotta-business-bag-schwarz-masse-150x150.jpg 150w, https:\/\/www.vla-bag.ch\/wp-content\/uploads\/2024\/04\/vla-carlotta-business-bag-schwarz-masse-768x763.jpg 768w, https:\/\/www.vla-bag.ch\/wp-content\/uploads\/2024\/04\/vla-carlotta-business-bag-schwarz-masse-800x795.jpg 800w, https:\/\/www.vla-bag.ch\/wp-content\/uploads\/2024\/04\/vla-carlotta-business-bag-schwarz-masse-100x100.jpg 100w, https:\/\/www.vla-bag.ch\/wp-content\/uploads\/2024\/04\/vla-carlotta-business-bag-schwarz-masse.jpg 881w\" sizes=\"auto, (max-width: 300px) 100vw, 300px\" \/><\/p>\n","protected":false},"excerpt":{"rendered":"<p>Sac business pour ordinateur portable et tout l\u2019essentiel en cuir de cactus haut de gamme<\/p>\n","protected":false},"featured_media":4408,"template":"","meta":{"_seopress_robots_primary_cat":"none","_seopress_titles_title":"Carlotta Business Bag - durable & fait main en Italie | vl\u00e0","_seopress_titles_desc":"Sacoche business en cuir de cactus durable pouvant accueillir un ordinateur portable 14\u2033. Fonctionnel, \u00e9l\u00e9gant et de haute qualit\u00e9 - fabriqu\u00e9 \u00e0 la main en Italie, 100 % v\u00e9g\u00e9talien. ","_seopress_robots_index":""},"product_brand":[],"product_cat":[76,72],"product_tag":[],"class_list":{"0":"post-5617","1":"product","2":"type-product","3":"status-publish","4":"has-post-thumbnail","6":"product_cat-sac-daffaires","7":"product_cat-tous-les-sacs","8":"sales-flash-overlay","9":"woocommerce-text-align-left","10":"woocommerce-image-align-center","11":"do-quantity-buttons","13":"first","14":"instock","15":"featured","16":"shipping-taxable","17":"purchasable","18":"product-type-simple"},"_links":{"self":[{"href":"https:\/\/www.vla-bag.ch\/fr\/wp-json\/wp\/v2\/product\/5617","targetHints":{"allow":["GET"]}}],"collection":[{"href":"https:\/\/www.vla-bag.ch\/fr\/wp-json\/wp\/v2\/product"}],"about":[{"href":"https:\/\/www.vla-bag.ch\/fr\/wp-json\/wp\/v2\/types\/product"}],"wp:featuredmedia":[{"embeddable":true,"href":"https:\/\/www.vla-bag.ch\/fr\/wp-json\/wp\/v2\/media\/4408"}],"wp:attachment":[{"href":"https:\/\/www.vla-bag.ch\/fr\/wp-json\/wp\/v2\/media?parent=5617"}],"wp:term":[{"taxonomy":"product_brand","embeddable":true,"href":"https:\/\/www.vla-bag.ch\/fr\/wp-json\/wp\/v2\/product_brand?post=5617"},{"taxonomy":"product_cat","embeddable":true,"href":"https:\/\/www.vla-bag.ch\/fr\/wp-json\/wp\/v2\/product_cat?post=5617"},{"taxonomy":"product_tag","embeddable":true,"href":"https:\/\/www.vla-bag.ch\/fr\/wp-json\/wp\/v2\/product_tag?post=5617"}],"curies":[{"name":"wp","href":"https:\/\/api.w.org\/{rel}","templated":true}]}}