{"id":5615,"date":"2024-04-29T15:00:56","date_gmt":"2024-04-29T13:00:56","guid":{"rendered":"https:\/\/www.vla-bag.ch\/produkt\/alice-nuit-noire\/"},"modified":"2026-03-31T14:21:34","modified_gmt":"2026-03-31T12:21:34","slug":"alice-nuit-noire","status":"publish","type":"product","link":"https:\/\/www.vla-bag.ch\/fr\/produkt\/alice-nuit-noire\/","title":{"rendered":"Alice Nuit Noire"},"content":{"rendered":"<p><strong>Alice Nuit Noire<\/strong><\/p>\n<p data-start=\"250\" data-end=\"459\">Alice est notre sac demi-lune \u00e0 la silhouette \u00e9l\u00e9gante et au design fonctionnel. Il offre suffisamment d\u2019espace pour les essentiels du quotidien et assure une organisation claire gr\u00e2ce \u00e0 une r\u00e9partition int\u00e9rieure bien pens\u00e9e. La surface mate en cuir de cactus durable est agr\u00e9able au toucher et conf\u00e8re au sac son caract\u00e8re moderne et apaisant. Alice est l\u00e9ger, \u00e9l\u00e9gant et polyvalent \u2013 id\u00e9al pour le quotidien, les voyages ou le soir.   <\/p>\n<p data-start=\"683\" data-end=\"780\">Con\u00e7u \u00e0 Zurich, fabriqu\u00e9 \u00e0 la main en Italie \u2013 produit \u00e9quitablement \u00e0 partir de mat\u00e9riaux haut de gamme.<\/p>\n<p>&nbsp;<\/p>\n<p data-start=\"683\" data-end=\"780\"><strong>Fabrication &amp; mat\u00e9riau<\/strong><\/p>\n<ul>\n<li data-start=\"683\" data-end=\"780\">Fabriqu\u00e9 \u00e0 la main dans une entreprise familiale en Italie<\/li>\n<li data-start=\"683\" data-end=\"780\">Vegan<\/li>\n<li data-start=\"683\" data-end=\"780\">Support durable avec surface mate en cuir de cactus<\/li>\n<\/ul>\n<p data-start=\"683\" data-end=\"780\"><strong>Design &amp; confort<\/strong><\/p>\n<ul>\n<li data-start=\"683\" data-end=\"780\">Forme demi-lune l\u00e9g\u00e8re pour un port\u00e9 agr\u00e9able<\/li>\n<li data-start=\"683\" data-end=\"780\">Longueur de la bandouli\u00e8re r\u00e9glable<\/li>\n<li data-start=\"683\" data-end=\"780\">Toucher agr\u00e9able et apaisant de la surface mate<\/li>\n<\/ul>\n<p data-start=\"683\" data-end=\"780\"><strong>Organisation int\u00e9rieure<\/strong><\/p>\n<ul>\n<li data-start=\"683\" data-end=\"780\">Un grand compartiment principal<\/li>\n<li data-start=\"683\" data-end=\"780\">Une poche int\u00e9rieure avec fermeture \u00e9clair<\/li>\n<li data-start=\"683\" data-end=\"780\">Deux poches ouvertes pour t\u00e9l\u00e9phone et petits essentiels<\/li>\n<\/ul>\n<p data-start=\"683\" data-end=\"780\"><strong>D\u00e9tails &amp; dimensions<\/strong><\/p>\n<ul>\n<li data-start=\"683\" data-end=\"780\">Doublure italienne noire \u00e9l\u00e9gante<\/li>\n<li data-start=\"683\" data-end=\"780\">\u00c9l\u00e9ments m\u00e9talliques dor\u00e9s avec rev\u00eatement protecteur<\/li>\n<li data-start=\"683\" data-end=\"780\">Fermeture \u00e0 glissi\u00e8re YKK<\/li>\n<li data-start=\"683\" data-end=\"780\">Livr\u00e9 avec un sac \u00e0 poussi\u00e8re<\/li>\n<li data-start=\"683\" data-end=\"780\">Poids : sac 420 g, bandouli\u00e8re 110 g<\/li>\n<li data-start=\"683\" data-end=\"780\">Dimensions : 26 \u00d7 21 \u00d7 8 cm (L \u00d7 H \u00d7 P)<\/li>\n<\/ul>\n<p><img loading=\"lazy\" decoding=\"async\" class=\"alignnone wp-image-4403 size-medium\" src=\"https:\/\/www.vla-bag.ch\/wp-content\/uploads\/2024\/04\/vla-alice-halbmond-bag-schwarz-masse-300x223.jpg\" alt=\"\" width=\"300\" height=\"223\" srcset=\"https:\/\/www.vla-bag.ch\/wp-content\/uploads\/2024\/04\/vla-alice-halbmond-bag-schwarz-masse-300x223.jpg 300w, https:\/\/www.vla-bag.ch\/wp-content\/uploads\/2024\/04\/vla-alice-halbmond-bag-schwarz-masse-768x572.jpg 768w, https:\/\/www.vla-bag.ch\/wp-content\/uploads\/2024\/04\/vla-alice-halbmond-bag-schwarz-masse-800x596.jpg 800w, https:\/\/www.vla-bag.ch\/wp-content\/uploads\/2024\/04\/vla-alice-halbmond-bag-schwarz-masse.jpg 861w\" sizes=\"auto, (max-width: 300px) 100vw, 300px\" \/><\/p>\n","protected":false},"excerpt":{"rendered":"<p>Sac crossbody pour un usage quotidien en cuir de cactus haut de gamme<\/p>\n","protected":false},"featured_media":4413,"template":"","meta":{"_seopress_robots_primary_cat":"none","_seopress_titles_title":"Sac Alice demi-lune - durable & fait main en Italie | vl\u00e0","_seopress_titles_desc":"Sac l\u00e9ger en demi-lune en cuir de cactus durable avec compartiments int\u00e9rieurs et sangle r\u00e9glable. \u00c9l\u00e9gant, fonctionnel et styl\u00e9 - fabriqu\u00e9 \u00e0 la main en Italie, 100 % v\u00e9g\u00e9talien. ","_seopress_robots_index":""},"product_brand":[],"product_cat":[73,72],"product_tag":[],"class_list":{"0":"post-5615","1":"product","2":"type-product","3":"status-publish","4":"has-post-thumbnail","6":"product_cat-sac-a-bandouliere","7":"product_cat-tous-les-sacs","8":"sales-flash-overlay","9":"woocommerce-text-align-left","10":"woocommerce-image-align-center","11":"do-quantity-buttons","13":"first","14":"instock","15":"featured","16":"shipping-taxable","17":"purchasable","18":"product-type-simple"},"_links":{"self":[{"href":"https:\/\/www.vla-bag.ch\/fr\/wp-json\/wp\/v2\/product\/5615","targetHints":{"allow":["GET"]}}],"collection":[{"href":"https:\/\/www.vla-bag.ch\/fr\/wp-json\/wp\/v2\/product"}],"about":[{"href":"https:\/\/www.vla-bag.ch\/fr\/wp-json\/wp\/v2\/types\/product"}],"wp:featuredmedia":[{"embeddable":true,"href":"https:\/\/www.vla-bag.ch\/fr\/wp-json\/wp\/v2\/media\/4413"}],"wp:attachment":[{"href":"https:\/\/www.vla-bag.ch\/fr\/wp-json\/wp\/v2\/media?parent=5615"}],"wp:term":[{"taxonomy":"product_brand","embeddable":true,"href":"https:\/\/www.vla-bag.ch\/fr\/wp-json\/wp\/v2\/product_brand?post=5615"},{"taxonomy":"product_cat","embeddable":true,"href":"https:\/\/www.vla-bag.ch\/fr\/wp-json\/wp\/v2\/product_cat?post=5615"},{"taxonomy":"product_tag","embeddable":true,"href":"https:\/\/www.vla-bag.ch\/fr\/wp-json\/wp\/v2\/product_tag?post=5615"}],"curies":[{"name":"wp","href":"https:\/\/api.w.org\/{rel}","templated":true}]}}