{"id":5741,"date":"2022-03-15T11:11:18","date_gmt":"2022-03-15T10:11:18","guid":{"rendered":"https:\/\/www.vla-bag.ch\/conditions-de-livraison\/"},"modified":"2026-01-09T20:01:29","modified_gmt":"2026-01-09T19:01:29","slug":"conditions-de-livraison","status":"publish","type":"page","link":"https:\/\/www.vla-bag.ch\/fr\/conditions-de-livraison\/","title":{"rendered":"Conditions de livraison"},"content":{"rendered":"\n<div style=\"height:50px\" aria-hidden=\"true\" class=\"wp-block-spacer\"><\/div>\n\n<h2 class=\"wp-block-heading\">Conditions de livraison<\/h2>\n\n<p>Notre livraison a g\u00e9n\u00e9ralement lieu dans les 2 \u00e0 3 jours ouvrables suivant la r\u00e9ception de la commande. Votre commande est livr\u00e9e directement \u00e0 votre domicile par colis postal (PostPac Priority). En cas de retard exceptionnel, nous vous en informerons \u00e0 l&rsquo;avance.  <\/p>\n\n<p>Les frais de port sont inclus pour les livraisons en Suisse et au Liechtenstein.<\/p>\n\n<p>La marchandise est livr\u00e9e \u00e0 l&rsquo;adresse de livraison que vous avez indiqu\u00e9e en tant qu&rsquo;acheteur. Le lieu d&rsquo;ex\u00e9cution est le lieu de remise \u00e0 la Poste suisse. Vous assumez les risques li\u00e9s au transport de la marchandise \u00e0 partir du lieu d&rsquo;ex\u00e9cution (CGV 3.2 Livraison et lieu d&rsquo;ex\u00e9cution). Mediafabrik AG (vl\u00e0) se r\u00e9serve le droit de choisir d&rsquo;autres m\u00e9thodes de livraison.   <\/p>\n\n<p>Nous livrons actuellement nos articles exclusivement en Suisse et au Liechtenstein.<\/p>\n\n<h3 class=\"wp-block-heading\">Politique de retour pour la Suisse et le Liechtenstein<\/h3>\n\n<p>Les articles peuvent \u00eatre retourn\u00e9s dans un d\u00e9lai de 14 jours \u00e0 compter de la r\u00e9ception de la marchandise, non utilis\u00e9s et dans leur emballage d&rsquo;origine \u00e0 l&rsquo;adresse suivante\u00a0:<br\/><strong>vl\u00e0 c\/o Mediafabrik AG, Tuggenerstrasse 3, 8008 Z\u00fcrich<\/strong><br\/><\/p>\n\n<p>En tant qu&rsquo;acheteur, vous supportez les frais de retour. Veuillez vous assurer que la marchandise est bien emball\u00e9e et ne peut pas \u00eatre endommag\u00e9e pendant le transport. Nous vous recommandons de retourner l&rsquo;envoi assur\u00e9 et avec suivi. Veuillez conserver la preuve d&rsquo;envoi jusqu&rsquo;\u00e0 ce que l&rsquo;envoi nous soit parvenu.   <\/p>\n\n<p>Le prix d&rsquo;achat sera rembours\u00e9 apr\u00e8s r\u00e9ception et v\u00e9rification de la marchandise non utilis\u00e9e, hors frais de port.<\/p>\n\n<h3 class=\"wp-block-heading\">\u00c9change<\/h3>\n\n<p>Nous ne proposons pas d&rsquo;\u00e9change.<\/p>\n\n<p>Zurich, le 9 janvier 2026<\/p>\n","protected":false},"excerpt":{"rendered":"<p>Conditions de livraison Notre livraison a g\u00e9n\u00e9ralement lieu dans les 2 \u00e0 3 jours ouvrables suivant la r\u00e9ception de la commande. Votre commande est livr\u00e9e &#8230; <a title=\"Conditions de livraison\" class=\"read-more\" href=\"https:\/\/www.vla-bag.ch\/fr\/conditions-de-livraison\/\" aria-label=\"En savoir plus sur Conditions de livraison\">Read more<\/a><\/p>\n","protected":false},"author":2,"featured_media":0,"parent":0,"menu_order":0,"comment_status":"closed","ping_status":"closed","template":"","meta":{"_seopress_robots_primary_cat":"","_seopress_titles_title":"Conditions de livraison | vl\u00e0 - Sacs durables en cuir de cactus","_seopress_titles_desc":"Apprenez tout sur les conditions de livraison chez vl\u00e0, y compris les frais d'exp\u00e9dition, les d\u00e9lais de livraison et les droits de retour pour nos sacs durables.","_seopress_robots_index":"","footnotes":""},"class_list":["post-5741","page","type-page","status-publish"],"_links":{"self":[{"href":"https:\/\/www.vla-bag.ch\/fr\/wp-json\/wp\/v2\/pages\/5741","targetHints":{"allow":["GET"]}}],"collection":[{"href":"https:\/\/www.vla-bag.ch\/fr\/wp-json\/wp\/v2\/pages"}],"about":[{"href":"https:\/\/www.vla-bag.ch\/fr\/wp-json\/wp\/v2\/types\/page"}],"author":[{"embeddable":true,"href":"https:\/\/www.vla-bag.ch\/fr\/wp-json\/wp\/v2\/users\/2"}],"replies":[{"embeddable":true,"href":"https:\/\/www.vla-bag.ch\/fr\/wp-json\/wp\/v2\/comments?post=5741"}],"version-history":[{"count":3,"href":"https:\/\/www.vla-bag.ch\/fr\/wp-json\/wp\/v2\/pages\/5741\/revisions"}],"predecessor-version":[{"id":6270,"href":"https:\/\/www.vla-bag.ch\/fr\/wp-json\/wp\/v2\/pages\/5741\/revisions\/6270"}],"wp:attachment":[{"href":"https:\/\/www.vla-bag.ch\/fr\/wp-json\/wp\/v2\/media?parent=5741"}],"curies":[{"name":"wp","href":"https:\/\/api.w.org\/{rel}","templated":true}]}}