{"id":5739,"date":"2022-03-17T09:51:02","date_gmt":"2022-03-17T08:51:02","guid":{"rendered":"https:\/\/www.vla-bag.ch\/a-propos-de-nous\/"},"modified":"2025-08-17T18:11:22","modified_gmt":"2025-08-17T16:11:22","slug":"a-propos-de-nous","status":"publish","type":"page","link":"https:\/\/www.vla-bag.ch\/fr\/a-propos-de-nous\/","title":{"rendered":"\u00c0 propos de nous"},"content":{"rendered":"<div class=\"gb-container gb-container-9e1fd85a\"><div class=\"gb-inside-container\">\n\n<h2 class=\"large-heading\">vl\u00e0 est fait de passion et de conviction<\/h2>\n\n\n<div class=\"gb-container gb-container-2c17134d\">\n\n<div class=\"wp-block-columns is-layout-flex wp-container-core-columns-is-layout-9d6595d7 wp-block-columns-is-layout-flex\">\n<div class=\"wp-block-column is-layout-flow wp-block-column-is-layout-flow\" style=\"flex-basis:50%\">\n<figure class=\"wp-block-image size-large\"><img loading=\"lazy\" decoding=\"async\" width=\"745\" height=\"1024\" src=\"https:\/\/www.vla-bag.ch\/wp-content\/uploads\/2024\/10\/vla-founder-745x1024.jpg\" alt=\"\" class=\"wp-image-4780\" srcset=\"https:\/\/www.vla-bag.ch\/wp-content\/uploads\/2024\/10\/vla-founder-745x1024.jpg 745w, https:\/\/www.vla-bag.ch\/wp-content\/uploads\/2024\/10\/vla-founder-218x300.jpg 218w, https:\/\/www.vla-bag.ch\/wp-content\/uploads\/2024\/10\/vla-founder-768x1056.jpg 768w, https:\/\/www.vla-bag.ch\/wp-content\/uploads\/2024\/10\/vla-founder.jpg 800w\" sizes=\"auto, (max-width: 745px) 100vw, 745px\" \/><figcaption class=\"wp-element-caption\">Rolf Hartmann Fondateur vl\u00e0<\/figcaption><\/figure>\n<\/div>\n\n\n\n<div class=\"wp-block-column is-layout-flow wp-block-column-is-layout-flow\" style=\"flex-basis:50%\">\n<p><strong>Derri\u00e8re vl\u00e0, il n&rsquo;y a pas de business plan, mais la fascination d&rsquo;un entrepreneur suisse pour la culture mexicaine et le design durable. Dans l&rsquo;interview qu&rsquo;il nous a accord\u00e9e, Rolf Hartmann nous explique comment sa passion s&rsquo;est transform\u00e9e en premi\u00e8re collection. <\/strong><br\/><br\/><strong>Rolf, vous \u00eates entrepreneur dans le design graphique et vous \u00eates entr\u00e9 dans le monde de la mode avec vl\u00e0. Papier et cuir, \u00e7a va bien ensemble ? <\/strong><br\/>Le papier et le cuir de cactus en tout cas (rires). Qu&rsquo;il s&rsquo;agisse de graphisme, d&rsquo;art ou de mode, j&rsquo;ai toujours \u00e9t\u00e9 une fan des belles choses, y compris des sacs et des accessoires. Gr\u00e2ce \u00e0 vl\u00e0, je peux d\u00e9sormais assouvir cette passion. Et j&rsquo;investis dans la durabilit\u00e9, un domaine qui m&rsquo;int\u00e9resse aussi beaucoup.   <\/p>\n<\/div>\n<\/div>\n\n<\/div>\n\n\n<p><strong>L&rsquo;id\u00e9e de vl\u00e0 est n\u00e9e au Mexique - une co\u00efncidence ?<\/strong><br\/>Je suis profond\u00e9ment attach\u00e9 au pays et \u00e0 ses habitants depuis ma premi\u00e8re visite. J&rsquo;aime particuli\u00e8rement la r\u00e9gion de Guadalajara, que j&rsquo;ai eu l&rsquo;occasion de mieux conna\u00eetre au cours de mes voyages. Des amis \u00e0 nous y ont de la famille et ont \u00e9migr\u00e9 dans la r\u00e9gion il y a dix ans.  <br\/><br\/><strong>Et comment avez-vous d\u00e9couvert le cuir de cactus l\u00e0-bas ?<\/strong><br\/>Ce sont mes amis sur place qui m&rsquo;ont indiqu\u00e9 le mat\u00e9riau Desserto\u00ae. J&rsquo;ai tout de suite eu le coup de foudre et me suis fait envoyer des \u00e9chantillons du produit. D\u00e8s le d\u00e9part, mon id\u00e9e \u00e9tait de transformer ce produit naturel innovant en une collection de sacs. Les \u00e9chantillons ont r\u00e9pondu \u00e0 toutes mes attentes, j&rsquo;ai donc command\u00e9 quatre m\u00e8tres lin\u00e9aires pour r\u00e9aliser les premiers prototypes. Au cours de mes recherches, je me suis \u00e9galement pench\u00e9 sur la production traditionnelle de cuir, qui est tr\u00e8s probl\u00e9matique du point de vue de l&rsquo;environnement. Cela m&rsquo;a \u00e9galement motiv\u00e9 \u00e0 mettre en \u0153uvre cette id\u00e9e pour le bien-\u00eatre des animaux.     <br\/><br\/><strong>Comment le design a-t-il \u00e9t\u00e9 cr\u00e9\u00e9 ?<\/strong><br\/>Une amie styliste, qui fabrique des v\u00eatements et des accessoires, a cr\u00e9\u00e9 deux sacs \u00e0 partir du cuir de cactus. Nous les avons ensuite pr\u00e9sent\u00e9s \u00e0 notre famille et \u00e0 nos amis en leur expliquant notre vision des accessoires v\u00e9g\u00e9taliens. Les r\u00e9actions ont \u00e9t\u00e9 extr\u00eamement positives et m&rsquo;ont encourag\u00e9e \u00e0 lancer la production.  <br\/><br\/><strong>Qu&rsquo;est-ce qui caract\u00e9rise la collection de sacs de vl\u00e0 ?<\/strong><br\/>Au premier coup d&rsquo;\u0153il, certainement leur design intemporel, simple et fonctionnel. Ensuite, bien s\u00fbr, le fait qu&rsquo;ils soient fabriqu\u00e9s \u00e0 partir d&rsquo;un mat\u00e9riau v\u00e9g\u00e9talien et durable, renouvelable dans tous les sens du terme. Le cuir de cactus est \u00e9tonnamment doux et tr\u00e8s agr\u00e9able au toucher - une excellente alternative au cuir animal. De plus, chaque sac est fabriqu\u00e9 \u00e0 la main, ce qui en fait une pi\u00e8ce unique.   <br\/><br\/><strong>Les sacs sont fabriqu\u00e9s dans un petit atelier en Italie. Comment en est-on arriv\u00e9 l\u00e0 ? <\/strong><br\/>L\u00e0 encore, l&rsquo;aspect personnel a \u00e9t\u00e9 d\u00e9terminant. Ma s\u0153ur vit en Italie depuis des dizaines d&rsquo;ann\u00e9es et a donc pu me mettre en contact avec la manufacture la plus appropri\u00e9e. Elle me soutient \u00e9galement dans la communication et le contr\u00f4le de la qualit\u00e9, mais elle a \u00e9galement apport\u00e9 de pr\u00e9cieuses id\u00e9es pour am\u00e9liorer les produits. Sans elle, la collection n&rsquo;aurait pas \u00e9t\u00e9 possible.   <br\/><br\/><strong>Comment avez-vous v\u00e9cu le processus de d\u00e9veloppement du produit ?<\/strong><br\/>C&rsquo;est un d\u00e9fi, mais tr\u00e8s gratifiant. Le dialogue multiculturel entre le Mexique, l&rsquo;Italie et la Suisse est ce que j&rsquo;aime le plus, m\u00eame s&rsquo;il faut de la patience pour parvenir \u00e0 une compr\u00e9hension commune du design, de la qualit\u00e9 et du timing. La fabrication des sacs est \u00e9galement exigeante, car le mat\u00e9riau est plus souple que le cuir animal. C&rsquo;est d&rsquo;autant plus agr\u00e9able lorsque vous tenez le produit fini entre vos mains. Et le processus ne s&rsquo;arr\u00eate jamais. Nous avons d\u00e9j\u00e0 beaucoup d&rsquo;id\u00e9es pour de nouvelles couleurs et de nouvelles formes.     <br\/><br\/><strong>Une question pour finir - pourquoi le nom vl\u00e0 ?<\/strong><br\/>La r\u00e9ponse est g\u00e9nialement banale. Notre nom est n\u00e9 comme une abr\u00e9viation de \u00ab\u00a0vegan leather accessoires\u00a0\u00bb. Avec l&rsquo;accent, il est ensuite devenu le label de mode parfait. Voil\u00e0 !   <\/p>\n\n\n\n<hr class=\"wp-block-separator has-alpha-channel-opacity is-style-dots\"\/>\n\n\n\n<h2 class=\"wp-block-heading has-x-large-font-size\">vl\u00e0 dans les m\u00e9dias<\/h2>\n\n\n\n<div class=\"wp-block-columns has-base-background-color has-background is-layout-flex wp-container-core-columns-is-layout-9d6595d7 wp-block-columns-is-layout-flex\">\n<div class=\"wp-block-column is-layout-flow wp-block-column-is-layout-flow\"><div class=\"wp-block-image\">\n<figure class=\"alignleft size-full is-resized\"><a href=\"https:\/\/www.nau.ch\/lifestyle\/gesellschaft\/vegan-nachhaltig-chic-diese-schweizer-labels-definieren-mode-neu-66490559\"><img loading=\"lazy\" decoding=\"async\" width=\"306\" height=\"96\" src=\"https:\/\/www.vla-bag.ch\/wp-content\/uploads\/2023\/06\/nau.png\" alt=\"\" class=\"wp-image-4212\" style=\"width:246px;height:76px\" srcset=\"https:\/\/www.vla-bag.ch\/wp-content\/uploads\/2023\/06\/nau.png 306w, https:\/\/www.vla-bag.ch\/wp-content\/uploads\/2023\/06\/nau-300x94.png 300w\" sizes=\"auto, (max-width: 306px) 100vw, 306px\" \/><\/a><figcaption class=\"wp-element-caption\"><strong>Marque de mode v\u00e9gane et vl\u00e0 est de la partie<\/strong><\/figcaption><\/figure>\n<\/div><\/div>\n\n\n\n<div class=\"wp-block-column is-layout-flow wp-block-column-is-layout-flow\"><div class=\"wp-block-image\">\n<figure class=\"alignleft size-full is-resized\"><a href=\"https:\/\/www.vla-bag.ch\/wp-content\/uploads\/2023\/06\/vla-Lokalzeitung.pdf\"><img loading=\"lazy\" decoding=\"async\" width=\"953\" height=\"915\" src=\"https:\/\/www.vla-bag.ch\/wp-content\/uploads\/2023\/06\/vla-Lokalzeitung.jpg\" alt=\"\" class=\"wp-image-4220\" style=\"width:342px;height:328px\" srcset=\"https:\/\/www.vla-bag.ch\/wp-content\/uploads\/2023\/06\/vla-Lokalzeitung.jpg 953w, https:\/\/www.vla-bag.ch\/wp-content\/uploads\/2023\/06\/vla-Lokalzeitung-300x288.jpg 300w, https:\/\/www.vla-bag.ch\/wp-content\/uploads\/2023\/06\/vla-Lokalzeitung-768x737.jpg 768w, https:\/\/www.vla-bag.ch\/wp-content\/uploads\/2023\/06\/vla-Lokalzeitung-800x768.jpg 800w\" sizes=\"auto, (max-width: 953px) 100vw, 953px\" \/><\/a><figcaption class=\"wp-element-caption\"><strong>vl\u00e0 dans les journaux Z\u00fcrcher Lokalinfo<\/strong><\/figcaption><\/figure>\n<\/div><\/div>\n<\/div>\n\n<\/div><\/div>\n<p><\/p>\n","protected":false},"excerpt":{"rendered":"<p>vl\u00e0 est fait de passion et de conviction Derri\u00e8re vl\u00e0, il n&rsquo;y a pas de business plan, mais la fascination d&rsquo;un entrepreneur suisse pour la &#8230; <a title=\"\u00c0 propos de nous\" class=\"read-more\" href=\"https:\/\/www.vla-bag.ch\/fr\/a-propos-de-nous\/\" aria-label=\"En savoir plus sur \u00c0 propos de nous\">Read more<\/a><\/p>\n","protected":false},"author":2,"featured_media":0,"parent":0,"menu_order":0,"comment_status":"closed","ping_status":"closed","template":"","meta":{"_seopress_robots_primary_cat":"","_seopress_titles_title":"A propos de nous | vl\u00e0 - Sacs durables en cuir de cactus","_seopress_titles_desc":"vl\u00e0 est une marque n\u00e9e d'une passion pour le design durable. En savoir plus sur l'utilisation du cuir de cactus et la philosophie derri\u00e8re la collection. ","_seopress_robots_index":"","footnotes":""},"class_list":["post-5739","page","type-page","status-publish"],"_links":{"self":[{"href":"https:\/\/www.vla-bag.ch\/fr\/wp-json\/wp\/v2\/pages\/5739","targetHints":{"allow":["GET"]}}],"collection":[{"href":"https:\/\/www.vla-bag.ch\/fr\/wp-json\/wp\/v2\/pages"}],"about":[{"href":"https:\/\/www.vla-bag.ch\/fr\/wp-json\/wp\/v2\/types\/page"}],"author":[{"embeddable":true,"href":"https:\/\/www.vla-bag.ch\/fr\/wp-json\/wp\/v2\/users\/2"}],"replies":[{"embeddable":true,"href":"https:\/\/www.vla-bag.ch\/fr\/wp-json\/wp\/v2\/comments?post=5739"}],"version-history":[{"count":1,"href":"https:\/\/www.vla-bag.ch\/fr\/wp-json\/wp\/v2\/pages\/5739\/revisions"}],"predecessor-version":[{"id":5740,"href":"https:\/\/www.vla-bag.ch\/fr\/wp-json\/wp\/v2\/pages\/5739\/revisions\/5740"}],"wp:attachment":[{"href":"https:\/\/www.vla-bag.ch\/fr\/wp-json\/wp\/v2\/media?parent=5739"}],"curies":[{"name":"wp","href":"https:\/\/api.w.org\/{rel}","templated":true}]}}