{"id":5728,"date":"2022-03-17T10:25:31","date_gmt":"2022-03-17T09:25:31","guid":{"rendered":"https:\/\/www.vla-bag.ch\/materiau\/"},"modified":"2025-08-17T18:11:13","modified_gmt":"2025-08-17T16:11:13","slug":"materiau","status":"publish","type":"page","link":"https:\/\/www.vla-bag.ch\/fr\/materiau\/","title":{"rendered":"Mat\u00e9riau"},"content":{"rendered":"\n<div class=\"wp-block-columns  mobile-column-reverse is-layout-flex wp-container-core-columns-is-layout-9d6595d7 wp-block-columns-is-layout-flex\">\n<div class=\"wp-block-column is-layout-flow wp-block-column-is-layout-flow\">\n<h2 class=\"wp-block-heading large-heading\">vl\u00e0 est durable<\/h2>\n\n\n\n<p><strong>Voil\u00e0 \u00e0 quel point les cactus peuvent \u00eatre souples.<\/strong>  Notre cuir v\u00e9g\u00e9talien est produit au Mexique \u00e0 partir du cactus nopal - une plante qui ne pousse qu&rsquo;avec l&rsquo;eau de pluie et les min\u00e9raux du sol. L&rsquo;irrigation artificielle, les engrais et les pesticides sont totalement absents. La r\u00e9colte se fait \u00e9galement en douceur : tous les six \u00e0 huit mois, les feuilles m\u00fbres sont coup\u00e9es sans endommager la plante.  <\/p>\n\n\n\n<p>Apr\u00e8s avoir \u00e9t\u00e9 s\u00e9ch\u00e9es au soleil, les feuilles sont transform\u00e9es en poudre. Plusieurs \u00e9tapes sont n\u00e9cessaires pour obtenir un substitut de cuir de haute qualit\u00e9, enti\u00e8rement v\u00e9g\u00e9tal. Les <strong>sous-produits<\/strong> sont utilis\u00e9s dans l&rsquo;industrie alimentaire. <\/p>\n\n\n\n<ul class=\"wp-block-list\">\n<li>Consomme 99% d&rsquo;eau en moins que le cuir animal<\/li>\n\n\n\n<li>95 % d&rsquo;\u00e9missions de CO\u2082 en moins que le cuir animal<\/li>\n\n\n\n<li>Ne n\u00e9cessite pas d&rsquo;engrais ni de produits phytosanitaires  <\/li>\n\n\n\n<li>Exempt de produits chimiques toxiques, de phtalates et de PVC<\/li>\n\n\n\n<li>Pigments de couleur organiques<\/li>\n\n\n\n<li>PeTA approuv\u00e9 v\u00e9g\u00e9talien<\/li>\n<\/ul>\n\n\n\n<p><strong>Comparaison environnementale par m\u00e8tre carr\u00e9 de mat\u00e9riau<\/strong><br\/><strong>Consommation d&rsquo;eau<\/strong><br\/>- Cuir animal : env. 33&rsquo;000 litres<br\/>- Cuir de cactus : env. 20 litres<br\/>\u2192 <strong>Environ 99,9% d&rsquo;eau en moins<\/strong><\/p>\n\n\n\n<p><strong>\u00c9missions de CO\u2082<\/strong><br\/>- Cuir animal : environ 27,3 kg CO\u2082<br\/>- Cuir de cactus : environ 1,4 kg CO\u2082<br\/>\u2192 <strong>Environ 95 % de gaz \u00e0 effet de serre en moins<\/strong><\/p>\n<\/div>\n\n\n\n<div class=\"wp-block-column is-layout-flow wp-block-column-is-layout-flow\">\n<figure class=\"wp-block-image size-large\"><img loading=\"lazy\" decoding=\"async\" width=\"1024\" height=\"704\" src=\"https:\/\/www.vla-bag.ch\/wp-content\/uploads\/2023\/06\/nopal-kaktus-blatt-1024x704.jpg\" alt=\"\" class=\"wp-image-4216\" srcset=\"https:\/\/www.vla-bag.ch\/wp-content\/uploads\/2023\/06\/nopal-kaktus-blatt-1024x704.jpg 1024w, https:\/\/www.vla-bag.ch\/wp-content\/uploads\/2023\/06\/nopal-kaktus-blatt-300x206.jpg 300w, https:\/\/www.vla-bag.ch\/wp-content\/uploads\/2023\/06\/nopal-kaktus-blatt-768x528.jpg 768w, https:\/\/www.vla-bag.ch\/wp-content\/uploads\/2023\/06\/nopal-kaktus-blatt-1536x1056.jpg 1536w, https:\/\/www.vla-bag.ch\/wp-content\/uploads\/2023\/06\/nopal-kaktus-blatt-800x550.jpg 800w, https:\/\/www.vla-bag.ch\/wp-content\/uploads\/2023\/06\/nopal-kaktus-blatt.jpg 1600w\" sizes=\"auto, (max-width: 1024px) 100vw, 1024px\" \/><\/figure>\n\n\n\n<p><\/p>\n<\/div>\n<\/div>\n\n<div class=\"wp-block-columns is-layout-flex wp-container-core-columns-is-layout-9d6595d7 wp-block-columns-is-layout-flex\">\n<div class=\"wp-block-column is-layout-flow wp-block-column-is-layout-flow\">\n<figure class=\"wp-block-image size-large\"><img loading=\"lazy\" decoding=\"async\" width=\"1024\" height=\"687\" src=\"https:\/\/www.vla-bag.ch\/wp-content\/uploads\/2022\/03\/kaktusleder_farbmuster-1024x687.jpg\" alt=\"\" class=\"wp-image-3430\" srcset=\"https:\/\/www.vla-bag.ch\/wp-content\/uploads\/2022\/03\/kaktusleder_farbmuster-1024x687.jpg 1024w, https:\/\/www.vla-bag.ch\/wp-content\/uploads\/2022\/03\/kaktusleder_farbmuster-300x201.jpg 300w, https:\/\/www.vla-bag.ch\/wp-content\/uploads\/2022\/03\/kaktusleder_farbmuster-768x515.jpg 768w, https:\/\/www.vla-bag.ch\/wp-content\/uploads\/2022\/03\/kaktusleder_farbmuster-1536x1031.jpg 1536w, https:\/\/www.vla-bag.ch\/wp-content\/uploads\/2022\/03\/kaktusleder_farbmuster-800x537.jpg 800w, https:\/\/www.vla-bag.ch\/wp-content\/uploads\/2022\/03\/kaktusleder_farbmuster.jpg 1769w\" sizes=\"auto, (max-width: 1024px) 100vw, 1024px\" \/><\/figure>\n\n\n\n<p><\/p>\n<\/div>\n\n\n\n<div class=\"wp-block-column is-layout-flow wp-block-column-is-layout-flow\">\n<h2 class=\"wp-block-heading has-text-align-right large-heading\">vl\u00e0 est multiforme<\/h2>\n\n\n\n<p class=\"has-text-align-right\"><strong>La durabilit\u00e9 peut \u00eatre aussi esth\u00e9tique que cela :<\/strong> le cuir de cactus v\u00e9g\u00e9talien n&rsquo;a rien \u00e0 envier au cuir animal, ni en termes de texture, ni en termes de possibilit\u00e9s de design. Pour notre collection, nous avons cr\u00e9\u00e9 des types de sacs populaires dans trois teintes classiques : \u00ab\u00a0Beige Sand\u00a0\u00bb et \u00ab\u00a0Black Night\u00a0\u00bb en mat avec une structure en cuir, et \u00ab\u00a0Red Wine\u00a0\u00bb avec un \u00e9clat soyeux et une structure l\u00e9g\u00e8re seulement.   <\/p>\n\n\n\n<p><\/p>\n<\/div>\n<\/div>\n\n<div class=\"wp-block-columns  mobile-column-reverse is-layout-flex wp-container-core-columns-is-layout-9d6595d7 wp-block-columns-is-layout-flex\">\n<div class=\"wp-block-column is-layout-flow wp-block-column-is-layout-flow\">\n<h2 class=\"wp-block-heading large-heading\">Pourquoi Cactus ?<\/h2>\n\n\n\n<p>Parce que nous cherchions une alternative v\u00e9g\u00e9tale et durable au cuir animal - et que nous l&rsquo;avons trouv\u00e9e au Mexique. Le mat\u00e9riau innovant Desserto\u00ae, d\u00e9velopp\u00e9 \u00e0 partir du cactus nopal, allie esth\u00e9tique, responsabilit\u00e9 et qualit\u00e9 comme peu d&rsquo;autres. <\/p>\n\n\n\n<p>Le changement climatique est l&rsquo;un des plus grands d\u00e9fis de notre \u00e9poque. Des alternatives respectueuses du climat sont n\u00e9cessaires dans tous les domaines de la vie. Le cactus nopal prosp\u00e8re m\u00eame l\u00e0 o\u00f9 presque rien ne pousse - par exemple dans les r\u00e9gions s\u00e8ches et semi-arides, o\u00f9 il sert de r\u00e9servoir d&rsquo;eau et de carbone. Sur 14 hectares de plantation biologique, environ 8 100 tonnes de CO\u2082 sont captur\u00e9es chaque ann\u00e9e, alors que la ferme elle-m\u00eame n&rsquo;en \u00e9met qu&rsquo;environ 15 tonnes.   <\/p>\n\n\n\n<p>Pour produire le cuir de cactus v\u00e9g\u00e9talien, seules les feuilles m\u00fbres sont r\u00e9colt\u00e9es - tous les 6 \u00e0 8 mois, sans endommager la plante. Les cactus poussent dans la r\u00e9gion de Zacatecas au Mexique, riche en min\u00e9raux, et n&rsquo;ont pratiquement pas besoin d&rsquo;eau : seulement 200 litres par kilo de biomasse, provenant directement de l&rsquo;humidit\u00e9 de l&rsquo;air. A titre de comparaison, d&rsquo;autres plantes ont besoin d&rsquo;environ 1&rsquo;000 litres d&rsquo;eau pour cela.  <\/p>\n\n\n\n<p>Le cuir de cactus marque \u00e9galement des points lors du traitement : pour 1 m\u00b2, il faut environ 10 fois moins d&rsquo;\u00e9nergie, 20 fois moins de CO\u2082, 1 600 fois moins d&rsquo;eau et nettement moins d&rsquo;\u00e9missions lors de l&rsquo;\u00e9limination que pour le cuir traditionnel.<\/p>\n\n\n\n<p>Le mat\u00e9riau Desserto\u00ae utilis\u00e9 par vl\u00e0 est compos\u00e9 \u00e0 65 % de mati\u00e8res premi\u00e8res renouvelables.<\/p>\n<\/div>\n\n\n\n<div class=\"wp-block-column is-layout-flow wp-block-column-is-layout-flow\">\n<figure class=\"wp-block-image size-large\"><img loading=\"lazy\" decoding=\"async\" width=\"1024\" height=\"704\" src=\"https:\/\/www.vla-bag.ch\/wp-content\/uploads\/2023\/06\/kaktusplantage-1024x704.jpg\" alt=\"\" class=\"wp-image-4218\" srcset=\"https:\/\/www.vla-bag.ch\/wp-content\/uploads\/2023\/06\/kaktusplantage-1024x704.jpg 1024w, https:\/\/www.vla-bag.ch\/wp-content\/uploads\/2023\/06\/kaktusplantage-300x206.jpg 300w, https:\/\/www.vla-bag.ch\/wp-content\/uploads\/2023\/06\/kaktusplantage-768x528.jpg 768w, https:\/\/www.vla-bag.ch\/wp-content\/uploads\/2023\/06\/kaktusplantage-1536x1056.jpg 1536w, https:\/\/www.vla-bag.ch\/wp-content\/uploads\/2023\/06\/kaktusplantage-800x550.jpg 800w, https:\/\/www.vla-bag.ch\/wp-content\/uploads\/2023\/06\/kaktusplantage.jpg 1600w\" sizes=\"auto, (max-width: 1024px) 100vw, 1024px\" \/><\/figure>\n\n\n\n<p><\/p>\n<\/div>\n<\/div>\n","protected":false},"excerpt":{"rendered":"<p>vl\u00e0 est durable Voil\u00e0 \u00e0 quel point les cactus peuvent \u00eatre souples. Notre cuir v\u00e9g\u00e9talien est produit au Mexique \u00e0 partir du cactus nopal - &#8230; <a title=\"Mat\u00e9riau\" class=\"read-more\" href=\"https:\/\/www.vla-bag.ch\/fr\/materiau\/\" aria-label=\"En savoir plus sur Mat\u00e9riau\">Read more<\/a><\/p>\n","protected":false},"author":2,"featured_media":0,"parent":0,"menu_order":0,"comment_status":"closed","ping_status":"closed","template":"","meta":{"_seopress_robots_primary_cat":"","_seopress_titles_title":"Mat\u00e9riel | vl\u00e0 - Sacs durables en cuir de cactus","_seopress_titles_desc":"D\u00e9couvrez le cuir de cactus respectueux de l'environnement utilis\u00e9 pour la fabrication de nos sacs durables et apprenez-en plus sur ses avantages.","_seopress_robots_index":"","footnotes":""},"class_list":["post-5728","page","type-page","status-publish"],"_links":{"self":[{"href":"https:\/\/www.vla-bag.ch\/fr\/wp-json\/wp\/v2\/pages\/5728","targetHints":{"allow":["GET"]}}],"collection":[{"href":"https:\/\/www.vla-bag.ch\/fr\/wp-json\/wp\/v2\/pages"}],"about":[{"href":"https:\/\/www.vla-bag.ch\/fr\/wp-json\/wp\/v2\/types\/page"}],"author":[{"embeddable":true,"href":"https:\/\/www.vla-bag.ch\/fr\/wp-json\/wp\/v2\/users\/2"}],"replies":[{"embeddable":true,"href":"https:\/\/www.vla-bag.ch\/fr\/wp-json\/wp\/v2\/comments?post=5728"}],"version-history":[{"count":1,"href":"https:\/\/www.vla-bag.ch\/fr\/wp-json\/wp\/v2\/pages\/5728\/revisions"}],"predecessor-version":[{"id":5729,"href":"https:\/\/www.vla-bag.ch\/fr\/wp-json\/wp\/v2\/pages\/5728\/revisions\/5729"}],"wp:attachment":[{"href":"https:\/\/www.vla-bag.ch\/fr\/wp-json\/wp\/v2\/media?parent=5728"}],"curies":[{"name":"wp","href":"https:\/\/api.w.org\/{rel}","templated":true}]}}