{"id":5574,"date":"2023-05-23T18:17:33","date_gmt":"2023-05-23T16:17:33","guid":{"rendered":"https:\/\/www.vla-bag.ch\/nos-valeurs\/"},"modified":"2026-03-27T20:06:58","modified_gmt":"2026-03-27T19:06:58","slug":"nos-valeurs","status":"publish","type":"page","link":"https:\/\/www.vla-bag.ch\/fr\/nos-valeurs\/","title":{"rendered":"Nos valeurs"},"content":{"rendered":"<div class=\"gb-container gb-container-9e1fd85a\"><div class=\"gb-inside-container\">\n\n<h2 class=\"large-heading\">\u00ab\u00a0Nos valeurs cr\u00e9ent notre identit\u00e9 et nous donnent une direction claire\u00a0\u00bb.\n<\/h2>\n\n\n\n<p>Chez vl\u00e0, quatre valeurs fondamentales sont au c\u0153ur de notre marque : le bien-\u00eatre animal, la durabilit\u00e9, la qualit\u00e9 et l&rsquo;\u00e9quit\u00e9. Vous pouvez vous y fier : <\/p>\n\n\n<div class=\"gb-grid-wrapper gb-grid-wrapper-f2525158\">\n<div class=\"gb-grid-column gb-grid-column-0a14fd63\"><div class=\"gb-container gb-container-0a14fd63\">\n\n<figure class=\"wp-block-image size-full is-resized\"><img loading=\"lazy\" decoding=\"async\" width=\"590\" height=\"592\" src=\"https:\/\/www.vla-bag.ch\/wp-content\/uploads\/2023\/05\/picto-tierwohl.png\" alt=\"\" class=\"wp-image-4179\" style=\"width:148px;height:148px\" srcset=\"https:\/\/www.vla-bag.ch\/wp-content\/uploads\/2023\/05\/picto-tierwohl.png 590w, https:\/\/www.vla-bag.ch\/wp-content\/uploads\/2023\/05\/picto-tierwohl-300x300.png 300w, https:\/\/www.vla-bag.ch\/wp-content\/uploads\/2023\/05\/picto-tierwohl-150x150.png 150w, https:\/\/www.vla-bag.ch\/wp-content\/uploads\/2023\/05\/picto-tierwohl-400x400.png 400w, https:\/\/www.vla-bag.ch\/wp-content\/uploads\/2023\/05\/picto-tierwohl-100x100.png 100w\" sizes=\"auto, (max-width: 590px) 100vw, 590px\" \/><\/figure>\n\n<\/div><\/div>\n\n<div class=\"gb-grid-column gb-grid-column-47cd47bb\"><div class=\"gb-container gb-container-47cd47bb\">\n\n<p><strong>Bien-\u00eatre animal<\/strong><br\/>Nos sacs sont fabriqu\u00e9s en cuir de cactus v\u00e9g\u00e9talien. Tous nos mat\u00e9riaux sont exempts de composants d&rsquo;origine animale. Nous montrons ainsi notre opposition \u00e0 l&rsquo;\u00e9levage intensif pour la production de cuir.  <\/p>\n\n<\/div><\/div>\n<\/div>\n\n<div class=\"gb-grid-wrapper gb-grid-wrapper-f877220d\">\n<div class=\"gb-grid-column gb-grid-column-786f28c1\"><div class=\"gb-container gb-container-786f28c1\">\n\n<figure class=\"wp-block-image size-full is-resized\"><img loading=\"lazy\" decoding=\"async\" width=\"590\" height=\"592\" src=\"https:\/\/www.vla-bag.ch\/wp-content\/uploads\/2023\/05\/nachhaltigkeit.png\" alt=\"\" class=\"wp-image-4185\" style=\"width:148px;height:148px\" srcset=\"https:\/\/www.vla-bag.ch\/wp-content\/uploads\/2023\/05\/nachhaltigkeit.png 590w, https:\/\/www.vla-bag.ch\/wp-content\/uploads\/2023\/05\/nachhaltigkeit-300x300.png 300w, https:\/\/www.vla-bag.ch\/wp-content\/uploads\/2023\/05\/nachhaltigkeit-150x150.png 150w, https:\/\/www.vla-bag.ch\/wp-content\/uploads\/2023\/05\/nachhaltigkeit-400x400.png 400w, https:\/\/www.vla-bag.ch\/wp-content\/uploads\/2023\/05\/nachhaltigkeit-100x100.png 100w\" sizes=\"auto, (max-width: 590px) 100vw, 590px\" \/><\/figure>\n\n<\/div><\/div>\n\n<div class=\"gb-grid-column gb-grid-column-9d99a895\"><div class=\"gb-container gb-container-9d99a895\">\n\n<p><strong>Durabilit\u00e9<\/strong><br\/>Nos sacs sont fabriqu\u00e9s \u00e0 la main en Italie. La mati\u00e8re premi\u00e8re \u2013 le cuir de cactus durable \u2013 est cultiv\u00e9e et transform\u00e9e au Mexique. Nous sommes conscients que le transport a un impact environnemental. C\u2019est pourquoi nous privil\u00e9gions des produits durables, des circuits de production courts en Europe et renon\u00e7ons volontairement aux emballages imprim\u00e9s.   <\/p>\n\n<\/div><\/div>\n<\/div>\n\n<div class=\"gb-grid-wrapper gb-grid-wrapper-36054a3a\">\n<div class=\"gb-grid-column gb-grid-column-35c36afa\"><div class=\"gb-container gb-container-35c36afa\">\n\n<figure class=\"wp-block-image size-full is-resized\"><img loading=\"lazy\" decoding=\"async\" width=\"590\" height=\"592\" src=\"https:\/\/www.vla-bag.ch\/wp-content\/uploads\/2023\/05\/pictos-qualitaet.png\" alt=\"\" class=\"wp-image-4186\" style=\"width:148px;height:148px\" srcset=\"https:\/\/www.vla-bag.ch\/wp-content\/uploads\/2023\/05\/pictos-qualitaet.png 590w, https:\/\/www.vla-bag.ch\/wp-content\/uploads\/2023\/05\/pictos-qualitaet-300x300.png 300w, https:\/\/www.vla-bag.ch\/wp-content\/uploads\/2023\/05\/pictos-qualitaet-150x150.png 150w, https:\/\/www.vla-bag.ch\/wp-content\/uploads\/2023\/05\/pictos-qualitaet-400x400.png 400w, https:\/\/www.vla-bag.ch\/wp-content\/uploads\/2023\/05\/pictos-qualitaet-100x100.png 100w\" sizes=\"auto, (max-width: 590px) 100vw, 590px\" \/><\/figure>\n\n<\/div><\/div>\n\n<div class=\"gb-grid-column gb-grid-column-92dd6302\"><div class=\"gb-container gb-container-92dd6302\">\n\n<p><strong>Qualit\u00e9<\/strong><br\/>Nous accordons une grande importance \u00e0 une qualit\u00e9 irr\u00e9prochable. C\u2019est pourquoi nos sacs sont fabriqu\u00e9s en Italie par des artisans qualifi\u00e9s. Avec un sac vl\u00e0, vous choisissez un accessoire haut de gamme con\u00e7u pour durer. Et oui, la qualit\u00e9 a un prix. Nous ne concurren\u00e7ons pas les produits fabriqu\u00e9s en s\u00e9rie en Extr\u00eame-Orient.    <\/p>\n\n<\/div><\/div>\n<\/div>\n\n<div class=\"gb-grid-wrapper gb-grid-wrapper-363d5c1b\">\n<div class=\"gb-grid-column gb-grid-column-7e549fa5\"><div class=\"gb-container gb-container-7e549fa5\">\n\n<figure class=\"wp-block-image size-full is-resized\"><img loading=\"lazy\" decoding=\"async\" width=\"590\" height=\"592\" src=\"https:\/\/www.vla-bag.ch\/wp-content\/uploads\/2023\/05\/picto-fairness.png\" alt=\"\" class=\"wp-image-4193\" style=\"width:148px;height:148px\" srcset=\"https:\/\/www.vla-bag.ch\/wp-content\/uploads\/2023\/05\/picto-fairness.png 590w, https:\/\/www.vla-bag.ch\/wp-content\/uploads\/2023\/05\/picto-fairness-300x300.png 300w, https:\/\/www.vla-bag.ch\/wp-content\/uploads\/2023\/05\/picto-fairness-150x150.png 150w, https:\/\/www.vla-bag.ch\/wp-content\/uploads\/2023\/05\/picto-fairness-400x400.png 400w, https:\/\/www.vla-bag.ch\/wp-content\/uploads\/2023\/05\/picto-fairness-100x100.png 100w\" sizes=\"auto, (max-width: 590px) 100vw, 590px\" \/><\/figure>\n\n<\/div><\/div>\n\n<div class=\"gb-grid-column gb-grid-column-f6f1118e\"><div class=\"gb-container gb-container-f6f1118e\">\n\n<p><strong><strong><strong><strong><strong>\u00c9quit\u00e9<\/strong><\/strong><\/strong><\/strong><\/strong><br\/>Chez vl\u00e0, il ne s&rsquo;agit pas seulement de sacs de qualit\u00e9, mais aussi de produits fabriqu\u00e9s de mani\u00e8re \u00e9quitable. Nous entretenons des relations personnelles avec nos producteurs et garantissons des conditions de travail et des prix \u00e9quitables. Par votre achat, vous soutenez une culture du travail \u00e9quitable et \u00e9thique.  <\/p>\n\n<\/div><\/div>\n<\/div>\n\n\n<p>D\u00e9couvrez notre collection de sacs en cuir de cactus v\u00e9g\u00e9talien et rejoignez un mouvement qui s&rsquo;engage pour le bien-\u00eatre des animaux, la durabilit\u00e9, la qualit\u00e9 et l&rsquo;\u00e9quit\u00e9.<\/p>\n\n<\/div><\/div>\n<p><\/p>\n","protected":false},"excerpt":{"rendered":"<p>\u00ab\u00a0Nos valeurs cr\u00e9ent notre identit\u00e9 et nous donnent une direction claire\u00a0\u00bb. Chez vl\u00e0, quatre valeurs fondamentales sont au c\u0153ur de notre marque : le bien-\u00eatre &#8230; <a title=\"Nos valeurs\" class=\"read-more\" href=\"https:\/\/www.vla-bag.ch\/fr\/nos-valeurs\/\" aria-label=\"En savoir plus sur Nos valeurs\">Read more<\/a><\/p>\n","protected":false},"author":2,"featured_media":0,"parent":0,"menu_order":0,"comment_status":"closed","ping_status":"closed","template":"","meta":{"_seopress_robots_primary_cat":"","_seopress_titles_title":"","_seopress_titles_desc":"","_seopress_robots_index":"","footnotes":""},"class_list":["post-5574","page","type-page","status-publish"],"_links":{"self":[{"href":"https:\/\/www.vla-bag.ch\/fr\/wp-json\/wp\/v2\/pages\/5574","targetHints":{"allow":["GET"]}}],"collection":[{"href":"https:\/\/www.vla-bag.ch\/fr\/wp-json\/wp\/v2\/pages"}],"about":[{"href":"https:\/\/www.vla-bag.ch\/fr\/wp-json\/wp\/v2\/types\/page"}],"author":[{"embeddable":true,"href":"https:\/\/www.vla-bag.ch\/fr\/wp-json\/wp\/v2\/users\/2"}],"replies":[{"embeddable":true,"href":"https:\/\/www.vla-bag.ch\/fr\/wp-json\/wp\/v2\/comments?post=5574"}],"version-history":[{"count":4,"href":"https:\/\/www.vla-bag.ch\/fr\/wp-json\/wp\/v2\/pages\/5574\/revisions"}],"predecessor-version":[{"id":6555,"href":"https:\/\/www.vla-bag.ch\/fr\/wp-json\/wp\/v2\/pages\/5574\/revisions\/6555"}],"wp:attachment":[{"href":"https:\/\/www.vla-bag.ch\/fr\/wp-json\/wp\/v2\/media?parent=5574"}],"curies":[{"name":"wp","href":"https:\/\/api.w.org\/{rel}","templated":true}]}}