{"id":5567,"date":"2024-10-15T17:43:38","date_gmt":"2024-10-15T15:43:38","guid":{"rendered":"https:\/\/www.vla-bag.ch\/faq\/"},"modified":"2026-01-09T19:05:54","modified_gmt":"2026-01-09T18:05:54","slug":"faq","status":"publish","type":"page","link":"https:\/\/www.vla-bag.ch\/fr\/faq\/","title":{"rendered":"FAQ"},"content":{"rendered":"<div class=\"gb-container gb-container-edf658f4\">\n\n<section class=\"vla-faq\" aria-label=\"H\u00e4ufige Fragen zu vl\u00e0\">\n<h2>FAQ \u2013 Questions fr\u00e9quemment pos\u00e9es<\/h2>\n\n  <!-- Bestellung & Zahlung  -->\n  <h3>Commande et paiement<\/h3>\n<details>\n  <summary>\n    <span class=\"gb-icon\">\n      <svg aria-hidden=\"true\" role=\"img\" height=\"1em\" width=\"1em\" viewbox=\"0 0 448 512\">\n        <path d=\"M207.029 381.476L12.686 187.132c-9.373-9.373-9.373-24.569 \n        0-33.941l22.667-22.667c9.357-9.357 24.522-9.375 33.901-.04L224 284.505\n        l154.745-154.021c9.379-9.335 24.544-9.317 33.901.04l22.667 22.667c9.373 \n        9.373 9.373 24.569 0 33.941L240.971 381.476c-9.373 9.372-24.569 \n        9.372-33.942 0z\"><\/path>\n      <\/svg>\n    <\/span>\n    <span class=\"gb-headline-text\">Quels sont les frais d\u2019exp\u00e9dition\u00a0?<\/span>\n  <\/summary>\n  <div>\n  La livraison est <strong>gratuite<\/strong> pour vous, en Suisse et au Liechtenstein.\n  <\/div>\n<\/details>\n\n  <details>\n    <summary>\n      <span class=\"gb-icon\">\n        <svg aria-hidden=\"true\" role=\"img\" height=\"1em\" width=\"1em\" viewbox=\"0 0 448 512\">\n          <path d=\"M207.029 381.476L12.686 187.132c-9.373-9.373-9.373-24.569 0-33.941l22.667-22.667c9.357-9.357 \n          24.522-9.375 33.901-.04L224 284.505l154.745-154.021c9.379-9.335 \n          24.544-9.317 33.901.04l22.667 22.667c9.373 9.373 9.373 24.569 \n          0 33.941L240.971 381.476c-9.373 9.372-24.569 9.372-33.942 0z\"><\/path>\n        <\/svg>\n      <\/span>\n      <span class=\"gb-headline-text\">Vers quels pays vl\u00e0 exp\u00e9die-t-il ?<\/span>\n    <\/summary>\n    <div>\n  Les commandes sont actuellement possibles depuis la Suisse et le Liechtenstein. \n  Vous habitez en Allemagne ou en Autriche\u00a0? \u00c9crivez-nous, nous traiterons volontiers votre commande en dehors de la boutique. \n    <\/div>\n  <\/details>\n\n  <details>\n    <summary>\n      <span class=\"gb-icon\">\n        <svg aria-hidden=\"true\" role=\"img\" height=\"1em\" width=\"1em\" viewbox=\"0 0 448 512\">\n          <path d=\"M207.029 381.476L12.686 187.132c-9.373-9.373-9.373-24.569 0-33.941l22.667-22.667c9.357-9.357 \n          24.522-9.375 33.901-.04L224 284.505l154.745-154.021c9.379-9.335 \n          24.544-9.317 33.901.04l22.667 22.667c9.373 9.373 9.373 24.569 \n          0 33.941L240.971 381.476c-9.373 9.372-24.569 9.372-33.942 0z\"><\/path>\n        <\/svg>\n      <\/span>\n      <span class=\"gb-headline-text\">Quels modes de paiement puis-je utiliser\u00a0?<\/span>\n    <\/summary>\n    <div>\n  Carte de cr\u00e9dit, TWINT, PostFinance, Apple Pay. Les options disponibles sont indiqu\u00e9es \u00e0 la caisse. \n    <\/div>\n  <\/details>\n\n  <!-- Lieferung & R\u00fcckgabe -->\n  <h3>Livraison et retour<\/h3>\n<details>\n  <summary>\n    <span class=\"gb-icon\">\n      <svg aria-hidden=\"true\" role=\"img\" height=\"1em\" width=\"1em\" viewbox=\"0 0 448 512\">\n        <path d=\"M207.029 381.476L12.686 187.132c-9.373-9.373-9.373-24.569 \n        0-33.941l22.667-22.667c9.357-9.357 24.522-9.375 33.901-.04L224 284.505\n        l154.745-154.021c9.379-9.335 24.544-9.317 33.901.04l22.667 22.667c9.373 \n        9.373 9.373 24.569 0 33.941L240.971 381.476c-9.373 9.372-24.569 \n        9.372-33.942 0z\"><\/path>\n      <\/svg>\n    <\/span>\n    <span class=\"gb-headline-text\">Comment s&rsquo;effectue la livraison ?<\/span>\n  <\/summary>\n  <div>\n  Nous exp\u00e9dions avec la Poste suisse. \n En r\u00e8gle g\u00e9n\u00e9rale, votre colis vous parvient sous <strong>2 \u00e0 3\u00a0jours ouvrables<\/strong>. \n Vous trouverez de plus amples informations dans nos <a href=\"https:\/\/www.vla-bag.ch\/fr\/conditions-de-livraison\/\">conditions de livraison<\/a>.\n    <\/div>\n  <\/details>\n\n  <details>\n    <summary>\n      <span class=\"gb-icon\"><svg aria-hidden=\"true\" role=\"img\" height=\"1em\" width=\"1em\" viewbox=\"0 0 448 512\"><path d=\"M207.029 381.476L12.686 187.132c-9.373-9.373-9.373-24.569 0-33.941l22.667-22.667c9.357-9.357 \n      24.522-9.375 33.901-.04L224 284.505l154.745-154.021c9.379-9.335 \n      24.544-9.317 33.901.04l22.667 22.667c9.373 9.373 9.373 24.569 \n      0 33.941L240.971 381.476c-9.373 9.372-24.569 9.372-33.942 0z\"><\/path><\/svg><\/span>\n      <span class=\"gb-headline-text\">Puis-je suivre ma commande ?<\/span>\n    <\/summary>\n    <div>\n  Oui. Apr\u00e8s l\u2019exp\u00e9dition, vous recevez un e-mail de confirmation avec le num\u00e9ro de suivi de la Poste suisse. Votre sac arrive g\u00e9n\u00e9ralement dans un d\u00e9lai de 2 \u00e0 3 jours ouvrables apr\u00e8s la commande. \n    <\/div>\n  <\/details>\n\n  <details>\n    <summary>\n      <span class=\"gb-icon\"><svg aria-hidden=\"true\" role=\"img\" height=\"1em\" width=\"1em\" viewbox=\"0 0 448 512\"><path d=\"M207.029 381.476L12.686 187.132c-9.373-9.373-9.373-24.569 0-33.941l22.667-22.667c9.357-9.357 \n      24.522-9.375 33.901-.04L224 284.505l154.745-154.021c9.379-9.335 \n      24.544-9.317 33.901.04l22.667 22.667c9.373 9.373 9.373 24.569 \n      0 33.941L240.971 381.476c-9.373 9.372-24.569 9.372-33.942 0z\"><\/path><\/svg><\/span>\n      <span class=\"gb-headline-text\">Comment fonctionne le retour ?<\/span>\n    <\/summary>\n    <div>\n  Vous pouvez retourner votre sac dans un d\u00e9lai de 14\u00a0jours. Veuillez nous contacter au pr\u00e9alable.<br\/> Veuillez envoyer la marchandise non utilis\u00e9e dans son emballage d\u2019origine \u00e0 l\u2019adresse suivante\u00a0:<br\/> vl\u00e0 c\/o Mediafabrik AG<br\/> Tuggenerstrasse\u00a03<br\/> 8008\u00a0Zurich, Suisse <br\/><br\/>  Les frais de retour sont \u00e0 votre charge\u00a0; nous encourageons ainsi les commandes responsables et \u00e9vitons les transports inutiles. Veuillez veiller \u00e0 un emballage s\u00fbr. Apr\u00e8s v\u00e9rification, nous vous rembourserons le prix d\u2019achat.  \n    <\/div>\n  <\/details>\n\n  <details>\n    <summary>\n      <span class=\"gb-icon\"><svg aria-hidden=\"true\" role=\"img\" height=\"1em\" width=\"1em\" viewbox=\"0 0 448 512\"><path d=\"M207.029 381.476L12.686 187.132c-9.373-9.373-9.373-24.569 0-33.941l22.667-22.667c9.357-9.357 \n      24.522-9.375 33.901-.04L224 284.505l154.745-154.021c9.379-9.335 \n      24.544-9.317 33.901.04l22.667 22.667c9.373 9.373 9.373 24.569 \n      0 33.941L240.971 381.476c-9.373 9.372-24.569 9.372-33.942 0z\"><\/path><\/svg><\/span>\n      <span class=\"gb-headline-text\">Comment puis-je obtenir le remboursement\u00a0?<\/span>\n    <\/summary>\n    <div>\n  Le remboursement s\u2019effectue par virement bancaire et dure g\u00e9n\u00e9ralement de 1 \u00e0 2\u00a0semaines. Nous vous remercions de votre patience et de votre compr\u00e9hension. \n    <\/div>\n  <\/details>\n\n  <details>\n    <summary>\n      <span class=\"gb-icon\"><svg aria-hidden=\"true\" role=\"img\" height=\"1em\" width=\"1em\" viewbox=\"0 0 448 512\"><path d=\"M207.029 381.476L12.686 187.132c-9.373-9.373-9.373-24.569 0-33.941l22.667-22.667c9.357-9.357 \n      24.522-9.375 33.901-.04L224 284.505l154.745-154.021c9.379-9.335 \n      24.544-9.317 33.901.04l22.667 22.667c9.373 9.373 9.373 24.569 \n      0 33.941L240.971 381.476c-9.373 9.372-24.569 9.372-33.942 0z\"><\/path><\/svg><\/span>\n      <span class=\"gb-headline-text\">Proposez-vous un \u00e9change ?<\/span>\n    <\/summary>\n    <div>\n  Actuellement, nous ne pouvons pas proposer d\u2019\u00e9change de produits. Nous vous remercions de votre compr\u00e9hension et travaillons \u00e0 l\u2019\u00e9largissement de nos services \u00e0 l\u2019avenir. \n    <\/div>\n  <\/details>\n\n  <!-- Material & Nachhaltigkeit -->\n  <h3>Mat\u00e9riau et durabilit\u00e9<\/h3>\n  <details><summary><span class=\"gb-icon\"><svg aria-hidden=\"true\" role=\"img\" height=\"1em\" width=\"1em\" viewbox=\"0 0 448 512\"><path d=\"M207.029 381.476L12.686 187.132c-9.373-9.373-9.373-24.569 0-33.941l22.667-22.667c9.357-9.357 24.522-9.375 33.901-.04L224 284.505l154.745-154.021c9.379-9.335 24.544-9.317 33.901.04l22.667 22.667c9.373 9.373 9.373 24.569 0 33.941L240.971 381.476c-9.373 9.372-24.569 9.372-33.942 0z\"><\/path><\/svg><\/span><span class=\"gb-headline-text\">Les sacs vl\u00e0 sont-ils v\u00e9ganes\u00a0?<\/span><\/summary><div>Oui. Nos sacs sont compos\u00e9s d\u2019un mat\u00e9riau de support durable avec une surface en cuir de cactus (Desserto\u00ae). Ils ne contiennent aucun composant d\u2019origine animale.  <\/div><\/details>\n  <details><summary><span class=\"gb-icon\"><svg aria-hidden=\"true\" role=\"img\" height=\"1em\" width=\"1em\" viewbox=\"0 0 448 512\"><path d=\"M207.029 381.476L12.686 187.132c-9.373-9.373-9.373-24.569 0-33.941l22.667-22.667c9.357-9.357 24.522-9.375 33.901-.04L224 284.505l154.745-154.021c9.379-9.335 24.544-9.317 33.901.04l22.667 22.667c9.373 9.373 9.373 24.569 0 33.941L240.971 381.476c-9.373 9.372-24.569 9.372-33.942 0z\"><\/path><\/svg><\/span><span class=\"gb-headline-text\">\u00c0 quel point les sacs vl\u00e0 sont-ils durables ?<\/span><\/summary><div>Par rapport au cuir d\u2019origine animale, le cuir de cactus n\u00e9cessite jusqu\u2019\u00e0 99\u00a0% moins d\u2019eau et environ 95\u00a0% moins de CO\u2082.<br\/>La fabrication a lieu dans une manufacture familiale du nord de l\u2019Italie, pour des trajets courts, une qualit\u00e9 \u00e9lev\u00e9e et des conditions \u00e9quitables.<\/div><\/details>\n  <details><summary><span class=\"gb-icon\"><svg aria-hidden=\"true\" role=\"img\" height=\"1em\" width=\"1em\" viewbox=\"0 0 448 512\"><path d=\"M207.029 381.476L12.686 187.132c-9.373-9.373-9.373-24.569 0-33.941l22.667-22.667c9.357-9.357 24.522-9.375 33.901-.04L224 284.505l154.745-154.021c9.379-9.335 24.544-9.317 33.901.04l22.667 22.667c9.373 9.373 9.373 24.569 0 33.941L240.971 381.476c-9.373 9.372-24.569 9.372-33.942 0z\"><\/path><\/svg><\/span><span class=\"gb-headline-text\">Quels sont les avantages du cuir de cactus par rapport au cuir d\u2019origine animale\u00a0?<\/span><\/summary><div><ul><li>Jusqu\u2019\u00e0 99\u00a0% de consommation d\u2019eau en moins<\/li><li>Environ 95\u00a0% d\u2019\u00e9missions de CO\u2082 en moins<\/li><li>Durable, facile d\u2019entretien et agr\u00e9ablement doux<\/li><\/ul><\/div><\/details>\n  <details><summary><span class=\"gb-icon\"><svg aria-hidden=\"true\" role=\"img\" height=\"1em\" width=\"1em\" viewbox=\"0 0 448 512\"><path d=\"M207.029 381.476L12.686 187.132c-9.373-9.373-9.373-24.569 0-33.941l22.667-22.667c9.357-9.357 24.522-9.375 33.901-.04L224 284.505l154.745-154.021c9.379-9.335 24.544-9.317 33.901.04l22.667 22.667c9.373 9.373 9.373 24.569 0 33.941L240.971 381.476c-9.373 9.372-24.569 9.372-33.942 0z\"><\/path><\/svg><\/span><span class=\"gb-headline-text\">O\u00f9 sont fabriqu\u00e9s les sacs vl\u00e0 ?<\/span><\/summary><div>Dans le nord de l\u2019Italie, dans une entreprise familiale riche en traditions et forte d\u2019une longue tradition artisanale. Le design suisse rencontre l\u2019artisanat italien. <\/div><\/details>\n\n  <!-- Pflege & Aufbewahrung -->\n  <h3>Entretien et rangement<\/h3>\n  <details><summary><span class=\"gb-icon\"><svg aria-hidden=\"true\" role=\"img\" height=\"1em\" width=\"1em\" viewbox=\"0 0 448 512\"><path d=\"M207.029 381.476L12.686 187.132c-9.373-9.373-9.373-24.569 0-33.941l22.667-22.667c9.357-9.357 24.522-9.375 33.901-.04L224 284.505l154.745-154.021c9.379-9.335 24.544-9.317 33.901.04l22.667 22.667c9.373 9.373 9.373 24.569 0 33.941L240.971 381.476c-9.373 9.372-24.569 9.372-33.942 0z\"><\/path><\/svg><\/span><span class=\"gb-headline-text\">Comment entretenir mon sac vl\u00e0\u00a0?<\/span><\/summary><div>Nettoyez votre sac exclusivement avec un chiffon doux, l\u00e9g\u00e8rement humide et une solution savonneuse douce. Enlevez ensuite les r\u00e9sidus de savon avec un chiffon propre et humide. N\u2019utilisez pas d\u2019autres produits de nettoyage et n\u2019imperm\u00e9abilisez pas le sac\u00a0; la surface est d\u00e9j\u00e0 trait\u00e9e pour \u00eatre hydrofuge. Vous trouverez d\u2019autres conseils dans nos <a href=\"https:\/\/www.vla-bag.ch\/fr\/entretien-du-cuir-de-cactus\/\">instructions d\u2019entretien<\/a>.   <\/div><\/details>\n  <details><summary><span class=\"gb-icon\"><svg aria-hidden=\"true\" role=\"img\" height=\"1em\" width=\"1em\" viewbox=\"0 0 448 512\"><path d=\"M207.029 381.476L12.686 187.132c-9.373-9.373-9.373-24.569 0-33.941l22.667-22.667c9.357-9.357 24.522-9.375 33.901-.04L224 284.505l154.745-154.021c9.379-9.335 24.544-9.317 33.901.04l22.667 22.667c9.373 9.373 9.373 24.569 0 33.941L240.971 381.476c-9.373 9.372-24.569 9.372-33.942 0z\"><\/path><\/svg><\/span><span class=\"gb-headline-text\">Comment ranger mon sac\u00a0?<\/span><\/summary><div>Rangez votre sac dans le sac en tissu fourni, stock\u00e9 verticalement dans un endroit sec et frais. Pour conserver sa forme, vous pouvez utiliser le mat\u00e9riau de rembourrage fourni. Veuillez \u00e9viter l\u2019exposition directe au soleil ou \u00e0 la chaleur.  <\/div><\/details>\n  <details><summary><span class=\"gb-icon\"><svg aria-hidden=\"true\" role=\"img\" height=\"1em\" width=\"1em\" viewbox=\"0 0 448 512\"><path d=\"M207.029 381.476L12.686 187.132c-9.373-9.373-9.373-24.569 0-33.941l22.667-22.667c9.357-9.357 24.522-9.375 33.901-.04L224 284.505l154.745-154.021c9.379-9.335 24.544-9.317 33.901.04l22.667 22.667c9.373 9.373 9.373 24.569 0 33.941L240.971 381.476c-9.373 9.372-24.569 9.372-33.942 0z\"><\/path><\/svg><\/span><span class=\"gb-headline-text\">Les sacs vl\u00e0 sont-ils \u00e9tanches\u00a0?<\/span><\/summary><div>Non. Nos sacs sont trait\u00e9s pour \u00eatre hydrofuges et prot\u00e8gent de mani\u00e8re fiable contre l\u2019humidit\u00e9 au quotidien, mais pas en cas de forte pluie ou s\u2019ils sont immerg\u00e9s dans l\u2019eau. <\/div><\/details>\n\n  <!-- Garantie -->\n  <h3>Garantie<\/h3>\n  <details><summary><span class=\"gb-icon\"><svg aria-hidden=\"true\" role=\"img\" height=\"1em\" width=\"1em\" viewbox=\"0 0 448 512\"><path d=\"M207.029 381.476L12.686 187.132c-9.373-9.373-9.373-24.569 0-33.941l22.667-22.667c9.357-9.357 24.522-9.375 33.901-.04L224 284.505l154.745-154.021c9.379-9.335 24.544-9.317 33.901.04l22.667 22.667c9.373 9.373 9.373 24.569 0 33.941L240.971 381.476c-9.373 9.372-24.569 9.372-33.942 0z\"><\/path><\/svg><\/span><span class=\"gb-headline-text\">Quelle est la dur\u00e9e de la garantie\u00a0?<\/span><\/summary><div>Nous accordons une garantie de deux ans sur tous les sacs et sacs \u00e0 dos vl\u00e0 \u00e0 compter de la date d\u2019achat, pour les d\u00e9fauts de mat\u00e9riaux et de fabrication en cas d\u2019utilisation conforme et de respect de nos <a href=\"https:\/\/www.vla-bag.ch\/fr\/entretien-du-cuir-de-cactus\/\">instructions d\u2019entretien<\/a>.<\/div><\/details>\n\n  <!-- Showroom & Kontakt -->\n  <h3>Showroom et contact<\/h3>\n  <details>\n    <summary>\n      <span class=\"gb-icon\">\n        <svg aria-hidden=\"true\" role=\"img\" height=\"1em\" width=\"1em\" viewbox=\"0 0 448 512\">\n          <path d=\"M207.029 381.476L12.686 187.132c-9.373-9.373-9.373-24.569 \n          0-33.941l22.667-22.667c9.357-9.357 \n          24.522-9.375 33.901-.04L224 284.505l154.745-154.021c9.379-9.335 \n          24.544-9.317 33.901.04l22.667 22.667c9.373 9.373 \n          9.373 24.569 0 33.941L240.971 381.476c-9.373 \n          9.372-24.569 9.372-33.942 0z\"><\/path>\n        <\/svg>\n      <\/span>\n      <span class=\"gb-headline-text\">O\u00f9 puis-je voir les sacs vl\u00e0\u00a0?<\/span>\n    <\/summary>\n    <div>\n  Sur rendez-vous, vous pouvez visiter les sacs sans engagement et en toute tranquillit\u00e9 dans nos bureaux \u00e0 Zurich-Seefeld \n, vous faire conseiller personnellement si n\u00e9cessaire \n et, si vous le souhaitez, les acheter directement.<br\/> Contact\u00a0: 044\u00a0380\u00a050\u00a045 ou <a href=\"mailto:office@vla-bag.ch\">office@vla-bag.ch<\/a>\n    <\/div>\n  <\/details>\n\n  <details>\n    <summary>\n      <span class=\"gb-icon\">\n        <svg aria-hidden=\"true\" role=\"img\" height=\"1em\" width=\"1em\" viewbox=\"0 0 448 512\">\n          <path d=\"M207.029 381.476L12.686 187.132c-9.373-9.373-9.373-24.569 \n          0-33.941l22.667-22.667c9.357-9.357 \n          24.522-9.375 33.901-.04L224 284.505l154.745-154.021c9.379-9.335 \n          24.544-9.317 33.901.04l22.667 22.667c9.373 9.373 \n          9.373 24.569 0 33.941L240.971 381.476c-9.373 \n          9.372-24.569 9.372-33.942 0z\"><\/path>\n        <\/svg>\n      <\/span>\n      <span class=\"gb-headline-text\">Comment vous joindre\u00a0?<\/span>\n    <\/summary>\n    <div>\n  Vous pouvez nous contacter par e-mail \u00e0 l\u2019adresse <a href=\"mailto:office@vla-bag.ch\">office@vla-bag.ch<\/a> \n ou par t\u00e9l\u00e9phone au 044\u00a0380\u00a050\u00a045. \n En semaine, nous r\u00e9pondons g\u00e9n\u00e9ralement dans les 24\u00a0heures.\n    <\/div>\n  <\/details>\n\n\n<\/section>\n\n<\/div>","protected":false},"excerpt":{"rendered":"<p>FAQ \u2013 Questions fr\u00e9quemment pos\u00e9es Commande et paiement Quels sont les frais d\u2019exp\u00e9dition\u00a0? La livraison est gratuite pour vous, en Suisse et au Liechtenstein. Vers &#8230; <a title=\"FAQ\" class=\"read-more\" href=\"https:\/\/www.vla-bag.ch\/fr\/faq\/\" aria-label=\"En savoir plus sur FAQ\">Read more<\/a><\/p>\n","protected":false},"author":2,"featured_media":4774,"parent":0,"menu_order":0,"comment_status":"closed","ping_status":"closed","template":"","meta":{"_seopress_robots_primary_cat":"","_seopress_titles_title":"Foire aux questions | vl\u00e0 - Sacs durables en cuir de cactus","_seopress_titles_desc":"Trouvez les r\u00e9ponses aux questions fr\u00e9quemment pos\u00e9es sur nos sacs durables en cuir de cactus. Tout ce que vous devez savoir sur vl\u00e0.","_seopress_robots_index":"","footnotes":""},"class_list":["post-5567","page","type-page","status-publish","has-post-thumbnail"],"_links":{"self":[{"href":"https:\/\/www.vla-bag.ch\/fr\/wp-json\/wp\/v2\/pages\/5567","targetHints":{"allow":["GET"]}}],"collection":[{"href":"https:\/\/www.vla-bag.ch\/fr\/wp-json\/wp\/v2\/pages"}],"about":[{"href":"https:\/\/www.vla-bag.ch\/fr\/wp-json\/wp\/v2\/types\/page"}],"author":[{"embeddable":true,"href":"https:\/\/www.vla-bag.ch\/fr\/wp-json\/wp\/v2\/users\/2"}],"replies":[{"embeddable":true,"href":"https:\/\/www.vla-bag.ch\/fr\/wp-json\/wp\/v2\/comments?post=5567"}],"version-history":[{"count":4,"href":"https:\/\/www.vla-bag.ch\/fr\/wp-json\/wp\/v2\/pages\/5567\/revisions"}],"predecessor-version":[{"id":6262,"href":"https:\/\/www.vla-bag.ch\/fr\/wp-json\/wp\/v2\/pages\/5567\/revisions\/6262"}],"wp:featuredmedia":[{"embeddable":true,"href":"https:\/\/www.vla-bag.ch\/fr\/wp-json\/wp\/v2\/media\/4774"}],"wp:attachment":[{"href":"https:\/\/www.vla-bag.ch\/fr\/wp-json\/wp\/v2\/media?parent=5567"}],"curies":[{"name":"wp","href":"https:\/\/api.w.org\/{rel}","templated":true}]}}