{"id":5561,"date":"2022-03-23T11:19:15","date_gmt":"2022-03-23T10:19:15","guid":{"rendered":"https:\/\/www.vla-bag.ch\/entretien-du-cuir-de-cactus\/"},"modified":"2025-09-01T11:59:58","modified_gmt":"2025-09-01T09:59:58","slug":"entretien-du-cuir-de-cactus","status":"publish","type":"page","link":"https:\/\/www.vla-bag.ch\/fr\/entretien-du-cuir-de-cactus\/","title":{"rendered":"Entretien du cuir de cactus"},"content":{"rendered":"\n<div class=\"wp-block-columns  mobile-column-reverse is-layout-flex wp-container-core-columns-is-layout-9d6595d7 wp-block-columns-is-layout-flex\">\n<div class=\"wp-block-column is-layout-flow wp-block-column-is-layout-flow\">\n<h2 class=\"wp-block-heading large-heading has-contrast-color has-text-color\">Prendre soin de votre sac en cuir de cactus<\/h2>\n\n\n\n<p>Nos sacs sont fabriqu\u00e9s \u00e0 partir d&rsquo;un mat\u00e9riau de support innovant et durable avec une surface en cuir de cactus - doux, durable et facile \u00e0 entretenir. Pour que vous puissiez en profiter longtemps, nous vous demandons de respecter les consignes suivantes : <\/p>\n\n\n\n<h3 class=\"wp-block-heading\">Nettoyage<\/h3>\n\n\n\n<p>Pour l&rsquo;entretien r\u00e9gulier, un chiffon doux en coton blanc et de l&rsquo;eau ti\u00e8de suffisent. Si n\u00e9cessaire, vous pouvez utiliser une solution de savon ou de shampoing doux. Essuyez ensuite \u00e0 l&rsquo;eau claire et s\u00e9chez.  <\/p>\n\n\n\n<p>Veuillez ne <strong>pas<\/strong> utiliser d&rsquo;\u00e9ponges rugueuses, de brosses ou de produits de nettoyage agressifs. <strong>Les solvants tels que l&rsquo;alcool, l&rsquo;ac\u00e9tone, l&rsquo;eau de javel, les huiles, le vinaigre, les silicones, la cire ou les nettoyants pour four<\/strong> peuvent \u00e9galement endommager le mat\u00e9riau et ne doivent pas \u00eatre utilis\u00e9s. <\/p>\n\n\n\n<h3 class=\"wp-block-heading\">Taches<\/h3>\n\n\n\n<p>Les taches de caf\u00e9, de th\u00e9, de vin, de jus de fruits ou de chocolat s&rsquo;enl\u00e8vent g\u00e9n\u00e9ralement sans probl\u00e8me avec une solution savonneuse douce. Si les r\u00e9sidus sont huileux ou gras, il faut agir rapidement - le mieux est de les nettoyer imm\u00e9diatement avec du savon liquide ou du shampooing. <\/p>\n\n\n\n<h3 class=\"wp-block-heading\">Rangement et protection<\/h3>\n\n\n\n<ul class=\"wp-block-list\">\n<li>Rangez votre sac dans un endroit sec et frais - pas en plein soleil ou dans un endroit humide.<\/li>\n\n\n\n<li>\u00c9vitez de soumettre le sac \u00e0 une forte pression, en particulier lorsqu&rsquo;il est suspendu - cela permet de pr\u00e9server les coutures.<\/li>\n\n\n\n<li>Ne pliez pas et ne pressez pas le sac pour conserver sa forme.<\/li>\n\n\n\n<li>\u00c9vitez tout contact avec des objets pointus ou tranchants, tant \u00e0 l&rsquo;int\u00e9rieur qu&rsquo;\u00e0 l&rsquo;ext\u00e9rieur du sac.<\/li>\n\n\n\n<li><strong>Ne pas imperm\u00e9abiliser<\/strong> - le mat\u00e9riau a re\u00e7u un traitement hydrofuge lors de sa fabrication et ne n\u00e9cessite pas de protection suppl\u00e9mentaire.<\/li>\n\n\n\n<li>Pour assurer la stabilit\u00e9 de la forme, nous recommandons de laisser le mat\u00e9riau de bourrage fourni dans le sac pour le rangement.<\/li>\n<\/ul>\n\n\n\n<h3 class=\"wp-block-heading\">Appr\u00e9ciation d&rsquo;un mat\u00e9riau particulier<\/h3>\n\n\n\n<p>Le cuir de cactus est une alternative durable au cuir animal - souple, durable et agr\u00e9able au quotidien. Avec un peu d&rsquo;attention, votre sac ou votre sac \u00e0 dos restera un compagnon \u00e9l\u00e9gant pendant de nombreuses ann\u00e9es. <\/p>\n<\/div>\n\n\n\n<div class=\"wp-block-column is-layout-flow wp-block-column-is-layout-flow\">\n<figure class=\"wp-block-image size-large\"><img loading=\"lazy\" decoding=\"async\" width=\"1024\" height=\"576\" src=\"https:\/\/www.vla-bag.ch\/wp-content\/uploads\/2022\/04\/kaktusbags_pflege-1024x576.jpg\" alt=\"\" class=\"wp-image-3644\" srcset=\"https:\/\/www.vla-bag.ch\/wp-content\/uploads\/2022\/04\/kaktusbags_pflege-1024x576.jpg 1024w, https:\/\/www.vla-bag.ch\/wp-content\/uploads\/2022\/04\/kaktusbags_pflege-300x169.jpg 300w, https:\/\/www.vla-bag.ch\/wp-content\/uploads\/2022\/04\/kaktusbags_pflege-768x432.jpg 768w, https:\/\/www.vla-bag.ch\/wp-content\/uploads\/2022\/04\/kaktusbags_pflege-1536x864.jpg 1536w, https:\/\/www.vla-bag.ch\/wp-content\/uploads\/2022\/04\/kaktusbags_pflege-800x450.jpg 800w, https:\/\/www.vla-bag.ch\/wp-content\/uploads\/2022\/04\/kaktusbags_pflege.jpg 1600w\" sizes=\"auto, (max-width: 1024px) 100vw, 1024px\" \/><\/figure>\n\n\n\n<p><\/p>\n<\/div>\n<\/div>\n","protected":false},"excerpt":{"rendered":"<p>Prendre soin de votre sac en cuir de cactus Nos sacs sont fabriqu\u00e9s \u00e0 partir d&rsquo;un mat\u00e9riau de support innovant et durable avec une surface &#8230; <a title=\"Entretien du cuir de cactus\" class=\"read-more\" href=\"https:\/\/www.vla-bag.ch\/fr\/entretien-du-cuir-de-cactus\/\" aria-label=\"En savoir plus sur Entretien du cuir de cactus\">Read more<\/a><\/p>\n","protected":false},"author":2,"featured_media":0,"parent":0,"menu_order":0,"comment_status":"closed","ping_status":"closed","template":"","meta":{"_seopress_robots_primary_cat":"","_seopress_titles_title":"Entretien des sacs en cuir de cactus durable | vl\u00e0","_seopress_titles_desc":"D\u00e9couvrez comment entretenir correctement votre sac vl\u00e0 en cuir de cactus afin de pr\u00e9server sa long\u00e9vit\u00e9 et sa beaut\u00e9. Conseils pour l'entretien du cuir de cactus durable. ","_seopress_robots_index":"","footnotes":""},"class_list":["post-5561","page","type-page","status-publish"],"_links":{"self":[{"href":"https:\/\/www.vla-bag.ch\/fr\/wp-json\/wp\/v2\/pages\/5561","targetHints":{"allow":["GET"]}}],"collection":[{"href":"https:\/\/www.vla-bag.ch\/fr\/wp-json\/wp\/v2\/pages"}],"about":[{"href":"https:\/\/www.vla-bag.ch\/fr\/wp-json\/wp\/v2\/types\/page"}],"author":[{"embeddable":true,"href":"https:\/\/www.vla-bag.ch\/fr\/wp-json\/wp\/v2\/users\/2"}],"replies":[{"embeddable":true,"href":"https:\/\/www.vla-bag.ch\/fr\/wp-json\/wp\/v2\/comments?post=5561"}],"version-history":[{"count":2,"href":"https:\/\/www.vla-bag.ch\/fr\/wp-json\/wp\/v2\/pages\/5561\/revisions"}],"predecessor-version":[{"id":5804,"href":"https:\/\/www.vla-bag.ch\/fr\/wp-json\/wp\/v2\/pages\/5561\/revisions\/5804"}],"wp:attachment":[{"href":"https:\/\/www.vla-bag.ch\/fr\/wp-json\/wp\/v2\/media?parent=5561"}],"curies":[{"name":"wp","href":"https:\/\/api.w.org\/{rel}","templated":true}]}}