{"id":5559,"date":"2021-11-24T10:53:53","date_gmt":"2021-11-24T09:53:53","guid":{"rendered":"https:\/\/www.vla-bag.ch\/declaration-de-confidentialite\/"},"modified":"2026-01-13T09:58:48","modified_gmt":"2026-01-13T08:58:48","slug":"declaration-de-confidentialite","status":"publish","type":"page","link":"https:\/\/www.vla-bag.ch\/fr\/declaration-de-confidentialite\/","title":{"rendered":"D\u00e9claration de confidentialit\u00e9"},"content":{"rendered":"\n<h2 class=\"wp-block-heading\">D\u00e9claration de confidentialit\u00e9<\/h2>\n\n<p>Le service responsable au sens de la l\u00e9gislation sur la protection des donn\u00e9es pour le site web \u00ab\u00a0vla-bag.ch\u00a0\u00bb est :<\/p>\n\n<p>Rolf Hartmann<br\/>Mediafabrik AG<br\/>Tuggenerstrasse 3<br\/>8008 Z\u00fcrich<br\/><a href=\"mailto:office@mediafabrik.ch\">office@mediafabrik.ch<\/a><\/p>\n\n<p>La pr\u00e9sente d\u00e9claration de confidentialit\u00e9 fait partie int\u00e9grante de nos <a href=\"https:\/\/www.vla-bag.ch\/fr\/conditions-generales-de-vente\/\">conditions g\u00e9n\u00e9rales.<\/a><\/p>\n\n<h4 class=\"wp-block-heading\"><strong>COLLECTE D&rsquo;INFORMATIONS G\u00c9N\u00c9RALES<\/strong><\/h4>\n\n<p>Lorsque vous acc\u00e9dez \u00e0 notre site web, des informations de nature g\u00e9n\u00e9rale sont automatiquement collect\u00e9es. Ces informations (fichiers journaux du serveur) comprennent par exemple le type de navigateur Web, le syst\u00e8me d&rsquo;exploitation utilis\u00e9, le nom de domaine de votre fournisseur d&rsquo;acc\u00e8s Internet et d&rsquo;autres informations similaires. Il s&rsquo;agit exclusivement d&rsquo;informations qui ne permettent pas de vous identifier personnellement. Ces informations sont techniquement n\u00e9cessaires pour fournir correctement le contenu des pages web que vous avez demand\u00e9es et sont obligatoires lors de l&rsquo;utilisation d&rsquo;Internet. Les informations anonymes de ce type sont analys\u00e9es statistiquement par nos soins afin d&rsquo;optimiser notre pr\u00e9sence sur Internet et la technique qui la sous-tend. Nous prot\u00e9geons ces donn\u00e9es contre les acc\u00e8s non autoris\u00e9s \u00e0 l&rsquo;aide de mesures techniques et organisationnelles et ne les transmettons pas.     <\/p>\n\n<h4 class=\"wp-block-heading\"><strong>FOURNITURE DE SERVICES PAYANTS<\/strong><\/h4>\n\n<p>Pour fournir des services payants, nous demandons des donn\u00e9es suppl\u00e9mentaires, telles que les informations de paiement.<\/p>\n\n<h4 class=\"wp-block-heading\"><strong>CRYPTAGE SSL<\/strong><\/h4>\n\n<p>Afin de prot\u00e9ger la s\u00e9curit\u00e9 de vos donn\u00e9es lors de leur transmission, nous utilisons des proc\u00e9dures de cryptage conformes \u00e0 l&rsquo;\u00e9tat actuel de la technique (par ex. SSL) via HTTPS.<\/p>\n\n<h4 class=\"wp-block-heading\"><strong>CONTACT PAR E-MAIL<\/strong><\/h4>\n\n<p>Si vous nous contactez par e-mail, les donn\u00e9es que vous fournissez seront enregistr\u00e9es dans le but de traiter votre demande et d\u2019\u00e9ventuelles questions ult\u00e9rieures. Ces donn\u00e9es ne sont transmises que si cela est n\u00e9cessaire \u00e0 la gestion de votre demande ou si la loi nous y oblige \u2013 par exemple dans le cadre d\u2019une proc\u00e9dure l\u00e9gale ou d\u2019une demande des autorit\u00e9s. <\/p>\n\n<h4 class=\"wp-block-heading\"><strong>SUPPRESSION OU BLOCAGE DES DONN\u00c9ES<\/strong><\/h4>\n\n<p>Nous respectons les principes de pr\u00e9vention et de minimisation des donn\u00e9es. Nous ne conservons donc vos donn\u00e9es personnelles qu&rsquo;aussi longtemps que cela est n\u00e9cessaire pour atteindre les objectifs mentionn\u00e9s ici ou comme le pr\u00e9voient les multiples d\u00e9lais de conservation pr\u00e9vus par le l\u00e9gislateur. Apr\u00e8s la disparition de la finalit\u00e9 respective ou l&rsquo;expiration de ces d\u00e9lais, les donn\u00e9es correspondantes sont bloqu\u00e9es ou supprim\u00e9es de mani\u00e8re routini\u00e8re et conform\u00e9ment aux prescriptions l\u00e9gales.  <\/p>\n\n<h4 class=\"wp-block-heading\"><strong>UTILISATION DE BIBLIOTH\u00c8QUES DE SCRIPT (GOOGLE WEBFONTS)<\/strong><\/h4>\n\n<p>Afin de pr\u00e9senter correctement et de mani\u00e8re attrayante nos contenus sur tous les navigateurs, nous utilisons sur ce site web des biblioth\u00e8ques de scripts et des biblioth\u00e8ques de polices telles que Google Webfonts (\u00ab<a href=\"http:\/\/www.google.com\/webfonts\/\"><\/a><a href=\"https:\/\/fonts.google.com\/?utm_source=chatgpt.com\">https:\/\/fonts.google.com\/<\/a> \u00bb). Les polices Google Webfonts sont transf\u00e9r\u00e9es dans le cache de votre navigateur afin d\u2019\u00e9viter des chargements multiples. Si le navigateur ne prend pas en charge les polices Google Webfonts ou en emp\u00eache l\u2019acc\u00e8s, les contenus sont affich\u00e9s dans une police standard. L\u2019appel de biblioth\u00e8ques de scripts ou de biblioth\u00e8ques de polices d\u00e9clenche automatiquement une connexion \u00e0 l\u2019exploitant de la biblioth\u00e8que. Ce faisant, il est th\u00e9oriquement possible \u2013 mais actuellement incertain, si tant est que ce soit le cas et, le cas \u00e9ch\u00e9ant, \u00e0 quelles fins \u2013 que les exploitants des biblioth\u00e8ques concern\u00e9es collectent des donn\u00e9es. La politique de confidentialit\u00e9 de Google, l\u2019exploitant de la biblioth\u00e8que, est disponible ici : <a href=\"https:\/\/www.google.com\/policies\/privacy\/\">https:\/\/www.google.com\/policies\/privacy\/<\/a>     <\/p>\n\n<h4 class=\"wp-block-heading\"><strong>MESURE DE LA R\u00c9USSITE ET DE L&rsquo;AUDIENCE<\/strong><\/h4>\n\n<p>Nous essayons de d\u00e9terminer comment notre offre en ligne est utilis\u00e9e. Dans ce cadre, nous pouvons par exemple mesurer le succ\u00e8s et la port\u00e9e de nos activit\u00e9s et activit\u00e9s ainsi que l&rsquo;impact des liens de tiers vers notre site web. Nous pouvons aussi, par exemple, tester et comparer l&rsquo;utilisation de diff\u00e9rentes parties ou versions de notre offre en ligne (m\u00e9thode \u00ab\u00a0A\/B test\u00a0\u00bb). Sur la base des r\u00e9sultats de la mesure d&rsquo;audience et de r\u00e9ussite, nous pouvons notamment corriger des erreurs, renforcer les contenus populaires ou apporter des am\u00e9liorations \u00e0 notre offre en ligne.   <\/p>\n\n<p>Dans la plupart des cas, les adresses IP (Internet Protocol) des utilisateurs individuels sont enregistr\u00e9es pour mesurer le succ\u00e8s et la port\u00e9e. Dans ce cas, les adresses IP sont <em>en principe<\/em> abr\u00e9g\u00e9es (\u00ab\u00a0masquage IP\u00a0\u00bb) afin de respecter le principe de minimisation des donn\u00e9es gr\u00e2ce \u00e0 la pseudonymisation correspondante. <\/p>\n\n<p>Des cookies peuvent \u00eatre utilis\u00e9s et des profils d&rsquo;utilisateurs peuvent \u00eatre cr\u00e9\u00e9s dans le cadre de la mesure de la r\u00e9ussite et de la port\u00e9e. Les profils d&rsquo;utilisateurs \u00e9ventuellement cr\u00e9\u00e9s comprennent par exemple les diff\u00e9rentes pages visit\u00e9es ou les contenus consult\u00e9s sur notre site web, des indications sur la taille de l&rsquo;\u00e9cran ou de la fen\u00eatre du navigateur et la localisation - du moins approximative. <em>En principe<\/em>, les \u00e9ventuels profils d&rsquo;utilisateurs sont cr\u00e9\u00e9s exclusivement sous forme de pseudonymes et ne sont pas utilis\u00e9s pour identifier des utilisateurs individuels. Certains services de tiers auxquels les utilisateurs sont connect\u00e9s peuvent \u00e9ventuellement associer l&rsquo;utilisation de notre offre en ligne au compte ou au profil de l&rsquo;utilisateur aupr\u00e8s du service concern\u00e9.  <\/p>\n\n<p><strong>Nous utilisons notamment<\/strong><\/p>\n\n<ul class=\"wp-block-list\">\n<li><a href=\"https:\/\/analytics.google.com\/\" target=\"_blank\" rel=\"noreferrer noopener\"><strong>Google Analytics :<\/strong><\/a> Outil de mesure de performance et d\u2019audience (fournisseur : Google) ; avec suivi entre appareils et adresses IP pseudonymis\u00e9es. Transmission exceptionnelle d\u2019adresses IP compl\u00e8tes vers les \u00c9tats-Unis. Plus d\u2019infos : <a href=\"https:\/\/support.google.com\/analytics\/answer\/6004245\" target=\"_blank\" rel=\"noreferrer noopener\">\u00ab Confidentialit\u00e9 \u00bb<\/a>, <a href=\"https:\/\/tools.google.com\/dlpage\/gaoptout\" target=\"_blank\" rel=\"noreferrer noopener\">\u00ab Module compl\u00e9mentaire de navigateur pour la d\u00e9sactivation de Google Analytics \u00bb<\/a>.<\/li>\n\n\n\n<li><a href=\"https:\/\/marketingplatform.google.com\/about\/tag-manager\/\" target=\"_blank\" rel=\"noreferrer noopener\"><strong>Google Tag Manager :<\/strong><\/a> Int\u00e9gration et gestion d\u2019autres services de mesure de performance et d\u2019audience, ainsi que de services suppl\u00e9mentaires de Google ou de tiers ; Fournisseur : Google. Informations sp\u00e9cifiques \u00e0 Google Tag Manager : <a href=\"https:\/\/support.google.com\/tagmanager\/answer\/9323295?hl=de\" target=\"_blank\" rel=\"noreferrer noopener\">\u00ab Donn\u00e9es collect\u00e9es via Google Tag Manager \u00bb <\/a>; des informations compl\u00e9mentaires sur la protection des donn\u00e9es sont disponibles dans les politiques de confidentialit\u00e9 des services int\u00e9gr\u00e9s et g\u00e9r\u00e9s.<\/li>\n\n\n\n<li><strong>Suivi des conversions et remarketing Google Ads<\/strong> : nous utilisons Google Ads pour promouvoir nos produits et mesurer l\u2019impact de nos mesures publicitaires. Google utilise des cookies pour enregistrer l\u2019interaction des visiteurs avec nos annonces et notre site web. Cela nous permet de d\u00e9terminer quels mots-cl\u00e9s, annonces et campagnes sont particuli\u00e8rement efficaces et d\u2019optimiser nos mesures publicitaires de mani\u00e8re cibl\u00e9e. Vous trouverez de plus amples informations sur le traitement des donn\u00e9es par Google ici : <a href=\"https:\/\/policies.google.com\/privacy\">https:\/\/policies.google.com\/privacy<\/a>.   <\/li>\n\n\n\n<li><strong>Meta Ads (Facebook &amp; Instagram) et Meta Pixel<\/strong> : nous utilisons le Meta Pixel pour mesurer l\u2019efficacit\u00e9 de nos publicit\u00e9s Facebook et Instagram et pour cr\u00e9er des groupes cibles pour de futures mesures publicitaires. Ce faisant, une connexion est \u00e9tablie avec les serveurs de Meta apr\u00e8s la visite de notre site web. Meta peut attribuer ces donn\u00e9es \u00e0 votre compte d\u2019utilisateur personnel, \u00e0 condition que vous y soyez connect\u00e9. Vous trouverez de plus amples informations dans la d\u00e9claration de confidentialit\u00e9 de Meta : <a class=\"\" href=\"https:\/\/www.facebook.com\/privacy\/policy\">https:\/\/www.facebook.com\/privacy\/policy<\/a>.   <\/li>\n\n\n\n<li><strong>Microsoft Clarity<\/strong>: Nous utilisons Microsoft Clarity pour analyser le comportement des utilisateurs sur notre site web. Clarity nous aide \u00e0 comprendre les interactions comme les mouvements de souris, les clics et le d\u00e9filement, afin d&rsquo;am\u00e9liorer l\u2019ergonomie de notre site. Les donn\u00e9es collect\u00e9es sont anonymis\u00e9es. Plus d&rsquo;informations dans la politique de confidentialit\u00e9 de Microsoft : <a href=\"https:\/\/privacy.microsoft.com\/de-de\/privacystatement\">https:\/\/privacy.microsoft.com\/de-de\/privacystatement<\/a>   <\/li>\n<\/ul>\n\n<p><strong><strong>Possibilit\u00e9s d\u2019opposition (opt-out)<\/strong><\/strong><br\/>Vous pouvez vous opposer au traitement par Google Ads et Meta Pixel via les param\u00e8tres d\u2019annonces dans votre navigateur ou en utilisant les outils d\u2019opt-out correspondants :<br\/>Google : <a href=\"https:\/\/adssettings.google.com\">https:\/\/adssettings.google.com<\/a><br\/>Meta : <a class=\"\" href=\"https:\/\/www.facebook.com\/settings?tab=ads\">https:\/\/www.facebook.com\/settings?tab=ads<\/a><\/p>\n\n<h4 class=\"wp-block-heading\"><strong>CONTENU INT\u00c9GR\u00c9 D&rsquo;AUTRES SITES WEB<\/strong><\/h4>\n\n<p>Les contributions sur ce site peuvent inclure du contenu int\u00e9gr\u00e9 (par exemple, des vid\u00e9os, des images, des messages, etc.) Le contenu int\u00e9gr\u00e9 provenant d&rsquo;autres sites se comporte exactement comme si le visiteur avait visit\u00e9 l&rsquo;autre site. Ces sites peuvent collecter des informations sur vous, utiliser des cookies, int\u00e9grer des services de suivi suppl\u00e9mentaires de tiers et enregistrer votre interaction avec ce contenu int\u00e9gr\u00e9, y compris votre interaction avec le contenu int\u00e9gr\u00e9 si vous avez un compte et \u00eates connect\u00e9 \u00e0 ce site.  <\/p>\n\n<h4 class=\"wp-block-heading\"><strong>VOS DROITS D&rsquo;INFORMATION, DE RECTIFICATION, DE BLOCAGE, D&rsquo;EFFACEMENT ET D&rsquo;OPPOSITION<\/strong><\/h4>\n\n<p>Vous avez le droit d&rsquo;obtenir \u00e0 tout moment des informations sur les donn\u00e9es personnelles que nous d\u00e9tenons \u00e0 votre sujet. Vous avez \u00e9galement le droit de demander la rectification, le blocage ou, en dehors de la conservation obligatoire des donn\u00e9es pour le traitement des affaires, la suppression de vos donn\u00e9es personnelles. Pour ce faire, veuillez contacter notre responsable de la protection des donn\u00e9es. Vous trouverez ses coordonn\u00e9es ci-dessous.   <\/p>\n\n<p>Pour qu&rsquo;un blocage de donn\u00e9es puisse \u00eatre pris en compte \u00e0 tout moment, ces donn\u00e9es doivent \u00eatre conserv\u00e9es dans un fichier de blocage \u00e0 des fins de contr\u00f4le. Vous pouvez \u00e9galement demander la suppression des donn\u00e9es, dans la mesure o\u00f9 il n&rsquo;existe pas d&rsquo;obligation l\u00e9gale d&rsquo;archivage. Si une telle obligation existe, nous bloquons vos donn\u00e9es sur demande.  <\/p>\n\n<p>Vous pouvez apporter des modifications ou retirer votre consentement en nous en informant, avec effet pour l&rsquo;avenir.<\/p>\n\n<h4 class=\"wp-block-heading\"><strong>MODIFICATION DE NOTRE POLITIQUE DE CONFIDENTIALIT\u00c9<\/strong><\/h4>\n\n<p>Nous nous r\u00e9servons le droit d&rsquo;adapter occasionnellement la pr\u00e9sente d\u00e9claration de protection des donn\u00e9es afin qu&rsquo;elle soit toujours conforme aux exigences l\u00e9gales actuelles ou afin de mettre en \u0153uvre les modifications de nos prestations dans la d\u00e9claration de protection des donn\u00e9es, par exemple lors de l&rsquo;introduction de nouveaux services. La nouvelle d\u00e9claration de confidentialit\u00e9 s&rsquo;appliquera alors \u00e0 votre nouvelle visite. <\/p>\n\n<h4 class=\"wp-block-heading\"><strong>SOUS-TRAITANT<\/strong><\/h4>\n\n<p>Nous faisons appel \u00e0 un prestataire externe (sous-traitant) pour la gestion des articles et l\u2019\u00e9tablissement des factures. Un contrat de sous-traitance distinct a \u00e9t\u00e9 conclu avec ce prestataire afin de garantir la protection de vos donn\u00e9es personnelles. <\/p>\n\n<p>Nous travaillons avec le prestataire suivant :<br\/>Hundertzehn GmbH, Aeschstrasse 131F, 8123 Ebmatingen,Schweiz<\/p>\n\n<h4 class=\"wp-block-heading\"><strong>QUESTIONS ET CONTACTS<\/strong><\/h4>\n\n<p>Si vous avez des questions sur la protection des donn\u00e9es, veuillez nous envoyer un e-mail ou vous adresser directement \u00e0 :<\/p>\n\n<p>Rolf Hartmann<br\/>Mediafabrik AG<br\/>Tuggenerstrasse 3<br\/>8008 Z\u00fcrich<br\/><a href=\"mailto:office@mediafabrik.ch\">office@mediafabrik.ch<\/a><\/p>\n","protected":false},"excerpt":{"rendered":"<p>D\u00e9claration de confidentialit\u00e9 Le service responsable au sens de la l\u00e9gislation sur la protection des donn\u00e9es pour le site web \u00ab\u00a0vla-bag.ch\u00a0\u00bb est : Rolf HartmannMediafabrik &#8230; <a title=\"D\u00e9claration de confidentialit\u00e9\" class=\"read-more\" href=\"https:\/\/www.vla-bag.ch\/fr\/declaration-de-confidentialite\/\" aria-label=\"En savoir plus sur D\u00e9claration de confidentialit\u00e9\">Read more<\/a><\/p>\n","protected":false},"author":1,"featured_media":0,"parent":0,"menu_order":0,"comment_status":"closed","ping_status":"open","template":"","meta":{"_seopress_robots_primary_cat":"","_seopress_titles_title":"Politique de confidentialit\u00e9 | vl\u00e0 - Sacs durables en cuir de cactus","_seopress_titles_desc":"Apprenez-en plus sur la fa\u00e7on dont vl\u00e0 prot\u00e8ge vos donn\u00e9es. Notre politique de confidentialit\u00e9 garantit que vos informations sont trait\u00e9es de mani\u00e8re s\u00fbre et confidentielle. ","_seopress_robots_index":"","footnotes":""},"class_list":["post-5559","page","type-page","status-publish"],"_links":{"self":[{"href":"https:\/\/www.vla-bag.ch\/fr\/wp-json\/wp\/v2\/pages\/5559","targetHints":{"allow":["GET"]}}],"collection":[{"href":"https:\/\/www.vla-bag.ch\/fr\/wp-json\/wp\/v2\/pages"}],"about":[{"href":"https:\/\/www.vla-bag.ch\/fr\/wp-json\/wp\/v2\/types\/page"}],"author":[{"embeddable":true,"href":"https:\/\/www.vla-bag.ch\/fr\/wp-json\/wp\/v2\/users\/1"}],"replies":[{"embeddable":true,"href":"https:\/\/www.vla-bag.ch\/fr\/wp-json\/wp\/v2\/comments?post=5559"}],"version-history":[{"count":8,"href":"https:\/\/www.vla-bag.ch\/fr\/wp-json\/wp\/v2\/pages\/5559\/revisions"}],"predecessor-version":[{"id":6290,"href":"https:\/\/www.vla-bag.ch\/fr\/wp-json\/wp\/v2\/pages\/5559\/revisions\/6290"}],"wp:attachment":[{"href":"https:\/\/www.vla-bag.ch\/fr\/wp-json\/wp\/v2\/media?parent=5559"}],"curies":[{"name":"wp","href":"https:\/\/api.w.org\/{rel}","templated":true}]}}