{"id":5535,"date":"2022-03-15T10:01:33","date_gmt":"2022-03-15T09:01:33","guid":{"rendered":"https:\/\/www.vla-bag.ch\/mentions-legales\/"},"modified":"2025-09-23T13:49:59","modified_gmt":"2025-09-23T11:49:59","slug":"mentions-legales","status":"publish","type":"page","link":"https:\/\/www.vla-bag.ch\/fr\/mentions-legales\/","title":{"rendered":"Mentions l\u00e9gales"},"content":{"rendered":"\n<h2 class=\"wp-block-heading\">Mentions l\u00e9gales<\/h2>\n\n\n\n<h5 class=\"wp-block-heading\"><strong>Comment nous contacter<\/strong><\/h5>\n\n\n\n<p>41 44 380 50 45<br>ou envoyez un e-mail \u00e0 : office@vla-bag.ch <\/p>\n\n\n\n<h5 class=\"wp-block-heading\"><strong>vl\u00e0 et vla-bag.ch est une marque de<\/strong><\/h5>\n\n\n\n<p>Mediafabrik AG<br>Tuggenerstrasse 3<br>8008 Zurich<br>Suisse<\/p>\n\n\n\n<h5 class=\"wp-block-heading\"><strong>Coordonn\u00e9es bancaires<\/strong><\/h5>\n\n\n\n<p>Z\u00fcrcher Kantonalbank<br>Case postale<br>8010 Zurich<\/p>\n\n\n\n<p>IBAN : CH84 0070 0110 0034 4599 4<br>Num\u00e9ro de clearing bancaire : 700<br>Adresse SWIFT (BIC) : ZKBKCHZZ80A<br>Compte postal 80-151-4<\/p>\n\n\n\n<p>IDE\/TVA. CHE-112.392.635 TVA <\/p>\n\n\n\n<h5 class=\"wp-block-heading\"><strong>Direction g\u00e9n\u00e9rale<\/strong><\/h5>\n\n\n\n<p>Rolf Hartmann<\/p>\n\n\n\n<p>Mediafabrik AG<br>Tuggenerstrasse 3<br>8008 Zurich<\/p>\n","protected":false},"excerpt":{"rendered":"<p>Mentions l\u00e9gales Comment nous contacter 41 44 380 50 45ou envoyez un e-mail \u00e0 : office@vla-bag.ch vl\u00e0 et vla-bag.ch est une marque de Mediafabrik AGTuggenerstrasse &#8230; <a title=\"Mentions l\u00e9gales\" class=\"read-more\" href=\"https:\/\/www.vla-bag.ch\/fr\/mentions-legales\/\" aria-label=\"En savoir plus sur Mentions l\u00e9gales\">Read more<\/a><\/p>\n","protected":false},"author":2,"featured_media":0,"parent":0,"menu_order":0,"comment_status":"closed","ping_status":"closed","template":"","meta":{"_seopress_robots_primary_cat":"","_seopress_titles_title":"Mentions l\u00e9gales | vl\u00e0 - Sacs durables en cuir de cactus","_seopress_titles_desc":"Vous trouverez ici toutes les informations l\u00e9gales et les coordonn\u00e9es de vl\u00e0, le fournisseur de sacs durables en cuir de cactus\".","_seopress_robots_index":"","footnotes":""},"class_list":["post-5535","page","type-page","status-publish"],"_links":{"self":[{"href":"https:\/\/www.vla-bag.ch\/fr\/wp-json\/wp\/v2\/pages\/5535","targetHints":{"allow":["GET"]}}],"collection":[{"href":"https:\/\/www.vla-bag.ch\/fr\/wp-json\/wp\/v2\/pages"}],"about":[{"href":"https:\/\/www.vla-bag.ch\/fr\/wp-json\/wp\/v2\/types\/page"}],"author":[{"embeddable":true,"href":"https:\/\/www.vla-bag.ch\/fr\/wp-json\/wp\/v2\/users\/2"}],"replies":[{"embeddable":true,"href":"https:\/\/www.vla-bag.ch\/fr\/wp-json\/wp\/v2\/comments?post=5535"}],"version-history":[{"count":2,"href":"https:\/\/www.vla-bag.ch\/fr\/wp-json\/wp\/v2\/pages\/5535\/revisions"}],"predecessor-version":[{"id":5909,"href":"https:\/\/www.vla-bag.ch\/fr\/wp-json\/wp\/v2\/pages\/5535\/revisions\/5909"}],"wp:attachment":[{"href":"https:\/\/www.vla-bag.ch\/fr\/wp-json\/wp\/v2\/media?parent=5535"}],"curies":[{"name":"wp","href":"https:\/\/api.w.org\/{rel}","templated":true}]}}