{"id":5528,"date":"2019-01-31T02:57:31","date_gmt":"2019-01-31T01:57:31","guid":{"rendered":"https:\/\/www.vla-bag.ch\/panier-dachat\/"},"modified":"2026-03-22T13:35:16","modified_gmt":"2026-03-22T12:35:16","slug":"panier-dachat","status":"publish","type":"page","link":"https:\/\/www.vla-bag.ch\/fr\/panier-dachat\/","title":{"rendered":"Panier d&rsquo;achat"},"content":{"rendered":"\n<p><strong>Prix incluant la TVA et l\u2019exp\u00e9dition en Suisse, livraison en 2-3 jours ouvrables.<\/strong><\/p>\n\n\n<p><\/p>\n","protected":false},"excerpt":{"rendered":"<p>Prix incluant la TVA et l\u2019exp\u00e9dition en Suisse, livraison en 2-3 jours ouvrables.<\/p>\n","protected":false},"author":2,"featured_media":0,"parent":0,"menu_order":0,"comment_status":"closed","ping_status":"closed","template":"","meta":{"_seopress_robots_primary_cat":"","_seopress_titles_title":"Panier | vl\u00e0 - Sacs durables en cuir de cactus","_seopress_titles_desc":"V\u00e9rifiez votre s\u00e9lection dans le panier chez vl\u00e0 et continuez \u00e0 commander votre sac en cuir de cactus durable en toute s\u00e9curit\u00e9.","_seopress_robots_index":"","footnotes":""},"class_list":["post-5528","page","type-page","status-publish"],"_links":{"self":[{"href":"https:\/\/www.vla-bag.ch\/fr\/wp-json\/wp\/v2\/pages\/5528","targetHints":{"allow":["GET"]}}],"collection":[{"href":"https:\/\/www.vla-bag.ch\/fr\/wp-json\/wp\/v2\/pages"}],"about":[{"href":"https:\/\/www.vla-bag.ch\/fr\/wp-json\/wp\/v2\/types\/page"}],"author":[{"embeddable":true,"href":"https:\/\/www.vla-bag.ch\/fr\/wp-json\/wp\/v2\/users\/2"}],"replies":[{"embeddable":true,"href":"https:\/\/www.vla-bag.ch\/fr\/wp-json\/wp\/v2\/comments?post=5528"}],"version-history":[{"count":2,"href":"https:\/\/www.vla-bag.ch\/fr\/wp-json\/wp\/v2\/pages\/5528\/revisions"}],"predecessor-version":[{"id":6498,"href":"https:\/\/www.vla-bag.ch\/fr\/wp-json\/wp\/v2\/pages\/5528\/revisions\/6498"}],"wp:attachment":[{"href":"https:\/\/www.vla-bag.ch\/fr\/wp-json\/wp\/v2\/media?parent=5528"}],"curies":[{"name":"wp","href":"https:\/\/api.w.org\/{rel}","templated":true}]}}