{"id":5252,"date":"2022-12-05T15:30:34","date_gmt":"2022-12-05T14:30:34","guid":{"rendered":"https:\/\/www.vla-bag.ch\/produkt\/andrea-brown-earth\/"},"modified":"2026-03-31T15:52:30","modified_gmt":"2026-03-31T13:52:30","slug":"andrea-brown-earth","status":"publish","type":"product","link":"https:\/\/www.vla-bag.ch\/en\/produkt\/andrea-brown-earth\/","title":{"rendered":"Andrea Brown Earth"},"content":{"rendered":"<p><strong>Andrea Clutch Brown Earth<\/strong><\/p>\n<p data-start=\"215\" data-end=\"404\">Andrea is an elegant clutch with a clean shape and functional design. It offers space for essentials and ensures order and clarity with its well-thought-out interior division. The matte surface of sustainable cactus leather feels pleasant to the touch and gives the bag its calm, modern character. Andrea is lightweight, versatile, and flexible \u2013 as a standalone bag or as a stylish addition to your shopper, backpack, or weekend bag.   <\/p>\n<p data-start=\"692\" data-end=\"789\">Designed in Zurich, handcrafted in Italy \u2013 ethically produced with high-quality materials<\/p>\n<p>&nbsp;<\/p>\n<p data-start=\"838\" data-end=\"867\"><strong data-start=\"841\" data-end=\"867\">Production &amp; Material<\/strong><\/p>\n<ul>\n<li data-start=\"869\" data-end=\"997\">Handcrafted in a family-run workshop in Italy<\/li>\n<li data-start=\"869\" data-end=\"997\">Vegan<\/li>\n<li data-start=\"869\" data-end=\"997\">Sustainable base material with a matte cactus leather surface<\/li>\n<\/ul>\n<p data-start=\"1004\" data-end=\"1027\"><strong data-start=\"1007\" data-end=\"1027\">Design &amp; Comfort<\/strong><\/p>\n<ul>\n<li data-start=\"1029\" data-end=\"1209\">Lightweight, compact clutch for on the go<\/li>\n<li data-start=\"1029\" data-end=\"1209\">Wrist strap (approx. 18 cm) with carabiner hook<\/li>\n<li data-start=\"1029\" data-end=\"1209\">Soft structure for comfortable carrying<\/li>\n<li data-start=\"1029\" data-end=\"1209\">Matte cactus leather surface with a pleasant feel<\/li>\n<\/ul>\n<p data-start=\"1216\" data-end=\"1238\"><strong data-start=\"1219\" data-end=\"1238\">Interior layout<\/strong><\/p>\n<ul>\n<li data-start=\"1240\" data-end=\"1327\">One main compartment<\/li>\n<li data-start=\"1240\" data-end=\"1327\">One zip pocket<\/li>\n<li data-start=\"1240\" data-end=\"1327\">Two open pockets for phone or documents<\/li>\n<\/ul>\n<p data-start=\"1334\" data-end=\"1356\"><strong data-start=\"1337\" data-end=\"1356\">Details &amp; Dimensions<\/strong><\/p>\n<ul>\n<li data-start=\"1358\" data-end=\"1524\">Zipper closure<\/li>\n<li data-start=\"1358\" data-end=\"1524\">Fits perfectly into vl\u00e0 shopper, backpack, or weekend bag<\/li>\n<li data-start=\"1358\" data-end=\"1524\">With viscose dust bag<\/li>\n<li data-start=\"1358\" data-end=\"1524\">Weight: 80 g<\/li>\n<li data-start=\"1358\" data-end=\"1524\">Size: 29.5 \u00d7 18 \u00d7 2 cm (W \u00d7 H \u00d7 D)<\/li>\n<\/ul>\n<p><img loading=\"lazy\" decoding=\"async\" class=\"alignnone size-medium wp-image-4301\" src=\"https:\/\/www.vla-bag.ch\/wp-content\/uploads\/2023\/10\/vla-clutch-brown-masse-300x182.jpg\" alt=\"\" width=\"300\" height=\"182\" srcset=\"https:\/\/www.vla-bag.ch\/wp-content\/uploads\/2023\/10\/vla-clutch-brown-masse-300x182.jpg 300w, https:\/\/www.vla-bag.ch\/wp-content\/uploads\/2023\/10\/vla-clutch-brown-masse-768x467.jpg 768w, https:\/\/www.vla-bag.ch\/wp-content\/uploads\/2023\/10\/vla-clutch-brown-masse-800x486.jpg 800w, https:\/\/www.vla-bag.ch\/wp-content\/uploads\/2023\/10\/vla-clutch-brown-masse.jpg 841w\" sizes=\"auto, (max-width: 300px) 100vw, 300px\" \/><\/p>\n","protected":false},"excerpt":{"rendered":"<p>Light and versatile for evenings and on the go in premium cactus leather<\/p>\n","protected":false},"featured_media":4976,"template":"","meta":{"_seopress_robots_primary_cat":"none","_seopress_titles_title":"Andrea Clutch Brown Earth - sustainable & handmade in Italy | vl\u00e0","_seopress_titles_desc":"Natural clutch in Brown Earth \u2013 made from sustainable cactus leather, lightweight, functional and versatile. Handcrafted in Italy, 100% vegan. ","_seopress_robots_index":""},"product_brand":[],"product_cat":[48,54],"product_tag":[],"class_list":{"0":"post-5252","1":"product","2":"type-product","3":"status-publish","4":"has-post-thumbnail","6":"product_cat-all-bags","7":"product_cat-clutch-en","8":"sales-flash-overlay","9":"woocommerce-text-align-left","10":"woocommerce-image-align-center","11":"do-quantity-buttons","12":"wc-has-gallery","14":"first","15":"instock","16":"shipping-taxable","17":"purchasable","18":"product-type-simple"},"_links":{"self":[{"href":"https:\/\/www.vla-bag.ch\/en\/wp-json\/wp\/v2\/product\/5252","targetHints":{"allow":["GET"]}}],"collection":[{"href":"https:\/\/www.vla-bag.ch\/en\/wp-json\/wp\/v2\/product"}],"about":[{"href":"https:\/\/www.vla-bag.ch\/en\/wp-json\/wp\/v2\/types\/product"}],"wp:featuredmedia":[{"embeddable":true,"href":"https:\/\/www.vla-bag.ch\/en\/wp-json\/wp\/v2\/media\/4976"}],"wp:attachment":[{"href":"https:\/\/www.vla-bag.ch\/en\/wp-json\/wp\/v2\/media?parent=5252"}],"wp:term":[{"taxonomy":"product_brand","embeddable":true,"href":"https:\/\/www.vla-bag.ch\/en\/wp-json\/wp\/v2\/product_brand?post=5252"},{"taxonomy":"product_cat","embeddable":true,"href":"https:\/\/www.vla-bag.ch\/en\/wp-json\/wp\/v2\/product_cat?post=5252"},{"taxonomy":"product_tag","embeddable":true,"href":"https:\/\/www.vla-bag.ch\/en\/wp-json\/wp\/v2\/product_tag?post=5252"}],"curies":[{"name":"wp","href":"https:\/\/api.w.org\/{rel}","templated":true}]}}