{"id":5250,"date":"2024-05-14T14:20:54","date_gmt":"2024-05-14T12:20:54","guid":{"rendered":"https:\/\/www.vla-bag.ch\/produkt\/sofia-black-night\/"},"modified":"2026-03-31T14:26:12","modified_gmt":"2026-03-31T12:26:12","slug":"sofia-black-night","status":"publish","type":"product","link":"https:\/\/www.vla-bag.ch\/en\/produkt\/sofia-black-night\/","title":{"rendered":"Sofia Black Night"},"content":{"rendered":"<p><strong>Sofia Black Night<\/strong><\/p>\n<p data-start=\"165\" data-end=\"371\">Sofia is a compact crossbody bag with a clean shape and functional design. It holds your essentials and keeps everything organised and easy to find thanks to its well-thought-out interior layout. The matte surface made from sustainable cactus leather feels pleasant and gives the bag its calm, modern character. Sofia is lightweight, versatile, and ideal on the go \u2013 for everyday wear, travel, or evenings out.   <\/p>\n<p data-start=\"602\" data-end=\"699\">Designed in Zurich, handcrafted in Italy \u2013 ethically produced with high-quality materials<\/p>\n<p>&nbsp;<\/p>\n<p data-start=\"748\" data-end=\"777\"><strong data-start=\"751\" data-end=\"777\">Production &amp; Material<\/strong><\/p>\n<ul>\n<li data-start=\"779\" data-end=\"907\">Handcrafted in a family-run workshop in Italy<\/li>\n<li data-start=\"779\" data-end=\"907\">Vegan<\/li>\n<li data-start=\"779\" data-end=\"907\">Sustainable base material with a matte cactus leather surface<\/li>\n<\/ul>\n<p data-start=\"748\" data-end=\"777\"><strong data-start=\"751\" data-end=\"777\">Production &amp; Material<\/strong><\/p>\n<ul>\n<li data-start=\"779\" data-end=\"907\">Handcrafted in a family-run workshop in Italy<\/li>\n<li data-start=\"779\" data-end=\"907\">Vegan<\/li>\n<li data-start=\"779\" data-end=\"907\">Sustainable base material with a matte cactus leather surface<\/li>\n<\/ul>\n<p data-start=\"1136\" data-end=\"1158\"><strong data-start=\"1139\" data-end=\"1158\">Interior layout<\/strong><\/p>\n<ul>\n<li data-start=\"1160\" data-end=\"1228\">Large main compartment<\/li>\n<li data-start=\"1160\" data-end=\"1228\">Interior zip pocket<\/li>\n<\/ul>\n<p data-start=\"1235\" data-end=\"1257\"><strong data-start=\"1238\" data-end=\"1257\">Details &amp; Dimensions<\/strong><\/p>\n<ul>\n<li data-start=\"1259\" data-end=\"1490\">Elegant black Italian lining<\/li>\n<li data-start=\"1259\" data-end=\"1490\">Gold-plated metal hardware with protective coating<\/li>\n<li data-start=\"1259\" data-end=\"1490\">YKK zip<\/li>\n<li data-start=\"1259\" data-end=\"1490\">Comes with a dust bag<\/li>\n<li data-start=\"1259\" data-end=\"1490\">Weight: bag 280 g, shoulder strap 110 g<\/li>\n<li data-start=\"1259\" data-end=\"1490\">Size: 23 \u00d7 14.5 \u00d7 7.5 cm (W \u00d7 H \u00d7 D)<\/li>\n<\/ul>\n<p><img loading=\"lazy\" decoding=\"async\" class=\"alignnone wp-image-4404 size-medium\" src=\"https:\/\/www.vla-bag.ch\/wp-content\/uploads\/2024\/04\/vla-sofia-crossbody-bag-schwarz-masse-300x194.jpg\" alt=\"\" width=\"300\" height=\"194\" srcset=\"https:\/\/www.vla-bag.ch\/wp-content\/uploads\/2024\/04\/vla-sofia-crossbody-bag-schwarz-masse-300x194.jpg 300w, https:\/\/www.vla-bag.ch\/wp-content\/uploads\/2024\/04\/vla-sofia-crossbody-bag-schwarz-masse-768x497.jpg 768w, https:\/\/www.vla-bag.ch\/wp-content\/uploads\/2024\/04\/vla-sofia-crossbody-bag-schwarz-masse-800x518.jpg 800w, https:\/\/www.vla-bag.ch\/wp-content\/uploads\/2024\/04\/vla-sofia-crossbody-bag-schwarz-masse.jpg 853w\" sizes=\"auto, (max-width: 300px) 100vw, 300px\" \/><\/p>\n","protected":false},"excerpt":{"rendered":"<p>Compact crossbody bag for the essentials in premium cactus leather<\/p>\n","protected":false},"featured_media":5060,"template":"","meta":{"_seopress_robots_primary_cat":"none","_seopress_titles_title":"Sofia crossbody bag - sustainable & handmade in Italy | vl\u00e0","_seopress_titles_desc":"Compact crossbody bag made from sustainable cactus leather in Black Night. Handmade in Italy \u2013 lightweight, functional, and stylish. 100% vegan.  ","_seopress_robots_index":""},"product_brand":[],"product_cat":[48,53],"product_tag":[],"class_list":{"0":"post-5250","1":"product","2":"type-product","3":"status-publish","4":"has-post-thumbnail","6":"product_cat-all-bags","7":"product_cat-crossbody-bag-en","8":"sales-flash-overlay","9":"woocommerce-text-align-left","10":"woocommerce-image-align-center","11":"do-quantity-buttons","12":"wc-has-gallery","14":"first","15":"outofstock","16":"featured","17":"shipping-taxable","18":"purchasable","19":"product-type-simple"},"_links":{"self":[{"href":"https:\/\/www.vla-bag.ch\/en\/wp-json\/wp\/v2\/product\/5250","targetHints":{"allow":["GET"]}}],"collection":[{"href":"https:\/\/www.vla-bag.ch\/en\/wp-json\/wp\/v2\/product"}],"about":[{"href":"https:\/\/www.vla-bag.ch\/en\/wp-json\/wp\/v2\/types\/product"}],"wp:featuredmedia":[{"embeddable":true,"href":"https:\/\/www.vla-bag.ch\/en\/wp-json\/wp\/v2\/media\/5060"}],"wp:attachment":[{"href":"https:\/\/www.vla-bag.ch\/en\/wp-json\/wp\/v2\/media?parent=5250"}],"wp:term":[{"taxonomy":"product_brand","embeddable":true,"href":"https:\/\/www.vla-bag.ch\/en\/wp-json\/wp\/v2\/product_brand?post=5250"},{"taxonomy":"product_cat","embeddable":true,"href":"https:\/\/www.vla-bag.ch\/en\/wp-json\/wp\/v2\/product_cat?post=5250"},{"taxonomy":"product_tag","embeddable":true,"href":"https:\/\/www.vla-bag.ch\/en\/wp-json\/wp\/v2\/product_tag?post=5250"}],"curies":[{"name":"wp","href":"https:\/\/api.w.org\/{rel}","templated":true}]}}