{"id":5216,"date":"2022-03-07T13:54:31","date_gmt":"2022-03-07T12:54:31","guid":{"rendered":"https:\/\/www.vla-bag.ch\/produkt\/laura-black-night\/"},"modified":"2026-03-31T15:09:38","modified_gmt":"2026-03-31T13:09:38","slug":"laura-black-night","status":"publish","type":"product","link":"https:\/\/www.vla-bag.ch\/en\/produkt\/laura-black-night\/","title":{"rendered":"Laura Black Night"},"content":{"rendered":"<p><strong>Laura Shopper Matte Black Night<\/strong><\/p>\n<p>Laura impresses with a soft, subtly glossy surface made from sustainable cactus leather and an exceptionally comfortable feel. This shopper offers generous space for everything you need day to day\u2014stylish, lightweight, and functional. A large main compartment, well-designed inner pockets, and a magnetic closure ensure clear organization and easy access. Laura is versatile and effortlessly accompanies you to work, through everyday life, or on the go.   <\/p>\n<p>Designed in Zurich, handcrafted in Italy \u2013 fairly produced from high-quality materials.<\/p>\n<p>&nbsp;<\/p>\n<p data-section-id=\"6d4mbu\" data-start=\"905\" data-end=\"931\"><strong>Production &amp; Material<\/strong><\/p>\n<ul>\n<li data-start=\"933\" data-end=\"1081\">Handcrafted in a family-run workshop in Italy<\/li>\n<li data-start=\"933\" data-end=\"1081\">Vegan<\/li>\n<li data-start=\"933\" data-end=\"1081\">Sustainable carrier material with a soft, subtly glossy cactus leather surface<\/li>\n<\/ul>\n<p><strong>Design &amp; Comfort<\/strong><\/p>\n<ul>\n<li>Natural, comfortable feel<\/li>\n<li>Two handles (approx. 30 cm) \u2013 comfortable to carry over the shoulder<\/li>\n<li>Lightweight and flexible for everyday use<\/li>\n<\/ul>\n<p><strong>Interior layout<\/strong><\/p>\n<ul>\n<li>Large main compartment<\/li>\n<li>Two open pockets for phone or documents<\/li>\n<li>One zip pocket<\/li>\n<li>Sewn-in strap (approx. 30 cm) with carabiner hook for keys or accessories<\/li>\n<\/ul>\n<p><strong>Details &amp; Dimensions<\/strong><\/p>\n<ul>\n<li>Magnetic closure<\/li>\n<li>With viscose dust bag<\/li>\n<li>Weight: 560 g<\/li>\n<li>Size: 40 \u00d7 29 \u00d7 20 cm (W \u00d7 H \u00d7 D)<\/li>\n<\/ul>\n<p><img loading=\"lazy\" decoding=\"async\" class=\"alignnone size-medium wp-image-4308\" src=\"https:\/\/www.vla-bag.ch\/wp-content\/uploads\/2023\/10\/vla-shopper-black-masse-285x300.jpg\" alt=\"\" width=\"285\" height=\"300\" srcset=\"https:\/\/www.vla-bag.ch\/wp-content\/uploads\/2023\/10\/vla-shopper-black-masse-285x300.jpg 285w, https:\/\/www.vla-bag.ch\/wp-content\/uploads\/2023\/10\/vla-shopper-black-masse-768x808.jpg 768w, https:\/\/www.vla-bag.ch\/wp-content\/uploads\/2023\/10\/vla-shopper-black-masse-800x842.jpg 800w, https:\/\/www.vla-bag.ch\/wp-content\/uploads\/2023\/10\/vla-shopper-black-masse.jpg 805w\" sizes=\"auto, (max-width: 285px) 100vw, 285px\" \/><\/p>\n","protected":false},"excerpt":{"rendered":"<p>Spacious for everyday and work in premium cactus leather<\/p>\n","protected":false},"featured_media":4903,"template":"","meta":{"_seopress_robots_primary_cat":"none","_seopress_titles_title":"Laura Shopper Black Night - sustainable & handmade in Italy | vl\u00e0","_seopress_titles_desc":"Elegant shopper made from sustainable cactus leather in Black Night. High-quality craftsmanship, made in Italy \u2013 durable, timeless, vegan. ","_seopress_robots_index":""},"product_brand":[],"product_cat":[48,50],"product_tag":[],"class_list":{"0":"post-5216","1":"product","2":"type-product","3":"status-publish","4":"has-post-thumbnail","6":"product_cat-all-bags","7":"product_cat-shopper-en","8":"sales-flash-overlay","9":"woocommerce-text-align-left","10":"woocommerce-image-align-center","11":"do-quantity-buttons","12":"wc-has-gallery","14":"first","15":"instock","16":"shipping-taxable","17":"purchasable","18":"product-type-simple"},"_links":{"self":[{"href":"https:\/\/www.vla-bag.ch\/en\/wp-json\/wp\/v2\/product\/5216","targetHints":{"allow":["GET"]}}],"collection":[{"href":"https:\/\/www.vla-bag.ch\/en\/wp-json\/wp\/v2\/product"}],"about":[{"href":"https:\/\/www.vla-bag.ch\/en\/wp-json\/wp\/v2\/types\/product"}],"wp:featuredmedia":[{"embeddable":true,"href":"https:\/\/www.vla-bag.ch\/en\/wp-json\/wp\/v2\/media\/4903"}],"wp:attachment":[{"href":"https:\/\/www.vla-bag.ch\/en\/wp-json\/wp\/v2\/media?parent=5216"}],"wp:term":[{"taxonomy":"product_brand","embeddable":true,"href":"https:\/\/www.vla-bag.ch\/en\/wp-json\/wp\/v2\/product_brand?post=5216"},{"taxonomy":"product_cat","embeddable":true,"href":"https:\/\/www.vla-bag.ch\/en\/wp-json\/wp\/v2\/product_cat?post=5216"},{"taxonomy":"product_tag","embeddable":true,"href":"https:\/\/www.vla-bag.ch\/en\/wp-json\/wp\/v2\/product_tag?post=5216"}],"curies":[{"name":"wp","href":"https:\/\/api.w.org\/{rel}","templated":true}]}}