{"id":5214,"date":"2022-03-08T14:00:09","date_gmt":"2022-03-08T13:00:09","guid":{"rendered":"https:\/\/www.vla-bag.ch\/produkt\/nina-black-night\/"},"modified":"2026-03-31T14:57:45","modified_gmt":"2026-03-31T12:57:45","slug":"nina-black-night","status":"publish","type":"product","link":"https:\/\/www.vla-bag.ch\/en\/produkt\/nina-black-night\/","title":{"rendered":"Nina Black Night"},"content":{"rendered":"<p><strong>Nina Bucket Bag Black Night<\/strong><\/p>\n<p data-start=\"177\" data-end=\"430\">Nina is our modern interpretation of the classic bucket bag \u2013 with a clean design language and functional design. It offers ample space for your daily essentials, while the thoughtful interior organization ensures order and clarity. The matte surface made of sustainable cactus leather has a pleasant feel and gives the bag its calm, modern character. Nina is versatile and accompanies you in style through everyday life, travel, or leisure.   <\/p>\n<p data-start=\"661\" data-end=\"758\">Designed in Zurich, handcrafted in Italy \u2013 ethically produced with high-quality materials<\/p>\n<p>&nbsp;<\/p>\n<p data-start=\"818\" data-end=\"847\"><strong data-start=\"821\" data-end=\"847\">Production &amp; Material<\/strong><\/p>\n<ul>\n<li data-start=\"849\" data-end=\"977\">Handcrafted in a family-run workshop in Italy<\/li>\n<li data-start=\"849\" data-end=\"977\">Vegan<\/li>\n<li data-start=\"849\" data-end=\"977\">Sustainable base material with a matte cactus leather surface<\/li>\n<\/ul>\n<p data-start=\"984\" data-end=\"1007\"><strong data-start=\"987\" data-end=\"1007\">Design &amp; Comfort<\/strong><\/p>\n<ul>\n<li data-start=\"1009\" data-end=\"1193\">A modern interpretation of the classic bucket bag<\/li>\n<li data-start=\"1009\" data-end=\"1193\">Detachable, adjustable shoulder strap (max. 60 cm)<\/li>\n<li data-start=\"1009\" data-end=\"1193\">Detachable carry handle<\/li>\n<li data-start=\"1009\" data-end=\"1193\">Soft structure for comfortable carrying<\/li>\n<li data-start=\"1009\" data-end=\"1193\">Matte cactus leather surface with a pleasant feel<\/li>\n<\/ul>\n<p data-start=\"1200\" data-end=\"1222\"><strong data-start=\"1203\" data-end=\"1222\">Interior layout<\/strong><\/p>\n<ul>\n<li data-start=\"1224\" data-end=\"1319\">Large main compartment<\/li>\n<li data-start=\"1224\" data-end=\"1319\">Two open pockets for phone or documents<\/li>\n<li data-start=\"1224\" data-end=\"1319\">One zip pocket<\/li>\n<\/ul>\n<p><strong style=\"font-size: inherit;\" data-start=\"1329\" data-end=\"1348\">Details &amp; Dimensions<\/strong><\/p>\n<ul>\n<li data-start=\"1350\" data-end=\"1440\">With viscose dust bag<\/li>\n<li data-start=\"1350\" data-end=\"1440\">Weight: 630 g<\/li>\n<li data-start=\"1350\" data-end=\"1440\">Size: 28 \u00d7 31 \u00d7 18 cm (W \u00d7 H \u00d7 D)<\/li>\n<\/ul>\n<p><img loading=\"lazy\" decoding=\"async\" class=\"alignnone size-medium wp-image-4305\" src=\"https:\/\/www.vla-bag.ch\/wp-content\/uploads\/2023\/10\/vla-bucket-bag-black-masse-298x300.jpg\" alt=\"\" width=\"298\" height=\"300\" srcset=\"https:\/\/www.vla-bag.ch\/wp-content\/uploads\/2023\/10\/vla-bucket-bag-black-masse-298x300.jpg 298w, https:\/\/www.vla-bag.ch\/wp-content\/uploads\/2023\/10\/vla-bucket-bag-black-masse-150x150.jpg 150w, https:\/\/www.vla-bag.ch\/wp-content\/uploads\/2023\/10\/vla-bucket-bag-black-masse-768x772.jpg 768w, https:\/\/www.vla-bag.ch\/wp-content\/uploads\/2023\/10\/vla-bucket-bag-black-masse-100x100.jpg 100w, https:\/\/www.vla-bag.ch\/wp-content\/uploads\/2023\/10\/vla-bucket-bag-black-masse.jpg 775w\" sizes=\"auto, (max-width: 298px) 100vw, 298px\" \/><\/p>\n","protected":false},"excerpt":{"rendered":"<p>With a clean shape for everyday use in premium cactus leather<\/p>\n","protected":false},"featured_media":4988,"template":"","meta":{"_seopress_robots_primary_cat":"none","_seopress_titles_title":"Nina Bucket Bag Black Night - sustainable & handmade in Italy | vl\u00e0","_seopress_titles_desc":"Elegant cactus leather bucket bag in Black Night \u2013 featuring a carry handle, shoulder strap, and thoughtful interior organization. Handcrafted in Italy, 100% vegan. ","_seopress_robots_index":""},"product_brand":[],"product_cat":[48,46],"product_tag":[],"class_list":{"0":"post-5214","1":"product","2":"type-product","3":"status-publish","4":"has-post-thumbnail","6":"product_cat-all-bags","7":"product_cat-bucket-bag-en","8":"sales-flash-overlay","9":"woocommerce-text-align-left","10":"woocommerce-image-align-center","11":"do-quantity-buttons","12":"wc-has-gallery","14":"first","15":"instock","16":"shipping-taxable","17":"purchasable","18":"product-type-simple"},"_links":{"self":[{"href":"https:\/\/www.vla-bag.ch\/en\/wp-json\/wp\/v2\/product\/5214","targetHints":{"allow":["GET"]}}],"collection":[{"href":"https:\/\/www.vla-bag.ch\/en\/wp-json\/wp\/v2\/product"}],"about":[{"href":"https:\/\/www.vla-bag.ch\/en\/wp-json\/wp\/v2\/types\/product"}],"wp:featuredmedia":[{"embeddable":true,"href":"https:\/\/www.vla-bag.ch\/en\/wp-json\/wp\/v2\/media\/4988"}],"wp:attachment":[{"href":"https:\/\/www.vla-bag.ch\/en\/wp-json\/wp\/v2\/media?parent=5214"}],"wp:term":[{"taxonomy":"product_brand","embeddable":true,"href":"https:\/\/www.vla-bag.ch\/en\/wp-json\/wp\/v2\/product_brand?post=5214"},{"taxonomy":"product_cat","embeddable":true,"href":"https:\/\/www.vla-bag.ch\/en\/wp-json\/wp\/v2\/product_cat?post=5214"},{"taxonomy":"product_tag","embeddable":true,"href":"https:\/\/www.vla-bag.ch\/en\/wp-json\/wp\/v2\/product_tag?post=5214"}],"curies":[{"name":"wp","href":"https:\/\/api.w.org\/{rel}","templated":true}]}}