{"id":5212,"date":"2022-03-09T15:17:35","date_gmt":"2022-03-09T14:17:35","guid":{"rendered":"https:\/\/www.vla-bag.ch\/produkt\/gaia-black-night\/"},"modified":"2026-03-31T16:19:31","modified_gmt":"2026-03-31T14:19:31","slug":"gaia-black-night","status":"publish","type":"product","link":"https:\/\/www.vla-bag.ch\/en\/produkt\/gaia-black-night\/","title":{"rendered":"Gaia Black Night"},"content":{"rendered":"<p><strong>Gaia Rucksack Black Night<\/strong><\/p>\n<p data-start=\"233\" data-end=\"441\">Gaia is a minimalist backpack with a clear design language and functional aesthetic. It offers ample space for your daily essentials, with a well-designed interior for optimal organization. The matte surface of sustainable cactus leather feels pleasant to the touch, lending the backpack its calm, modern character. Thanks to its stowable shoulder straps, Gaia effortlessly transforms from a backpack to a bag, adapting flexibly to your daily life, travels, or urban situations.   <\/p>\n<p data-start=\"726\" data-end=\"823\">Designed in Zurich, handcrafted in Italy \u2013 ethically produced with high-quality materials<\/p>\n<p>&nbsp;<\/p>\n<p data-start=\"872\" data-end=\"901\"><strong data-start=\"875\" data-end=\"901\">Production &amp; Material<\/strong><\/p>\n<ul>\n<li data-start=\"903\" data-end=\"1031\">Handcrafted in a family-run workshop in Italy<\/li>\n<li data-start=\"903\" data-end=\"1031\">Vegan<\/li>\n<li data-start=\"903\" data-end=\"1031\">Sustainable base material with a matte cactus leather surface<\/li>\n<\/ul>\n<p data-start=\"1038\" data-end=\"1061\"><strong data-start=\"1041\" data-end=\"1061\">Design &amp; Comfort<\/strong><\/p>\n<ul>\n<li data-start=\"1063\" data-end=\"1308\">Minimalist backpack for daily use and travel<\/li>\n<li data-start=\"1063\" data-end=\"1308\">Two carrying handles for flexible carrying<\/li>\n<li data-start=\"1063\" data-end=\"1308\">Adjustable shoulder straps, wearable on both sides<\/li>\n<li data-start=\"1063\" data-end=\"1308\">Stowable shoulder straps for versatile use<\/li>\n<li data-start=\"1063\" data-end=\"1308\">Matte cactus leather surface with a pleasant feel<\/li>\n<\/ul>\n<p data-start=\"1315\" data-end=\"1337\"><strong data-start=\"1318\" data-end=\"1337\">Interior layout<\/strong><\/p>\n<ul>\n<li data-start=\"1339\" data-end=\"1465\">Large main compartment<\/li>\n<li data-start=\"1339\" data-end=\"1465\">Two open pockets for phone or documents<\/li>\n<li data-start=\"1339\" data-end=\"1465\">One zip pocket<\/li>\n<li data-start=\"1339\" data-end=\"1465\">Space for a laptop up to 15\u2033<\/li>\n<\/ul>\n<p data-start=\"1472\" data-end=\"1494\"><strong data-start=\"1475\" data-end=\"1494\">Details &amp; Dimensions<\/strong><\/p>\n<ul>\n<li data-start=\"1496\" data-end=\"1725\">Exterior compartment with magnetic closure for stowing shoulder straps<\/li>\n<li data-start=\"1496\" data-end=\"1725\">Water-repellent surface (no impregnation required)<\/li>\n<li data-start=\"1496\" data-end=\"1725\">With viscose dust bag<\/li>\n<li data-start=\"1496\" data-end=\"1725\">Weight: 950 g<\/li>\n<li data-start=\"1496\" data-end=\"1725\">Size: 36 \u00d7 39 \u00d7 19 cm (W \u00d7 H \u00d7 D)<\/li>\n<\/ul>\n<p><img loading=\"lazy\" decoding=\"async\" class=\"alignnone size-medium wp-image-4312\" src=\"https:\/\/www.vla-bag.ch\/wp-content\/uploads\/2022\/03\/vla-rucksack-black-masse-300x280.jpg\" alt=\"\" width=\"300\" height=\"280\" srcset=\"https:\/\/www.vla-bag.ch\/wp-content\/uploads\/2022\/03\/vla-rucksack-black-masse-300x280.jpg 300w, https:\/\/www.vla-bag.ch\/wp-content\/uploads\/2022\/03\/vla-rucksack-black-masse-768x717.jpg 768w, https:\/\/www.vla-bag.ch\/wp-content\/uploads\/2022\/03\/vla-rucksack-black-masse-800x747.jpg 800w, https:\/\/www.vla-bag.ch\/wp-content\/uploads\/2022\/03\/vla-rucksack-black-masse.jpg 914w\" sizes=\"auto, (max-width: 300px) 100vw, 300px\" \/><\/p>\n","protected":false},"excerpt":{"rendered":"<p>Thoughtfully designed and versatile for everyday use and travel in premium cactus leather<\/p>\n","protected":false},"featured_media":4922,"template":"","meta":{"_seopress_robots_primary_cat":"none","_seopress_titles_title":"Gaia backpack Black Night - sustainable & handmade in Italy | vl\u00e0","_seopress_titles_desc":"Urban backpack crafted from sustainable cactus leather in Black Night. Functional, premium quality, and versatile \u2013 handcrafted in Italy, 100% vegan. ","_seopress_robots_index":""},"product_brand":[],"product_cat":[48,49],"product_tag":[],"class_list":{"0":"post-5212","1":"product","2":"type-product","3":"status-publish","4":"has-post-thumbnail","6":"product_cat-all-bags","7":"product_cat-backpack","8":"sales-flash-overlay","9":"woocommerce-text-align-left","10":"woocommerce-image-align-center","11":"do-quantity-buttons","12":"wc-has-gallery","14":"first","15":"instock","16":"shipping-taxable","17":"purchasable","18":"product-type-simple"},"_links":{"self":[{"href":"https:\/\/www.vla-bag.ch\/en\/wp-json\/wp\/v2\/product\/5212","targetHints":{"allow":["GET"]}}],"collection":[{"href":"https:\/\/www.vla-bag.ch\/en\/wp-json\/wp\/v2\/product"}],"about":[{"href":"https:\/\/www.vla-bag.ch\/en\/wp-json\/wp\/v2\/types\/product"}],"wp:featuredmedia":[{"embeddable":true,"href":"https:\/\/www.vla-bag.ch\/en\/wp-json\/wp\/v2\/media\/4922"}],"wp:attachment":[{"href":"https:\/\/www.vla-bag.ch\/en\/wp-json\/wp\/v2\/media?parent=5212"}],"wp:term":[{"taxonomy":"product_brand","embeddable":true,"href":"https:\/\/www.vla-bag.ch\/en\/wp-json\/wp\/v2\/product_brand?post=5212"},{"taxonomy":"product_cat","embeddable":true,"href":"https:\/\/www.vla-bag.ch\/en\/wp-json\/wp\/v2\/product_cat?post=5212"},{"taxonomy":"product_tag","embeddable":true,"href":"https:\/\/www.vla-bag.ch\/en\/wp-json\/wp\/v2\/product_tag?post=5212"}],"curies":[{"name":"wp","href":"https:\/\/api.w.org\/{rel}","templated":true}]}}