{"id":5209,"date":"2022-03-09T15:43:39","date_gmt":"2022-03-09T14:43:39","guid":{"rendered":"https:\/\/www.vla-bag.ch\/produkt\/dario-beige-sand\/"},"modified":"2026-03-31T15:31:30","modified_gmt":"2026-03-31T13:31:30","slug":"dario-beige-sand","status":"publish","type":"product","link":"https:\/\/www.vla-bag.ch\/en\/produkt\/dario-beige-sand\/","title":{"rendered":"Dario Beige Sand"},"content":{"rendered":"<p><strong>Dario Weekend Bag Beige Sand<\/strong><\/p>\n<p data-start=\"214\" data-end=\"466\">Dario is our weekend bag with clean lines and thoughtful construction. It offers generous space for everything you need for short trips or weekend getaways, and its functional interior layout ensures clarity and organization. The matte surface made from sustainable cactus leather feels pleasant and gives the bag its calm, modern character. Dario is spacious, versatile and reliable \u2013 ideal for travel, sports or on the go.   <\/p>\n<p data-start=\"694\" data-end=\"791\">Designed in Zurich, handcrafted in Italy \u2013 ethically produced with high-quality materials<\/p>\n<p>&nbsp;<\/p>\n<p data-start=\"840\" data-end=\"869\"><strong data-start=\"843\" data-end=\"869\">Production &amp; Material<\/strong><\/p>\n<ul>\n<li data-start=\"871\" data-end=\"999\">Handcrafted in a family-run workshop in Italy<\/li>\n<li data-start=\"871\" data-end=\"999\">Vegan<\/li>\n<li data-start=\"871\" data-end=\"999\">Sustainable base material with a matte cactus leather surface<\/li>\n<\/ul>\n<p data-start=\"1006\" data-end=\"1029\"><strong data-start=\"1009\" data-end=\"1029\">Design &amp; Comfort<\/strong><\/p>\n<ul>\n<li data-start=\"1031\" data-end=\"1240\">Two carrying handles for flexible carrying<\/li>\n<li data-start=\"1031\" data-end=\"1240\">Removable, adjustable fabric shoulder strap with cactus leather detail<\/li>\n<li data-start=\"1031\" data-end=\"1240\">Soft structure for comfortable carrying<\/li>\n<li data-start=\"1031\" data-end=\"1240\">Matte cactus leather surface with a pleasant feel<\/li>\n<\/ul>\n<p data-start=\"1247\" data-end=\"1269\"><strong data-start=\"1250\" data-end=\"1269\">Interior layout<\/strong><\/p>\n<ul>\n<li data-start=\"1271\" data-end=\"1444\">Large main compartment<\/li>\n<li data-start=\"1271\" data-end=\"1444\">Three open compartments for phone or documents<\/li>\n<li data-start=\"1271\" data-end=\"1444\">Two zip compartments<\/li>\n<li data-start=\"1271\" data-end=\"1444\">Zip can be opened wide at the side for easy access<\/li>\n<\/ul>\n<p data-start=\"1451\" data-end=\"1473\"><strong data-start=\"1454\" data-end=\"1473\">Details &amp; Dimensions<\/strong><\/p>\n<ul>\n<li>Metal feet to protect the bag<\/li>\n<li>With viscose dust bag<\/li>\n<li>Weight: 950 g<\/li>\n<li>Size: 48 \u00d7 31 \u00d7 23 cm (W \u00d7 H \u00d7 D)<\/li>\n<\/ul>\n<p><img loading=\"lazy\" decoding=\"async\" class=\"alignnone size-medium wp-image-4311\" src=\"https:\/\/www.vla-bag.ch\/wp-content\/uploads\/2023\/10\/vla-weekender-beige-masse-300x234.jpg\" alt=\"\" width=\"300\" height=\"234\" srcset=\"https:\/\/www.vla-bag.ch\/wp-content\/uploads\/2023\/10\/vla-weekender-beige-masse-300x234.jpg 300w, https:\/\/www.vla-bag.ch\/wp-content\/uploads\/2023\/10\/vla-weekender-beige-masse-768x598.jpg 768w, https:\/\/www.vla-bag.ch\/wp-content\/uploads\/2023\/10\/vla-weekender-beige-masse-800x623.jpg 800w, https:\/\/www.vla-bag.ch\/wp-content\/uploads\/2023\/10\/vla-weekender-beige-masse.jpg 921w\" sizes=\"auto, (max-width: 300px) 100vw, 300px\" \/><\/p>\n","protected":false},"excerpt":{"rendered":"<p>For short trips, weekends and sports in premium cactus leather<\/p>\n","protected":false},"featured_media":4925,"template":"","meta":{"_seopress_robots_primary_cat":"none","_seopress_titles_title":"Dario Weekend Bag - sustainable & handmade in Italy | vl\u00e0","_seopress_titles_desc":"Characterful weekend bag in Red Wine made from sustainable cactus leather. Thoughtfully designed and crafted to a high standard \u2013 handmade in Italy, 100% vegan. ","_seopress_robots_index":""},"product_brand":[],"product_cat":[48,47],"product_tag":[],"class_list":{"0":"post-5209","1":"product","2":"type-product","3":"status-publish","4":"has-post-thumbnail","6":"product_cat-all-bags","7":"product_cat-weekend-bag-en","8":"sales-flash-overlay","9":"woocommerce-text-align-left","10":"woocommerce-image-align-center","11":"do-quantity-buttons","12":"wc-has-gallery","14":"first","15":"instock","16":"shipping-taxable","17":"purchasable","18":"product-type-simple"},"_links":{"self":[{"href":"https:\/\/www.vla-bag.ch\/en\/wp-json\/wp\/v2\/product\/5209","targetHints":{"allow":["GET"]}}],"collection":[{"href":"https:\/\/www.vla-bag.ch\/en\/wp-json\/wp\/v2\/product"}],"about":[{"href":"https:\/\/www.vla-bag.ch\/en\/wp-json\/wp\/v2\/types\/product"}],"wp:featuredmedia":[{"embeddable":true,"href":"https:\/\/www.vla-bag.ch\/en\/wp-json\/wp\/v2\/media\/4925"}],"wp:attachment":[{"href":"https:\/\/www.vla-bag.ch\/en\/wp-json\/wp\/v2\/media?parent=5209"}],"wp:term":[{"taxonomy":"product_brand","embeddable":true,"href":"https:\/\/www.vla-bag.ch\/en\/wp-json\/wp\/v2\/product_brand?post=5209"},{"taxonomy":"product_cat","embeddable":true,"href":"https:\/\/www.vla-bag.ch\/en\/wp-json\/wp\/v2\/product_cat?post=5209"},{"taxonomy":"product_tag","embeddable":true,"href":"https:\/\/www.vla-bag.ch\/en\/wp-json\/wp\/v2\/product_tag?post=5209"}],"curies":[{"name":"wp","href":"https:\/\/api.w.org\/{rel}","templated":true}]}}